{"id":38134,"date":"2015-02-23T01:01:10","date_gmt":"2015-02-23T06:01:10","guid":{"rendered":"https:\/\/www.lessence-ciel.com\/?post_type=product&#038;p=38134"},"modified":"2018-11-25T16:51:16","modified_gmt":"2018-11-25T21:51:16","slug":"mandalas-diffuseurs-de-lumiere-2","status":"publish","type":"product","link":"https:\/\/www.lessence-ciel.com\/en\/products-store\/mandalas-diffuseurs-de-lumiere-2\/","title":{"rendered":"Mandalas diffuseurs de lumi\u00e8re"},"content":{"rendered":"<p style=\"text-align: justify;\">Avec notre mode de vie actuel tout se d\u00e9roule \u00e0 vitesse excessive, la dimension mat\u00e9rielle prend une importance d\u00e9mesur\u00e9e et il ne nous reste que peu de temps \u00e0 consacrer \u00e0 notre dimension spirituelle. Ces cartes \u00e0 m\u00e9diter sont un moyen simple et efficace de retrouver la s\u00e9r\u00e9nit\u00e9 et la paix int\u00e9rieure. Quelques minutes par jour suffiront \u00e0 cr\u00e9er une dynamique bienfaisante qui se r\u00e9percutera \u00e0 plusieurs niveaux de notre vie. Chacune de ces 31 cartes est illustr\u00e9e d&#8217;un mandala vibratoire qui permet une ouverture de soi vers l&#8217;Univers. Chaque mandala est accompagn\u00e9 d&#8217;une pens\u00e9e positive, un message de lumi\u00e8re qui servira \u00e0 alimenter notre source int\u00e9rieure. Une lumi\u00e8re \u00e0 accueillir et \u00e0 faire grandir dans notre moi profond pour ensuite la partager avec l&#8217;Univers.<\/p>\n","protected":false},"excerpt":{"rendered":"<p>Avec notre mode de vie actuel tout se d\u00e9roule \u00e0 vitesse excessive, la dimension mat\u00e9rielle prend une importance d\u00e9mesur\u00e9e et il ne nous reste que peu de temps \u00e0 consacrer \u00e0 notre dimension spirituelle. Ces cartes \u00e0 m\u00e9diter sont un moyen simple et efficace de retrouver la s\u00e9r\u00e9nit\u00e9 et la [&hellip;]<\/p>\n","protected":false},"featured_media":62263,"template":"","meta":{"_acf_changed":false,"wds_primary_classe-produit":0,"wds_primary_categories-produits":0,"wds_primary_thematique":0,"wds_primary_product_brand":0,"wds_primary_product_cat":0},"classe-produit":[380,366],"categories-produits":[],"thematique":[931,935,533],"product_brand":[],"class_list":{"0":"post-38134","1":"product","2":"type-product","3":"status-publish","4":"has-post-thumbnail","6":"classe-produit-oracles-en","7":"classe-produit-visionary-tools","8":"thematique-intuition-psychic-development-mediums","9":"thematique-meditation-visualization","10":"thematique-minds-sanctuary","12":"first","13":"instock","14":"taxable","15":"shipping-taxable","16":"purchasable","17":"product-type-simple"},"acf":{"modele_type":"blog","modele_email":"single","acf-general_shortdesc":"","modele_single":{"lead_magnet":"","lead_click":"","post_hasvideo":"no","video_associee":{"post_video":"","description_video":"","thumb_video":null}},"modele_default":{"desc":"","lead_click":"Clique ici pour plus d'information"},"modele_hook":{"image_height":null,"lead_magnet":"","key_phase":"","desc":"","lead_click":"Clique ici pour plus d'information"},"modele_bullets":{"image_height":null,"bullets":null,"lead_click":"Clique ici pour plus d'information"}},"_links":{"self":[{"href":"https:\/\/www.lessence-ciel.com\/en\/wp-json\/wp\/v2\/product\/38134","targetHints":{"allow":["GET"]}}],"collection":[{"href":"https:\/\/www.lessence-ciel.com\/en\/wp-json\/wp\/v2\/product"}],"about":[{"href":"https:\/\/www.lessence-ciel.com\/en\/wp-json\/wp\/v2\/types\/product"}],"wp:featuredmedia":[{"embeddable":true,"href":"https:\/\/www.lessence-ciel.com\/en\/wp-json\/wp\/v2\/media\/62263"}],"wp:attachment":[{"href":"https:\/\/www.lessence-ciel.com\/en\/wp-json\/wp\/v2\/media?parent=38134"}],"wp:term":[{"taxonomy":"classe-produit","embeddable":true,"href":"https:\/\/www.lessence-ciel.com\/en\/wp-json\/wp\/v2\/classe-produit?post=38134"},{"taxonomy":"categories-produits","embeddable":true,"href":"https:\/\/www.lessence-ciel.com\/en\/wp-json\/wp\/v2\/categories-produits?post=38134"},{"taxonomy":"thematique","embeddable":true,"href":"https:\/\/www.lessence-ciel.com\/en\/wp-json\/wp\/v2\/thematique?post=38134"},{"taxonomy":"product_brand","embeddable":true,"href":"https:\/\/www.lessence-ciel.com\/en\/wp-json\/wp\/v2\/product_brand?post=38134"}],"curies":[{"name":"wp","href":"https:\/\/api.w.org\/{rel}","templated":true}]}}