{"id":38137,"date":"2015-02-23T01:01:11","date_gmt":"2015-02-23T06:01:11","guid":{"rendered":"https:\/\/www.lessence-ciel.com\/?post_type=product&#038;p=38137"},"modified":"2018-11-25T13:12:20","modified_gmt":"2018-11-25T18:12:20","slug":"cartes-oracles-guerir-avec-les-fees-2","status":"publish","type":"product","link":"https:\/\/www.lessence-ciel.com\/en\/products-store\/cartes-oracles-guerir-avec-les-fees-2\/","title":{"rendered":"Cartes oracles: Gu\u00e9rir avec les f\u00e9es"},"content":{"rendered":"<p style=\"text-align: justify;\"><span id=\"ctl09_ctl01_mz1Div_ctl00_ctl00_lblResumeValue\" class=\"lblResumeValue\">Les f\u00e9es sont de puissants anges gardiens de la nature qui peuvent vous aider \u00e0 am\u00e9liorer votre sant\u00e9, vos relations, votre estime de soi et votre carri\u00e8re de fa\u00e7on miraculeuse. Gr\u00e2ce \u00e0 ces 44 cartes oracles, vous explorerez en profondeur le fascinant royaume des f\u00e9es. Elles vous apprendront \u00e0 accro\u00eetre votre confiance et votre force int\u00e9rieure, en vous montrant comment vous aimer et vous respecter toujours davantage. En suivant les explications du livret, vous apprendrez \u00e0 faire des lectures pr\u00e9cises et profitables pour vous-m\u00eame et vos proches. Ce coffret ne contient aucune image effrayante ni aucun texte n\u00e9gatif, car Dieu et les anges de la nature vous aiment profond\u00e9ment!<\/span><\/p>\n<p style=\"text-align: justify;\"><span class=\"lblResumeValue\" style=\"font-family: Verdana;\">\u00a0<\/span><\/p>\n","protected":false},"excerpt":{"rendered":"<p>Les f\u00e9es sont de puissants anges gardiens de la nature qui peuvent vous aider \u00e0 am\u00e9liorer votre sant\u00e9, vos relations, votre estime de soi et votre carri\u00e8re de fa\u00e7on miraculeuse. Gr\u00e2ce \u00e0 ces 44 cartes oracles, vous explorerez en profondeur le fascinant royaume des f\u00e9es. Elles vous apprendront \u00e0 accro\u00eetre [&hellip;]<\/p>\n","protected":false},"featured_media":61660,"template":"","meta":{"_acf_changed":false,"wds_primary_classe-produit":0,"wds_primary_categories-produits":0,"wds_primary_thematique":0,"wds_primary_product_brand":0,"wds_primary_product_cat":0},"classe-produit":[380,366],"categories-produits":[],"thematique":[832,856,531],"product_brand":[],"class_list":{"0":"post-38137","1":"product","2":"type-product","3":"status-publish","4":"has-post-thumbnail","6":"classe-produit-oracles-en","7":"classe-produit-visionary-tools","8":"thematique-earth-medicine","9":"thematique-fairies-nature-spirits","10":"thematique-natures-realm","12":"first","13":"instock","14":"taxable","15":"shipping-taxable","16":"purchasable","17":"product-type-simple"},"acf":{"modele_type":"blog","modele_email":"single","acf-general_shortdesc":"","modele_single":{"lead_magnet":"","lead_click":"","post_hasvideo":"no","video_associee":{"post_video":"","description_video":"","thumb_video":null}},"modele_default":{"desc":"","lead_click":"Clique ici pour plus d'information"},"modele_hook":{"image_height":null,"lead_magnet":"","key_phase":"","desc":"","lead_click":"Clique ici pour plus d'information"},"modele_bullets":{"image_height":null,"bullets":null,"lead_click":"Clique ici pour plus d'information"}},"_links":{"self":[{"href":"https:\/\/www.lessence-ciel.com\/en\/wp-json\/wp\/v2\/product\/38137","targetHints":{"allow":["GET"]}}],"collection":[{"href":"https:\/\/www.lessence-ciel.com\/en\/wp-json\/wp\/v2\/product"}],"about":[{"href":"https:\/\/www.lessence-ciel.com\/en\/wp-json\/wp\/v2\/types\/product"}],"wp:featuredmedia":[{"embeddable":true,"href":"https:\/\/www.lessence-ciel.com\/en\/wp-json\/wp\/v2\/media\/61660"}],"wp:attachment":[{"href":"https:\/\/www.lessence-ciel.com\/en\/wp-json\/wp\/v2\/media?parent=38137"}],"wp:term":[{"taxonomy":"classe-produit","embeddable":true,"href":"https:\/\/www.lessence-ciel.com\/en\/wp-json\/wp\/v2\/classe-produit?post=38137"},{"taxonomy":"categories-produits","embeddable":true,"href":"https:\/\/www.lessence-ciel.com\/en\/wp-json\/wp\/v2\/categories-produits?post=38137"},{"taxonomy":"thematique","embeddable":true,"href":"https:\/\/www.lessence-ciel.com\/en\/wp-json\/wp\/v2\/thematique?post=38137"},{"taxonomy":"product_brand","embeddable":true,"href":"https:\/\/www.lessence-ciel.com\/en\/wp-json\/wp\/v2\/product_brand?post=38137"}],"curies":[{"name":"wp","href":"https:\/\/api.w.org\/{rel}","templated":true}]}}