{"id":38140,"date":"2015-02-23T01:01:12","date_gmt":"2015-02-23T06:01:12","guid":{"rendered":"https:\/\/www.lessence-ciel.com\/?post_type=product&#038;p=38140"},"modified":"2018-12-02T12:06:38","modified_gmt":"2018-12-02T17:06:38","slug":"nouvelle-terre-4","status":"publish","type":"product","link":"https:\/\/www.lessence-ciel.com\/en\/products-store\/nouvelle-terre-4\/","title":{"rendered":"Nouvelle Terre"},"content":{"rendered":"<p style=\"text-align: justify;\"><span id=\"ctl09_ctl01_mz1Div_ctl00_ctl00_lblResumeValue\" class=\"lblResumeValue\">Dans ce tout nouveau jeu de cartes, l&#8217;auteur, Eckhart Tolle, a minutieusement choisi les passages les plus riches de son livre \u00e0 grand succ\u00e8s Nouvelle Terre. Son but est d&#8217;amener toute personne \u00e0 vivre plus en profondeur la sagesse et l&#8217;inspiration pr\u00e9sentes dans cet ouvrage. Chaque passage s\u00e9lectionn\u00e9 renforce le principe m\u00eame du livre : accompagner chacun vers une transformation globale de son \u00eatre.<\/span><\/p>\n<p style=\"text-align: justify;\"><span class=\"lblResumeValue\" style=\"font-family: Verdana;\">\u00a0<\/span><\/p>\n","protected":false},"excerpt":{"rendered":"<p>Dans ce tout nouveau jeu de cartes, l&#8217;auteur, Eckhart Tolle, a minutieusement choisi les passages les plus riches de son livre \u00e0 grand succ\u00e8s Nouvelle Terre. Son but est d&#8217;amener toute personne \u00e0 vivre plus en profondeur la sagesse et l&#8217;inspiration pr\u00e9sentes dans cet ouvrage. Chaque passage s\u00e9lectionn\u00e9 renforce le [&hellip;]<\/p>\n","protected":false},"featured_media":62385,"template":"","meta":{"_acf_changed":false,"wds_primary_classe-produit":0,"wds_primary_categories-produits":0,"wds_primary_thematique":0,"wds_primary_product_brand":0,"wds_primary_product_cat":0},"classe-produit":[380,366],"categories-produits":[],"thematique":[533,968],"product_brand":[],"class_list":{"0":"post-38140","1":"product","2":"type-product","3":"status-publish","4":"has-post-thumbnail","6":"classe-produit-oracles-en","7":"classe-produit-visionary-tools","8":"thematique-minds-sanctuary","9":"thematique-uplifting-the-mind","11":"first","12":"instock","13":"taxable","14":"shipping-taxable","15":"purchasable","16":"product-type-simple"},"acf":{"modele_type":"blog","modele_email":"single","acf-general_shortdesc":"","modele_single":{"lead_magnet":"","lead_click":"","post_hasvideo":"no","video_associee":{"post_video":"","description_video":"","thumb_video":null}},"modele_default":{"desc":"","lead_click":"Clique ici pour plus d'information"},"modele_hook":{"image_height":null,"lead_magnet":"","key_phase":"","desc":"","lead_click":"Clique ici pour plus d'information"},"modele_bullets":{"image_height":null,"bullets":null,"lead_click":"Clique ici pour plus d'information"}},"_links":{"self":[{"href":"https:\/\/www.lessence-ciel.com\/en\/wp-json\/wp\/v2\/product\/38140","targetHints":{"allow":["GET"]}}],"collection":[{"href":"https:\/\/www.lessence-ciel.com\/en\/wp-json\/wp\/v2\/product"}],"about":[{"href":"https:\/\/www.lessence-ciel.com\/en\/wp-json\/wp\/v2\/types\/product"}],"wp:featuredmedia":[{"embeddable":true,"href":"https:\/\/www.lessence-ciel.com\/en\/wp-json\/wp\/v2\/media\/62385"}],"wp:attachment":[{"href":"https:\/\/www.lessence-ciel.com\/en\/wp-json\/wp\/v2\/media?parent=38140"}],"wp:term":[{"taxonomy":"classe-produit","embeddable":true,"href":"https:\/\/www.lessence-ciel.com\/en\/wp-json\/wp\/v2\/classe-produit?post=38140"},{"taxonomy":"categories-produits","embeddable":true,"href":"https:\/\/www.lessence-ciel.com\/en\/wp-json\/wp\/v2\/categories-produits?post=38140"},{"taxonomy":"thematique","embeddable":true,"href":"https:\/\/www.lessence-ciel.com\/en\/wp-json\/wp\/v2\/thematique?post=38140"},{"taxonomy":"product_brand","embeddable":true,"href":"https:\/\/www.lessence-ciel.com\/en\/wp-json\/wp\/v2\/product_brand?post=38140"}],"curies":[{"name":"wp","href":"https:\/\/api.w.org\/{rel}","templated":true}]}}