{"id":38143,"date":"2015-02-23T01:01:13","date_gmt":"2015-02-23T06:01:13","guid":{"rendered":"https:\/\/www.lessence-ciel.com\/?post_type=product&#038;p=38143"},"modified":"2018-12-23T14:47:29","modified_gmt":"2018-12-23T19:47:29","slug":"cartes-secrets-des-anges","status":"publish","type":"product","link":"https:\/\/www.lessence-ciel.com\/en\/products-store\/cartes-secrets-des-anges\/","title":{"rendered":"Cartes Secrets des anges"},"content":{"rendered":"<p style=\"text-align: justify;\">Un coffret-cadeau formidable comprenant 48 cartes des anges et un guide d&#8217;accompagnement illustr\u00e9, de l&#8217;auteure \u00e0 succ\u00e8s Jacky Newcomb, \u00abla dame des anges\u00bb. Utilisez ces cartes inspirantes afin d&#8217;inviter les anges dans votre vie et trouver une guidance quotidienne. Le guide d&#8217;accompagnement, magnifiquement illustr\u00e9, vous montre comment interpr\u00e9ter et utiliser les cartes, vous permettant d&#8217;invoquer l&#8217;aide des anges dans les probl\u00e8mes de la vie, peu importe l&#8217;heure ou le lieu.<\/p>\n","protected":false},"excerpt":{"rendered":"<p>Un coffret-cadeau formidable comprenant 48 cartes des anges et un guide d&#8217;accompagnement illustr\u00e9, de l&#8217;auteure \u00e0 succ\u00e8s Jacky Newcomb, \u00abla dame des anges\u00bb. Utilisez ces cartes inspirantes afin d&#8217;inviter les anges dans votre vie et trouver une guidance quotidienne. Le guide d&#8217;accompagnement, magnifiquement illustr\u00e9, vous montre comment interpr\u00e9ter et utiliser [&hellip;]<\/p>\n","protected":false},"featured_media":61662,"template":"","meta":{"_acf_changed":false,"wds_primary_classe-produit":0,"wds_primary_categories-produits":0,"wds_primary_thematique":0,"wds_primary_product_brand":0,"wds_primary_product_cat":0},"classe-produit":[380,366],"categories-produits":[],"thematique":[529,747,745],"product_brand":[],"class_list":{"0":"post-38143","1":"product","2":"type-product","3":"status-publish","4":"has-post-thumbnail","6":"classe-produit-oracles-en","7":"classe-produit-visionary-tools","8":"thematique-angels-world","9":"thematique-angels","10":"thematique-angels-archangels","12":"first","13":"instock","14":"taxable","15":"shipping-taxable","16":"purchasable","17":"product-type-simple"},"acf":{"modele_type":"blog","modele_email":"single","acf-general_shortdesc":"","modele_single":{"lead_magnet":"","lead_click":"","post_hasvideo":"no","video_associee":{"post_video":"","description_video":"","thumb_video":null}},"modele_default":{"desc":"","lead_click":"Clique ici pour plus d'information"},"modele_hook":{"image_height":null,"lead_magnet":"","key_phase":"","desc":"","lead_click":"Clique ici pour plus d'information"},"modele_bullets":{"image_height":null,"bullets":null,"lead_click":"Clique ici pour plus d'information"}},"_links":{"self":[{"href":"https:\/\/www.lessence-ciel.com\/en\/wp-json\/wp\/v2\/product\/38143","targetHints":{"allow":["GET"]}}],"collection":[{"href":"https:\/\/www.lessence-ciel.com\/en\/wp-json\/wp\/v2\/product"}],"about":[{"href":"https:\/\/www.lessence-ciel.com\/en\/wp-json\/wp\/v2\/types\/product"}],"wp:featuredmedia":[{"embeddable":true,"href":"https:\/\/www.lessence-ciel.com\/en\/wp-json\/wp\/v2\/media\/61662"}],"wp:attachment":[{"href":"https:\/\/www.lessence-ciel.com\/en\/wp-json\/wp\/v2\/media?parent=38143"}],"wp:term":[{"taxonomy":"classe-produit","embeddable":true,"href":"https:\/\/www.lessence-ciel.com\/en\/wp-json\/wp\/v2\/classe-produit?post=38143"},{"taxonomy":"categories-produits","embeddable":true,"href":"https:\/\/www.lessence-ciel.com\/en\/wp-json\/wp\/v2\/categories-produits?post=38143"},{"taxonomy":"thematique","embeddable":true,"href":"https:\/\/www.lessence-ciel.com\/en\/wp-json\/wp\/v2\/thematique?post=38143"},{"taxonomy":"product_brand","embeddable":true,"href":"https:\/\/www.lessence-ciel.com\/en\/wp-json\/wp\/v2\/product_brand?post=38143"}],"curies":[{"name":"wp","href":"https:\/\/api.w.org\/{rel}","templated":true}]}}