{"id":38150,"date":"2015-02-23T01:01:16","date_gmt":"2015-02-23T06:01:16","guid":{"rendered":"https:\/\/www.lessence-ciel.com\/?post_type=enseignement&#038;p=38150"},"modified":"2018-11-25T12:59:00","modified_gmt":"2018-11-25T17:59:00","slug":"encens-blue-pearl-2","status":"publish","type":"product","link":"https:\/\/www.lessence-ciel.com\/en\/products-store\/encens-blue-pearl-2\/","title":{"rendered":"Encens Blue Pearl"},"content":{"rendered":"<p>Blue Pearl repr\u00e9sente la quintessence des encens haute gamme de qualit\u00e9 sup\u00e9rieure. Cette collection offre des fragrances superbes en provenance de M\u00e8re Nature. C&#8217;est la Classic Champa de cette collection qui est la signature de l\u2019atmosph\u00e8re \u00e9tablis \u00e0 l\u2019Essence Ciel. D\u2019ailleurs c\u2019est notre meilleur vendeur car cette odeur plait \u00e0 notre client\u00e8le vari\u00e9e.<\/p>\n<p>&nbsp;<\/p>\n<p>&nbsp;<\/p>\n","protected":false},"excerpt":{"rendered":"<p>Blue Pearl repr\u00e9sente la quintessence des encens haute gamme de qualit\u00e9 sup\u00e9rieure. Cette collection offre des fragrances superbes en provenance de M\u00e8re Nature. C&#8217;est la Classic Champa de cette collection qui est la signature de l\u2019atmosph\u00e8re \u00e9tablis \u00e0 l\u2019Essence Ciel. D\u2019ailleurs c\u2019est notre meilleur vendeur car cette odeur plait \u00e0 [&hellip;]<\/p>\n","protected":false},"featured_media":61604,"template":"","meta":{"_acf_changed":false,"wds_primary_classe-produit":0,"wds_primary_categories-produits":0,"wds_primary_thematique":0,"wds_primary_product_brand":0,"wds_primary_product_cat":0},"classe-produit":[],"categories-produits":[],"thematique":[531,862,868],"product_brand":[],"class_list":{"0":"post-38150","1":"product","2":"type-product","3":"status-publish","4":"has-post-thumbnail","6":"thematique-natures-realm","7":"thematique-plants-trees-aromatherapy","8":"thematique-sage-purification","10":"first","11":"instock","12":"taxable","13":"shipping-taxable","14":"purchasable","15":"product-type-simple"},"acf":{"modele_type":"blog","modele_email":"single","acf-general_shortdesc":"","modele_single":{"lead_magnet":"","lead_click":"","post_hasvideo":"no","video_associee":{"post_video":"","description_video":"","thumb_video":null}},"modele_default":{"desc":"","lead_click":"Clique ici pour plus d'information"},"modele_hook":{"image_height":null,"lead_magnet":"","key_phase":"","desc":"","lead_click":"Clique ici pour plus d'information"},"modele_bullets":{"image_height":null,"bullets":null,"lead_click":"Clique ici pour plus d'information"}},"_links":{"self":[{"href":"https:\/\/www.lessence-ciel.com\/en\/wp-json\/wp\/v2\/product\/38150","targetHints":{"allow":["GET"]}}],"collection":[{"href":"https:\/\/www.lessence-ciel.com\/en\/wp-json\/wp\/v2\/product"}],"about":[{"href":"https:\/\/www.lessence-ciel.com\/en\/wp-json\/wp\/v2\/types\/product"}],"wp:featuredmedia":[{"embeddable":true,"href":"https:\/\/www.lessence-ciel.com\/en\/wp-json\/wp\/v2\/media\/61604"}],"wp:attachment":[{"href":"https:\/\/www.lessence-ciel.com\/en\/wp-json\/wp\/v2\/media?parent=38150"}],"wp:term":[{"taxonomy":"classe-produit","embeddable":true,"href":"https:\/\/www.lessence-ciel.com\/en\/wp-json\/wp\/v2\/classe-produit?post=38150"},{"taxonomy":"categories-produits","embeddable":true,"href":"https:\/\/www.lessence-ciel.com\/en\/wp-json\/wp\/v2\/categories-produits?post=38150"},{"taxonomy":"thematique","embeddable":true,"href":"https:\/\/www.lessence-ciel.com\/en\/wp-json\/wp\/v2\/thematique?post=38150"},{"taxonomy":"product_brand","embeddable":true,"href":"https:\/\/www.lessence-ciel.com\/en\/wp-json\/wp\/v2\/product_brand?post=38150"}],"curies":[{"name":"wp","href":"https:\/\/api.w.org\/{rel}","templated":true}]}}