{"id":38172,"date":"2015-02-23T01:01:19","date_gmt":"2015-02-23T06:01:19","guid":{"rendered":"https:\/\/www.lessence-ciel.com\/?post_type=product&#038;p=38172"},"modified":"2019-04-13T12:43:45","modified_gmt":"2019-04-13T16:43:45","slug":"parfum-essence-apaisante-chiiyaam","status":"publish","type":"product","link":"https:\/\/www.lessence-ciel.com\/en\/products-store\/parfum-essence-apaisante-chiiyaam\/","title":{"rendered":"Parfum Essence Apaisante CHIIYAAM"},"content":{"rendered":"<p><em>Chiiyaam<\/em>\u00a0est la premi\u00e8re des cr\u00e9ations d\u2019Aigle Bleu. Cette Essence Apaisante fait partie de la s\u00e9rie\u00a0<em>Les Essentiels<\/em>, de pr\u00e9cieux alli\u00e9s au quotidien.<\/p>\n<p><em>Chiiyaam<\/em>, qui portait auparavant le nom d\u2019<em>Encens Liquide<sup>MC<\/sup>\u00a0Invocation<\/em>, favorise la d\u00e9tente, le calme et la s\u00e9r\u00e9nit\u00e9.<\/p>\n<p><em>Chiiyaam<\/em>\u00a0est un mot algonquien qui signifie d\u2019ailleurs \u00ab Paix \u00bb. Chiiyaam est disponible en vaporisateurs de 15, 29 et 120 ml. C\u2019est en cherchant une alternative \u00e0 la fumigation traditionnelle, utilis\u00e9e pour purifier l\u2019environnement et les personnes, qu\u2019Aigle Bleu, homme-m\u00e9decine des Premi\u00e8res Nations, a \u00e9t\u00e9 amen\u00e9 \u00e0 cr\u00e9er\u00a0<em>Chiiyaam<\/em>. Cette Essence Apaisante est le r\u00e9sultat de l\u2019alliance des traditions ancestrales am\u00e9rindiennes et des techniques renomm\u00e9es de la parfumerie fran\u00e7aise.<\/p>\n<p><em>Chiiyaam<\/em>\u00a0contient 16 huiles essentielles et extraits de plantes, dont l\u2019assemblage subtilement dos\u00e9 selon une recette originale constitue une fragrance \u00e9vocatrice de la puissance des grandes for\u00eats originelles du Canada.<\/p>\n<p>Comme toutes les\u00a0<em>Essences Premi\u00e8res<\/em>\u00a0d\u2019Invocation,\u00a0<em>Chiiyaam<\/em>\u00a0est pr\u00e9par\u00e9 artisanalement, en petites quantit\u00e9s, dans nos ateliers, \u00e0 partir de plantes cueillies dans le respect de la nature. Son processus de fabrication dure quatorze mois. Aigle Bleu veille personnellement \u00e0 la qualit\u00e9 de chaque lot de<em>Chiiyaam<\/em>.<\/p>\n","protected":false},"excerpt":{"rendered":"<p>Chiiyaam\u00a0est la premi\u00e8re des cr\u00e9ations d\u2019Aigle Bleu. Cette Essence Apaisante fait partie de la s\u00e9rie\u00a0Les Essentiels, de pr\u00e9cieux alli\u00e9s au quotidien. Chiiyaam, qui portait auparavant le nom d\u2019Encens LiquideMC\u00a0Invocation, favorise la d\u00e9tente, le calme et la s\u00e9r\u00e9nit\u00e9. Chiiyaam\u00a0est un mot algonquien qui signifie d\u2019ailleurs \u00ab Paix \u00bb. Chiiyaam est disponible [&hellip;]<\/p>\n","protected":false},"featured_media":62454,"template":"","meta":{"_acf_changed":false,"wds_primary_classe-produit":0,"wds_primary_categories-produits":0,"wds_primary_thematique":0,"wds_primary_product_brand":0,"wds_primary_product_cat":0},"classe-produit":[416,389],"categories-produits":[],"thematique":[529,866,808,870,531,862,800,868],"product_brand":[],"class_list":{"0":"post-38172","1":"product","2":"type-product","3":"status-publish","4":"has-post-thumbnail","6":"classe-produit-essential-oils","7":"classe-produit-harmonization-tools","8":"thematique-angels-world","9":"thematique-aromatherapy","10":"thematique-energy-work","11":"thematique-herbal-therapy","12":"thematique-natures-realm","13":"thematique-plants-trees-aromatherapy","14":"thematique-reiki-light-work","15":"thematique-sage-purification","17":"first","18":"outofstock","19":"taxable","20":"shipping-taxable","21":"purchasable","22":"product-type-simple"},"acf":{"modele_type":"blog","modele_email":"single","acf-general_shortdesc":"","modele_single":{"lead_magnet":"","lead_click":"","post_hasvideo":"no","video_associee":{"post_video":"","description_video":"","thumb_video":null}},"modele_default":{"desc":"","lead_click":"Clique ici pour plus d'information"},"modele_hook":{"image_height":null,"lead_magnet":"","key_phase":"","desc":"","lead_click":"Clique ici pour plus d'information"},"modele_bullets":{"image_height":null,"bullets":null,"lead_click":"Clique ici pour plus d'information"}},"_links":{"self":[{"href":"https:\/\/www.lessence-ciel.com\/en\/wp-json\/wp\/v2\/product\/38172","targetHints":{"allow":["GET"]}}],"collection":[{"href":"https:\/\/www.lessence-ciel.com\/en\/wp-json\/wp\/v2\/product"}],"about":[{"href":"https:\/\/www.lessence-ciel.com\/en\/wp-json\/wp\/v2\/types\/product"}],"wp:featuredmedia":[{"embeddable":true,"href":"https:\/\/www.lessence-ciel.com\/en\/wp-json\/wp\/v2\/media\/62454"}],"wp:attachment":[{"href":"https:\/\/www.lessence-ciel.com\/en\/wp-json\/wp\/v2\/media?parent=38172"}],"wp:term":[{"taxonomy":"classe-produit","embeddable":true,"href":"https:\/\/www.lessence-ciel.com\/en\/wp-json\/wp\/v2\/classe-produit?post=38172"},{"taxonomy":"categories-produits","embeddable":true,"href":"https:\/\/www.lessence-ciel.com\/en\/wp-json\/wp\/v2\/categories-produits?post=38172"},{"taxonomy":"thematique","embeddable":true,"href":"https:\/\/www.lessence-ciel.com\/en\/wp-json\/wp\/v2\/thematique?post=38172"},{"taxonomy":"product_brand","embeddable":true,"href":"https:\/\/www.lessence-ciel.com\/en\/wp-json\/wp\/v2\/product_brand?post=38172"}],"curies":[{"name":"wp","href":"https:\/\/api.w.org\/{rel}","templated":true}]}}