{"id":38182,"date":"2015-02-23T01:01:21","date_gmt":"2015-02-23T06:01:21","guid":{"rendered":"https:\/\/www.lessence-ciel.com\/?post_type=product&#038;p=38182"},"modified":"2019-04-13T12:45:37","modified_gmt":"2019-04-13T16:45:37","slug":"cordelettes-d-ences-nepalais","status":"publish","type":"product","link":"https:\/\/www.lessence-ciel.com\/en\/products-store\/cordelettes-d-ences-nepalais\/","title":{"rendered":"Cordelettes d&#8217;ences N\u00e9palais"},"content":{"rendered":"<p>Encens traditionnel fait d&#8217;un m\u00e9lange d&#8217;herbes aromatiques roul\u00e9es dans du papier de riz et tordu pour former une cordelette. Utiliser pour calmer et r\u00e9-\u00e9quilibrer le mental ou comme offrande, dans les rituels.<\/p>\n<p>Contient les 8 herbes Asta sugandha: dhupi, agur, gokul, kut, sal, usir, yaryar et kapur.<\/p>\n<p>Pour br\u00fbler: d\u00e9poser sur un lit de cendres (ou de sable), dans un contenant ininflammable, ou sur un br\u00fbleur pour cordelettes.<\/p>\n","protected":false},"excerpt":{"rendered":"<p>Encens traditionnel fait d&#8217;un m\u00e9lange d&#8217;herbes aromatiques roul\u00e9es dans du papier de riz et tordu pour former une cordelette. Utiliser pour calmer et r\u00e9-\u00e9quilibrer le mental ou comme offrande, dans les rituels. Contient les 8 herbes Asta sugandha: dhupi, agur, gokul, kut, sal, usir, yaryar et kapur. Pour br\u00fbler: d\u00e9poser [&hellip;]<\/p>\n","protected":false},"featured_media":61739,"template":"","meta":{"_acf_changed":false,"wds_primary_classe-produit":0,"wds_primary_categories-produits":0,"wds_primary_thematique":0,"wds_primary_product_brand":0,"wds_primary_product_cat":0},"classe-produit":[461,482],"categories-produits":[],"thematique":[866,531,862,868],"product_brand":[],"class_list":{"0":"post-38182","1":"product","2":"type-product","3":"status-publish","4":"has-post-thumbnail","6":"classe-produit-ceremony-ritual-supplies","7":"classe-produit-incense","8":"thematique-aromatherapy","9":"thematique-natures-realm","10":"thematique-plants-trees-aromatherapy","11":"thematique-sage-purification","13":"first","14":"instock","15":"taxable","16":"shipping-taxable","17":"purchasable","18":"product-type-simple"},"acf":{"modele_type":"blog","modele_email":"single","acf-general_shortdesc":"","modele_single":{"lead_magnet":"","lead_click":"","post_hasvideo":"no","video_associee":{"post_video":"","description_video":"","thumb_video":null}},"modele_default":{"desc":"","lead_click":"Clique ici pour plus d'information"},"modele_hook":{"image_height":null,"lead_magnet":"","key_phase":"","desc":"","lead_click":"Clique ici pour plus d'information"},"modele_bullets":{"image_height":null,"bullets":null,"lead_click":"Clique ici pour plus d'information"}},"_links":{"self":[{"href":"https:\/\/www.lessence-ciel.com\/en\/wp-json\/wp\/v2\/product\/38182","targetHints":{"allow":["GET"]}}],"collection":[{"href":"https:\/\/www.lessence-ciel.com\/en\/wp-json\/wp\/v2\/product"}],"about":[{"href":"https:\/\/www.lessence-ciel.com\/en\/wp-json\/wp\/v2\/types\/product"}],"wp:featuredmedia":[{"embeddable":true,"href":"https:\/\/www.lessence-ciel.com\/en\/wp-json\/wp\/v2\/media\/61739"}],"wp:attachment":[{"href":"https:\/\/www.lessence-ciel.com\/en\/wp-json\/wp\/v2\/media?parent=38182"}],"wp:term":[{"taxonomy":"classe-produit","embeddable":true,"href":"https:\/\/www.lessence-ciel.com\/en\/wp-json\/wp\/v2\/classe-produit?post=38182"},{"taxonomy":"categories-produits","embeddable":true,"href":"https:\/\/www.lessence-ciel.com\/en\/wp-json\/wp\/v2\/categories-produits?post=38182"},{"taxonomy":"thematique","embeddable":true,"href":"https:\/\/www.lessence-ciel.com\/en\/wp-json\/wp\/v2\/thematique?post=38182"},{"taxonomy":"product_brand","embeddable":true,"href":"https:\/\/www.lessence-ciel.com\/en\/wp-json\/wp\/v2\/product_brand?post=38182"}],"curies":[{"name":"wp","href":"https:\/\/api.w.org\/{rel}","templated":true}]}}