{"id":38304,"date":"2015-02-23T01:01:50","date_gmt":"2015-02-23T06:01:50","guid":{"rendered":"https:\/\/www.lessence-ciel.com\/?post_type=product&#038;p=38304"},"modified":"2018-11-25T15:26:24","modified_gmt":"2018-11-25T20:26:24","slug":"la-magie-de-la-terre-2","status":"publish","type":"product","link":"https:\/\/www.lessence-ciel.com\/en\/products-store\/la-magie-de-la-terre-2\/","title":{"rendered":"La Magie de la Terre"},"content":{"rendered":"<p style=\"text-align: justify;\">La Terre communique avec nous de plusieurs fa\u00e7ons par l&#8217;entremise de l&#8217;esprit de ses diff\u00e9rents \u00e9l\u00e9ments. Steven D. Farmer s&#8217;en est inspir\u00e9 pour concevoir un jeu de 48 cartes oracles accompagn\u00e9es d&#8217;une description, d&#8217;une illustration et d&#8217;un message clair et concis pour chaque \u00e9l\u00e9ment d\u00e9peint. Utilisez-le r\u00e9guli\u00e8rement afin de recevoir des conseils judicieux sur tous les sujets qui vous pr\u00e9occupent. Le guide ci-inclus comporte des instructions faciles \u00e0 suivre, ainsi qu&#8217;une description \u00e9labor\u00e9e de chaque carte, assortie d&#8217;un message. Vous apprendrez \u00e0 interpr\u00e9ter les cartes avec pertinence et exactitude autant pour vous que pour les autres.<\/p>\n","protected":false},"excerpt":{"rendered":"<p>La Terre communique avec nous de plusieurs fa\u00e7ons par l&#8217;entremise de l&#8217;esprit de ses diff\u00e9rents \u00e9l\u00e9ments. Steven D. Farmer s&#8217;en est inspir\u00e9 pour concevoir un jeu de 48 cartes oracles accompagn\u00e9es d&#8217;une description, d&#8217;une illustration et d&#8217;un message clair et concis pour chaque \u00e9l\u00e9ment d\u00e9peint. Utilisez-le r\u00e9guli\u00e8rement afin de recevoir [&hellip;]<\/p>\n","protected":false},"featured_media":62035,"template":"","meta":{"_acf_changed":false,"wds_primary_classe-produit":0,"wds_primary_categories-produits":0,"wds_primary_thematique":0,"wds_primary_product_brand":0,"wds_primary_product_cat":0},"classe-produit":[380,366],"categories-produits":[],"thematique":[832,856,531],"product_brand":[],"class_list":{"0":"post-38304","1":"product","2":"type-product","3":"status-publish","4":"has-post-thumbnail","6":"classe-produit-oracles-en","7":"classe-produit-visionary-tools","8":"thematique-earth-medicine","9":"thematique-fairies-nature-spirits","10":"thematique-natures-realm","12":"first","13":"instock","14":"taxable","15":"shipping-taxable","16":"purchasable","17":"product-type-simple"},"acf":{"modele_type":"blog","modele_email":"single","acf-general_shortdesc":"","modele_single":{"lead_magnet":"","lead_click":"","post_hasvideo":"no","video_associee":{"post_video":"","description_video":"","thumb_video":null}},"modele_default":{"desc":"","lead_click":"Clique ici pour plus d'information"},"modele_hook":{"image_height":null,"lead_magnet":"","key_phase":"","desc":"","lead_click":"Clique ici pour plus d'information"},"modele_bullets":{"image_height":null,"bullets":null,"lead_click":"Clique ici pour plus d'information"}},"_links":{"self":[{"href":"https:\/\/www.lessence-ciel.com\/en\/wp-json\/wp\/v2\/product\/38304","targetHints":{"allow":["GET"]}}],"collection":[{"href":"https:\/\/www.lessence-ciel.com\/en\/wp-json\/wp\/v2\/product"}],"about":[{"href":"https:\/\/www.lessence-ciel.com\/en\/wp-json\/wp\/v2\/types\/product"}],"wp:featuredmedia":[{"embeddable":true,"href":"https:\/\/www.lessence-ciel.com\/en\/wp-json\/wp\/v2\/media\/62035"}],"wp:attachment":[{"href":"https:\/\/www.lessence-ciel.com\/en\/wp-json\/wp\/v2\/media?parent=38304"}],"wp:term":[{"taxonomy":"classe-produit","embeddable":true,"href":"https:\/\/www.lessence-ciel.com\/en\/wp-json\/wp\/v2\/classe-produit?post=38304"},{"taxonomy":"categories-produits","embeddable":true,"href":"https:\/\/www.lessence-ciel.com\/en\/wp-json\/wp\/v2\/categories-produits?post=38304"},{"taxonomy":"thematique","embeddable":true,"href":"https:\/\/www.lessence-ciel.com\/en\/wp-json\/wp\/v2\/thematique?post=38304"},{"taxonomy":"product_brand","embeddable":true,"href":"https:\/\/www.lessence-ciel.com\/en\/wp-json\/wp\/v2\/product_brand?post=38304"}],"curies":[{"name":"wp","href":"https:\/\/api.w.org\/{rel}","templated":true}]}}