{"id":38307,"date":"2015-02-23T01:01:51","date_gmt":"2015-02-23T06:01:51","guid":{"rendered":"https:\/\/www.lessence-ciel.com\/?post_type=product&#038;p=38307"},"modified":"2019-05-24T19:23:10","modified_gmt":"2019-05-24T23:23:10","slug":"dialoguer-avec-le-ciel","status":"publish","type":"product","link":"https:\/\/www.lessence-ciel.com\/en\/products-store\/dialoguer-avec-le-ciel\/","title":{"rendered":"Dialoguer avec le Ciel"},"content":{"rendered":"<p style=\"text-align: justify;\"><span id=\"ctl09_ctl01_mz1Div_ctl00_ctl00_lblResumeValue\" class=\"lblResumeValue\">Vos proches dans le Ciel souhaitent vous parler. Ils veulent vous transmettre leur amour et leur r\u00e9confort pour vous aider \u00e0 gu\u00e9rir et \u00e0 faire votre deuil. Gr\u00e2ce aux Cartes de m\u00e9diumnit\u00e9 pour dialoguer avec le Ciel, vous pouvez poser une question \u00e0 un ami ou \u00e0 un parent disparu et recevoir une r\u00e9ponse au moyen des 44 cartes magnifiques de ce jeu et des messages du livret d&#8217;accompagnement. Doreen Virtue et James Van Praagh ont puis\u00e9 dans leurs ann\u00e9es d&#8217;exp\u00e9rience en tant que conseillers spirituels pour vous offrir une cl\u00e9 de gu\u00e9rison qui favorisera la clart\u00e9 de vos conversations avec le Ciel.<\/span><\/p>\n<p style=\"text-align: justify;\"><span class=\"lblResumeValue\" style=\"font-family: Verdana;\">&nbsp;<\/span><\/p>\n","protected":false},"excerpt":{"rendered":"<p>Vos proches dans le Ciel souhaitent vous parler. Ils veulent vous transmettre leur amour et leur r\u00e9confort pour vous aider \u00e0 gu\u00e9rir et \u00e0 faire votre deuil. Gr\u00e2ce aux Cartes de m\u00e9diumnit\u00e9 pour dialoguer avec le Ciel, vous pouvez poser une question \u00e0 un ami ou \u00e0 un parent disparu [&hellip;]<\/p>\n","protected":false},"featured_media":51278,"template":"","meta":{"_acf_changed":false,"wds_primary_classe-produit":0,"wds_primary_categories-produits":0,"wds_primary_thematique":0,"wds_primary_product_brand":0,"wds_primary_product_cat":0},"classe-produit":[380,366],"categories-produits":[],"thematique":[658,529,747,745,686,524],"product_brand":[],"class_list":{"0":"post-38307","1":"product","2":"type-product","3":"status-publish","4":"has-post-thumbnail","6":"classe-produit-oracles-en","7":"classe-produit-visionary-tools","8":"thematique-afterworld","9":"thematique-angels-world","10":"thematique-angels","11":"thematique-angels-archangels","12":"thematique-messages-from-beyond","13":"thematique-souls-garden","15":"first","16":"instock","17":"taxable","18":"shipping-taxable","19":"purchasable","20":"product-type-simple"},"acf":{"modele_type":"blog","modele_email":"single","acf-general_shortdesc":"","modele_single":{"lead_magnet":"","lead_click":"","post_hasvideo":"no","video_associee":{"post_video":"","description_video":"","thumb_video":null}},"modele_default":{"desc":"","lead_click":"Clique ici pour plus d'information"},"modele_hook":{"image_height":null,"lead_magnet":"","key_phase":"","desc":"","lead_click":"Clique ici pour plus d'information"},"modele_bullets":{"image_height":null,"bullets":null,"lead_click":"Clique ici pour plus d'information"}},"_links":{"self":[{"href":"https:\/\/www.lessence-ciel.com\/en\/wp-json\/wp\/v2\/product\/38307","targetHints":{"allow":["GET"]}}],"collection":[{"href":"https:\/\/www.lessence-ciel.com\/en\/wp-json\/wp\/v2\/product"}],"about":[{"href":"https:\/\/www.lessence-ciel.com\/en\/wp-json\/wp\/v2\/types\/product"}],"wp:featuredmedia":[{"embeddable":true,"href":"https:\/\/www.lessence-ciel.com\/en\/wp-json\/wp\/v2\/media\/51278"}],"wp:attachment":[{"href":"https:\/\/www.lessence-ciel.com\/en\/wp-json\/wp\/v2\/media?parent=38307"}],"wp:term":[{"taxonomy":"classe-produit","embeddable":true,"href":"https:\/\/www.lessence-ciel.com\/en\/wp-json\/wp\/v2\/classe-produit?post=38307"},{"taxonomy":"categories-produits","embeddable":true,"href":"https:\/\/www.lessence-ciel.com\/en\/wp-json\/wp\/v2\/categories-produits?post=38307"},{"taxonomy":"thematique","embeddable":true,"href":"https:\/\/www.lessence-ciel.com\/en\/wp-json\/wp\/v2\/thematique?post=38307"},{"taxonomy":"product_brand","embeddable":true,"href":"https:\/\/www.lessence-ciel.com\/en\/wp-json\/wp\/v2\/product_brand?post=38307"}],"curies":[{"name":"wp","href":"https:\/\/api.w.org\/{rel}","templated":true}]}}