{"id":38310,"date":"2015-02-23T01:01:52","date_gmt":"2015-02-23T06:01:52","guid":{"rendered":"https:\/\/www.lessence-ciel.com\/?post_type=product&#038;p=38310"},"modified":"2018-12-02T12:52:42","modified_gmt":"2018-12-02T17:52:42","slug":"prosperite-2","status":"publish","type":"product","link":"https:\/\/www.lessence-ciel.com\/en\/products-store\/prosperite-2\/","title":{"rendered":"Prosp\u00e9rit\u00e9"},"content":{"rendered":"<p style=\"text-align: justify;\"><span id=\"ctl09_ctl01_mz1Div_ctl00_ctl00_lblResumeValue\" class=\"lblResumeValue\">Accueillez la prosp\u00e9rit. Gr\u00e2ce \u00e0 ce jeu de 56 cartes de pens\u00e9es du cour. Le hasard n&#8217;existe pas: vous seul \u00eates ma\u00eetre de votre destin\u00e9e et ces cartes vous offrent des messages ayant pour but de vous aider \u00e0 atteindre vos objectifs personnels.<br \/>\n<\/span><\/p>\n<p style=\"text-align: justify;\"><span class=\"lblResumeValue\" style=\"font-family: Verdana;\">\u00a0<\/span><\/p>\n","protected":false},"excerpt":{"rendered":"<p>Accueillez la prosp\u00e9rit. Gr\u00e2ce \u00e0 ce jeu de 56 cartes de pens\u00e9es du cour. Le hasard n&#8217;existe pas: vous seul \u00eates ma\u00eetre de votre destin\u00e9e et ces cartes vous offrent des messages ayant pour but de vous aider \u00e0 atteindre vos objectifs personnels. \u00a0<\/p>\n","protected":false},"featured_media":62518,"template":"","meta":{"_acf_changed":false,"wds_primary_classe-produit":0,"wds_primary_categories-produits":0,"wds_primary_thematique":0,"wds_primary_product_brand":0,"wds_primary_product_cat":0},"classe-produit":[380,366],"categories-produits":[],"thematique":[974,533,968],"product_brand":[],"class_list":{"0":"post-38310","1":"product","2":"type-product","3":"status-publish","4":"has-post-thumbnail","6":"classe-produit-oracles-en","7":"classe-produit-visionary-tools","8":"thematique-coaching-motivation","9":"thematique-minds-sanctuary","10":"thematique-uplifting-the-mind","12":"first","13":"instock","14":"taxable","15":"shipping-taxable","16":"purchasable","17":"product-type-simple"},"acf":{"modele_type":"blog","modele_email":"single","acf-general_shortdesc":"","modele_single":{"lead_magnet":"","lead_click":"","post_hasvideo":"no","video_associee":{"post_video":"","description_video":"","thumb_video":null}},"modele_default":{"desc":"","lead_click":"Clique ici pour plus d'information"},"modele_hook":{"image_height":null,"lead_magnet":"","key_phase":"","desc":"","lead_click":"Clique ici pour plus d'information"},"modele_bullets":{"image_height":null,"bullets":null,"lead_click":"Clique ici pour plus d'information"}},"_links":{"self":[{"href":"https:\/\/www.lessence-ciel.com\/en\/wp-json\/wp\/v2\/product\/38310","targetHints":{"allow":["GET"]}}],"collection":[{"href":"https:\/\/www.lessence-ciel.com\/en\/wp-json\/wp\/v2\/product"}],"about":[{"href":"https:\/\/www.lessence-ciel.com\/en\/wp-json\/wp\/v2\/types\/product"}],"wp:featuredmedia":[{"embeddable":true,"href":"https:\/\/www.lessence-ciel.com\/en\/wp-json\/wp\/v2\/media\/62518"}],"wp:attachment":[{"href":"https:\/\/www.lessence-ciel.com\/en\/wp-json\/wp\/v2\/media?parent=38310"}],"wp:term":[{"taxonomy":"classe-produit","embeddable":true,"href":"https:\/\/www.lessence-ciel.com\/en\/wp-json\/wp\/v2\/classe-produit?post=38310"},{"taxonomy":"categories-produits","embeddable":true,"href":"https:\/\/www.lessence-ciel.com\/en\/wp-json\/wp\/v2\/categories-produits?post=38310"},{"taxonomy":"thematique","embeddable":true,"href":"https:\/\/www.lessence-ciel.com\/en\/wp-json\/wp\/v2\/thematique?post=38310"},{"taxonomy":"product_brand","embeddable":true,"href":"https:\/\/www.lessence-ciel.com\/en\/wp-json\/wp\/v2\/product_brand?post=38310"}],"curies":[{"name":"wp","href":"https:\/\/api.w.org\/{rel}","templated":true}]}}