{"id":38322,"date":"2015-02-23T01:01:55","date_gmt":"2015-02-23T06:01:55","guid":{"rendered":"https:\/\/www.lessence-ciel.com\/?post_type=product&#038;p=38322"},"modified":"2019-05-24T16:00:11","modified_gmt":"2019-05-24T20:00:11","slug":"marie-reine-des-anges","status":"publish","type":"product","link":"https:\/\/www.lessence-ciel.com\/en\/products-store\/marie-reine-des-anges\/","title":{"rendered":"Marie, Reine des Anges"},"content":{"rendered":"<p style=\"text-align: justify;\"><span id=\"ctl09_ctl01_mz1Div_ctl00_ctl00_lblResumeValue\" class=\"lblResumeValue\">M\u00e8re Marie est estim\u00e9e pour la puret\u00e9 de sa compassion, de ses soins et de sa protection. Elle veille tendrement sur chacun de nous et nous donne des conseils affectueux et bienveillants \u00e0 chaque \u00e9tape de notre vie. Ce jeu de 44 cartes de Doreen Virtue offre un moyen s\u00fbr, respectueux et magnifique de se connecter \u00e0 la sagesse aimante de notre m\u00e8re Marie. Le livret d&#8217;accompagnement non confessionnel vous offre des instructions simples afin de recevoir des messages pr\u00e9cis et fiables, que ce soit pour vous-m\u00eame ou pour les autres, en plus de la signification g\u00e9n\u00e9rale de chacune des 44 cartes et de d\u00e9tails sp\u00e9cifiques pouvant \u00e9clairer les r\u00e9ponses que vous cherchez.<\/span><\/p>\n<p style=\"text-align: justify;\"><span class=\"lblResumeValue\" style=\"font-family: Verdana;\">&nbsp;<\/span><\/p>\n","protected":false},"excerpt":{"rendered":"<p>M\u00e8re Marie est estim\u00e9e pour la puret\u00e9 de sa compassion, de ses soins et de sa protection. Elle veille tendrement sur chacun de nous et nous donne des conseils affectueux et bienveillants \u00e0 chaque \u00e9tape de notre vie. Ce jeu de 44 cartes de Doreen Virtue offre un moyen s\u00fbr, [&hellip;]<\/p>\n","protected":false},"featured_media":51283,"template":"","meta":{"_acf_changed":false,"wds_primary_classe-produit":0,"wds_primary_categories-produits":0,"wds_primary_thematique":0,"wds_primary_product_brand":0,"wds_primary_product_cat":0},"classe-produit":[380,366],"categories-produits":[],"thematique":[529,747,745,763,755],"product_brand":[],"class_list":{"0":"post-38322","1":"product","2":"type-product","3":"status-publish","4":"has-post-thumbnail","6":"classe-produit-oracles-en","7":"classe-produit-visionary-tools","8":"thematique-angels-world","9":"thematique-angels","10":"thematique-angels-archangels","11":"thematique-ascended-masters-deities-saints","12":"thematique-spiritual-teaching","14":"first","15":"instock","16":"taxable","17":"shipping-taxable","18":"purchasable","19":"product-type-simple"},"acf":{"modele_type":"blog","modele_email":"single","acf-general_shortdesc":"","modele_single":{"lead_magnet":"","lead_click":"","post_hasvideo":"no","video_associee":{"post_video":"","description_video":"","thumb_video":null}},"modele_default":{"desc":"","lead_click":"Clique ici pour plus d'information"},"modele_hook":{"image_height":null,"lead_magnet":"","key_phase":"","desc":"","lead_click":"Clique ici pour plus d'information"},"modele_bullets":{"image_height":null,"bullets":null,"lead_click":"Clique ici pour plus d'information"}},"_links":{"self":[{"href":"https:\/\/www.lessence-ciel.com\/en\/wp-json\/wp\/v2\/product\/38322","targetHints":{"allow":["GET"]}}],"collection":[{"href":"https:\/\/www.lessence-ciel.com\/en\/wp-json\/wp\/v2\/product"}],"about":[{"href":"https:\/\/www.lessence-ciel.com\/en\/wp-json\/wp\/v2\/types\/product"}],"wp:featuredmedia":[{"embeddable":true,"href":"https:\/\/www.lessence-ciel.com\/en\/wp-json\/wp\/v2\/media\/51283"}],"wp:attachment":[{"href":"https:\/\/www.lessence-ciel.com\/en\/wp-json\/wp\/v2\/media?parent=38322"}],"wp:term":[{"taxonomy":"classe-produit","embeddable":true,"href":"https:\/\/www.lessence-ciel.com\/en\/wp-json\/wp\/v2\/classe-produit?post=38322"},{"taxonomy":"categories-produits","embeddable":true,"href":"https:\/\/www.lessence-ciel.com\/en\/wp-json\/wp\/v2\/categories-produits?post=38322"},{"taxonomy":"thematique","embeddable":true,"href":"https:\/\/www.lessence-ciel.com\/en\/wp-json\/wp\/v2\/thematique?post=38322"},{"taxonomy":"product_brand","embeddable":true,"href":"https:\/\/www.lessence-ciel.com\/en\/wp-json\/wp\/v2\/product_brand?post=38322"}],"curies":[{"name":"wp","href":"https:\/\/api.w.org\/{rel}","templated":true}]}}