{"id":38328,"date":"2015-02-23T01:01:56","date_gmt":"2015-02-23T06:01:56","guid":{"rendered":"https:\/\/www.lessence-ciel.com\/?post_type=product&#038;p=38328"},"modified":"2019-05-24T19:42:57","modified_gmt":"2019-05-24T23:42:57","slug":"j-ouvre-mes-ailes","status":"publish","type":"product","link":"https:\/\/www.lessence-ciel.com\/en\/products-store\/j-ouvre-mes-ailes\/","title":{"rendered":"J&#8217;ouvre mes ailes"},"content":{"rendered":"<p style=\"text-align: justify;\">Les cartes de la transformation contiennent des messages de votre \u00e2me, destin\u00e9s \u00e0 vous soutenir dans vos \u00e9tapes de transformation. Elles vous aideront \u00e0 rester bien en contact avec vous-m\u00eame et \u00e0 vous inscrire pleinement dans vos propres solutions, \u00e0 partir de votre histoire personnelle. Une carte de la transformation, c&#8217;est la magie de la vie au bout de vos doigts. Une utilisation r\u00e9guli\u00e8re des cartes vous permettra de faire des bonds appr\u00e9ciables dans votre \u00e9volution tout en demeurant les ma\u00eetres de votre existence. C&#8217;est une th\u00e9rapie de l&#8217;\u00e2me \u00e0 votre port\u00e9e. Ce jeu de 42 cartes est accompagn\u00e9 d&#8217;un livret d&#8217;accompagnement. Osez poser vos questions et laissez le papillon, messager de votre \u00e2me, vous r\u00e9v\u00e9ler la sagesse qui vous habite d\u00e9j\u00e0.<\/p>\n","protected":false},"excerpt":{"rendered":"<p>Les cartes de la transformation contiennent des messages de votre \u00e2me, destin\u00e9s \u00e0 vous soutenir dans vos \u00e9tapes de transformation. Elles vous aideront \u00e0 rester bien en contact avec vous-m\u00eame et \u00e0 vous inscrire pleinement dans vos propres solutions, \u00e0 partir de votre histoire personnelle. Une carte de la transformation, [&hellip;]<\/p>\n","protected":false},"featured_media":61916,"template":"","meta":{"_acf_changed":false,"wds_primary_classe-produit":0,"wds_primary_categories-produits":0,"wds_primary_thematique":0,"wds_primary_product_brand":0,"wds_primary_product_cat":0},"classe-produit":[380,366],"categories-produits":[],"thematique":[974,533,690,524,692,968],"product_brand":[],"class_list":{"0":"post-38328","1":"product","2":"type-product","3":"status-publish","4":"has-post-thumbnail","6":"classe-produit-oracles-en","7":"classe-produit-visionary-tools","8":"thematique-coaching-motivation","9":"thematique-minds-sanctuary","10":"thematique-personal-growth","11":"thematique-souls-garden","12":"thematique-spiritual-renewal","13":"thematique-uplifting-the-mind","15":"first","16":"instock","17":"taxable","18":"shipping-taxable","19":"purchasable","20":"product-type-simple"},"acf":{"modele_type":"blog","modele_email":"single","acf-general_shortdesc":"","modele_single":{"lead_magnet":"","lead_click":"","post_hasvideo":"no","video_associee":{"post_video":"","description_video":"","thumb_video":null}},"modele_default":{"desc":"","lead_click":"Clique ici pour plus d'information"},"modele_hook":{"image_height":null,"lead_magnet":"","key_phase":"","desc":"","lead_click":"Clique ici pour plus d'information"},"modele_bullets":{"image_height":null,"bullets":null,"lead_click":"Clique ici pour plus d'information"}},"_links":{"self":[{"href":"https:\/\/www.lessence-ciel.com\/en\/wp-json\/wp\/v2\/product\/38328","targetHints":{"allow":["GET"]}}],"collection":[{"href":"https:\/\/www.lessence-ciel.com\/en\/wp-json\/wp\/v2\/product"}],"about":[{"href":"https:\/\/www.lessence-ciel.com\/en\/wp-json\/wp\/v2\/types\/product"}],"wp:featuredmedia":[{"embeddable":true,"href":"https:\/\/www.lessence-ciel.com\/en\/wp-json\/wp\/v2\/media\/61916"}],"wp:attachment":[{"href":"https:\/\/www.lessence-ciel.com\/en\/wp-json\/wp\/v2\/media?parent=38328"}],"wp:term":[{"taxonomy":"classe-produit","embeddable":true,"href":"https:\/\/www.lessence-ciel.com\/en\/wp-json\/wp\/v2\/classe-produit?post=38328"},{"taxonomy":"categories-produits","embeddable":true,"href":"https:\/\/www.lessence-ciel.com\/en\/wp-json\/wp\/v2\/categories-produits?post=38328"},{"taxonomy":"thematique","embeddable":true,"href":"https:\/\/www.lessence-ciel.com\/en\/wp-json\/wp\/v2\/thematique?post=38328"},{"taxonomy":"product_brand","embeddable":true,"href":"https:\/\/www.lessence-ciel.com\/en\/wp-json\/wp\/v2\/product_brand?post=38328"}],"curies":[{"name":"wp","href":"https:\/\/api.w.org\/{rel}","templated":true}]}}