{"id":38340,"date":"2015-02-23T01:01:58","date_gmt":"2015-02-23T06:01:58","guid":{"rendered":"https:\/\/www.lessence-ciel.com\/?post_type=product&#038;p=38340"},"modified":"2018-12-02T12:23:33","modified_gmt":"2018-12-02T17:23:33","slug":"oracle-enchante-2","status":"publish","type":"product","link":"https:\/\/www.lessence-ciel.com\/en\/products-store\/oracle-enchante-2\/","title":{"rendered":"Oracle Enchant\u00e9"},"content":{"rendered":"<p style=\"text-align: justify;\"><span id=\"ctl09_ctl01_mz1Div_ctl00_ctl00_lblResumeValue\" class=\"lblResumeValue\">Partez \u00e0 la d\u00e9couverte de votre destin\u00e9e dans un univers secret rempli de mythes et de magie&#8230; P\u00e9n\u00e9trez dans un monde enchant\u00e9, peupl\u00e9 de f\u00e9es, de d\u00e9esses et de sorci\u00e8res ; un univers magique de possibilit\u00e9s et de pouvoirs ; un monde dans lequel vous pourrez tisser votre avenir. Agr\u00e9ment\u00e9 de magnifiques reproductions de f\u00e9es par l&#8217; artiste renomm\u00e9e Jessica Galbreth, l&#8217; Oracle enchant\u00e9 est sign\u00e9 Barbara Moore, c\u00e9l\u00e8bre pour ses ouvrages sur le tarot.<\/span><\/p>\n<p style=\"text-align: justify;\"><span class=\"lblResumeValue\">\u00a0<\/span><\/p>\n","protected":false},"excerpt":{"rendered":"<p>Partez \u00e0 la d\u00e9couverte de votre destin\u00e9e dans un univers secret rempli de mythes et de magie&#8230; P\u00e9n\u00e9trez dans un monde enchant\u00e9, peupl\u00e9 de f\u00e9es, de d\u00e9esses et de sorci\u00e8res ; un univers magique de possibilit\u00e9s et de pouvoirs ; un monde dans lequel vous pourrez tisser votre avenir. Agr\u00e9ment\u00e9 [&hellip;]<\/p>\n","protected":false},"featured_media":62424,"template":"","meta":{"_acf_changed":false,"wds_primary_classe-produit":0,"wds_primary_categories-produits":0,"wds_primary_thematique":0,"wds_primary_product_brand":0,"wds_primary_product_cat":0},"classe-produit":[380,366],"categories-produits":[],"thematique":[832,856,531],"product_brand":[],"class_list":{"0":"post-38340","1":"product","2":"type-product","3":"status-publish","4":"has-post-thumbnail","6":"classe-produit-oracles-en","7":"classe-produit-visionary-tools","8":"thematique-earth-medicine","9":"thematique-fairies-nature-spirits","10":"thematique-natures-realm","12":"first","13":"instock","14":"taxable","15":"shipping-taxable","16":"purchasable","17":"product-type-simple"},"acf":{"modele_type":"blog","modele_email":"single","acf-general_shortdesc":"","modele_single":{"lead_magnet":"","lead_click":"","post_hasvideo":"no","video_associee":{"post_video":"","description_video":"","thumb_video":null}},"modele_default":{"desc":"","lead_click":"Clique ici pour plus d'information"},"modele_hook":{"image_height":null,"lead_magnet":"","key_phase":"","desc":"","lead_click":"Clique ici pour plus d'information"},"modele_bullets":{"image_height":null,"bullets":null,"lead_click":"Clique ici pour plus d'information"}},"_links":{"self":[{"href":"https:\/\/www.lessence-ciel.com\/en\/wp-json\/wp\/v2\/product\/38340","targetHints":{"allow":["GET"]}}],"collection":[{"href":"https:\/\/www.lessence-ciel.com\/en\/wp-json\/wp\/v2\/product"}],"about":[{"href":"https:\/\/www.lessence-ciel.com\/en\/wp-json\/wp\/v2\/types\/product"}],"wp:featuredmedia":[{"embeddable":true,"href":"https:\/\/www.lessence-ciel.com\/en\/wp-json\/wp\/v2\/media\/62424"}],"wp:attachment":[{"href":"https:\/\/www.lessence-ciel.com\/en\/wp-json\/wp\/v2\/media?parent=38340"}],"wp:term":[{"taxonomy":"classe-produit","embeddable":true,"href":"https:\/\/www.lessence-ciel.com\/en\/wp-json\/wp\/v2\/classe-produit?post=38340"},{"taxonomy":"categories-produits","embeddable":true,"href":"https:\/\/www.lessence-ciel.com\/en\/wp-json\/wp\/v2\/categories-produits?post=38340"},{"taxonomy":"thematique","embeddable":true,"href":"https:\/\/www.lessence-ciel.com\/en\/wp-json\/wp\/v2\/thematique?post=38340"},{"taxonomy":"product_brand","embeddable":true,"href":"https:\/\/www.lessence-ciel.com\/en\/wp-json\/wp\/v2\/product_brand?post=38340"}],"curies":[{"name":"wp","href":"https:\/\/api.w.org\/{rel}","templated":true}]}}