{"id":38343,"date":"2015-02-23T01:01:59","date_gmt":"2015-02-23T06:01:59","guid":{"rendered":"https:\/\/www.lessence-ciel.com\/?post_type=product&#038;p=38343"},"modified":"2019-05-24T16:28:19","modified_gmt":"2019-05-24T20:28:19","slug":"l-oracle-des-chamans","status":"publish","type":"product","link":"https:\/\/www.lessence-ciel.com\/en\/products-store\/l-oracle-des-chamans\/","title":{"rendered":"L&#8217;Oracle des Chamans"},"content":{"rendered":"<p>Entrez dans l&#8217;univers fascinant du chamanisme avec ce jeu de 52 cartes, magnifiquement illustr\u00e9es, et son guide d&#8217;accompagnement. &nbsp;En vous connectant avec les Esprit de la Nature, vous pourrez surmonter les \u00e9preuves de la vie, am\u00e9liorer votre sant\u00e9 physique et psychique, r\u00e9aliser vos d\u00e9sirs les plus intimes.<\/p>\n","protected":false},"excerpt":{"rendered":"<p>Entrez dans l&#8217;univers fascinant du chamanisme avec ce jeu de 52 cartes, magnifiquement illustr\u00e9es, et son guide d&#8217;accompagnement. &nbsp;En vous connectant avec les Esprit de la Nature, vous pourrez surmonter les \u00e9preuves de la vie, am\u00e9liorer votre sant\u00e9 physique et psychique, r\u00e9aliser vos d\u00e9sirs les plus intimes.<\/p>\n","protected":false},"featured_media":61952,"template":"","meta":{"_acf_changed":false,"wds_primary_classe-produit":0,"wds_primary_categories-produits":0,"wds_primary_thematique":0,"wds_primary_product_brand":0,"wds_primary_product_cat":0},"classe-produit":[380,366],"categories-produits":[],"thematique":[832,856,531,854],"product_brand":[],"class_list":{"0":"post-38343","1":"product","2":"type-product","3":"status-publish","4":"has-post-thumbnail","6":"classe-produit-oracles-en","7":"classe-produit-visionary-tools","8":"thematique-earth-medicine","9":"thematique-fairies-nature-spirits","10":"thematique-natures-realm","11":"thematique-shamanism-native-traditions","13":"first","14":"instock","15":"taxable","16":"shipping-taxable","17":"purchasable","18":"product-type-simple"},"acf":{"modele_type":"blog","modele_email":"single","acf-general_shortdesc":"","modele_single":{"lead_magnet":"","lead_click":"","post_hasvideo":"no","video_associee":{"post_video":"","description_video":"","thumb_video":null}},"modele_default":{"desc":"","lead_click":"Clique ici pour plus d'information"},"modele_hook":{"image_height":null,"lead_magnet":"","key_phase":"","desc":"","lead_click":"Clique ici pour plus d'information"},"modele_bullets":{"image_height":null,"bullets":null,"lead_click":"Clique ici pour plus d'information"}},"_links":{"self":[{"href":"https:\/\/www.lessence-ciel.com\/en\/wp-json\/wp\/v2\/product\/38343","targetHints":{"allow":["GET"]}}],"collection":[{"href":"https:\/\/www.lessence-ciel.com\/en\/wp-json\/wp\/v2\/product"}],"about":[{"href":"https:\/\/www.lessence-ciel.com\/en\/wp-json\/wp\/v2\/types\/product"}],"wp:featuredmedia":[{"embeddable":true,"href":"https:\/\/www.lessence-ciel.com\/en\/wp-json\/wp\/v2\/media\/61952"}],"wp:attachment":[{"href":"https:\/\/www.lessence-ciel.com\/en\/wp-json\/wp\/v2\/media?parent=38343"}],"wp:term":[{"taxonomy":"classe-produit","embeddable":true,"href":"https:\/\/www.lessence-ciel.com\/en\/wp-json\/wp\/v2\/classe-produit?post=38343"},{"taxonomy":"categories-produits","embeddable":true,"href":"https:\/\/www.lessence-ciel.com\/en\/wp-json\/wp\/v2\/categories-produits?post=38343"},{"taxonomy":"thematique","embeddable":true,"href":"https:\/\/www.lessence-ciel.com\/en\/wp-json\/wp\/v2\/thematique?post=38343"},{"taxonomy":"product_brand","embeddable":true,"href":"https:\/\/www.lessence-ciel.com\/en\/wp-json\/wp\/v2\/product_brand?post=38343"}],"curies":[{"name":"wp","href":"https:\/\/api.w.org\/{rel}","templated":true}]}}