{"id":38353,"date":"2015-02-23T01:02:03","date_gmt":"2015-02-23T06:02:03","guid":{"rendered":"https:\/\/www.lessence-ciel.com\/?post_type=product&#038;p=38353"},"modified":"2019-05-24T16:20:57","modified_gmt":"2019-05-24T20:20:57","slug":"les-cartes-medecine-3","status":"publish","type":"product","link":"https:\/\/www.lessence-ciel.com\/en\/products-store\/les-cartes-medecine-3\/","title":{"rendered":"Les Cartes M\u00e9decine"},"content":{"rendered":"<p>Issue de la Roue de M\u00e9decine des Am\u00e9rindiens, cette m\u00e9thode de divination unique et puissante nous enseigne \u00e0 reconna\u00eetre plus clairement notre chemin sur la Terre-M\u00e8re, \u00e0 partir du symbolisme animal. La m\u00e9decine dont il est question ici favorise la gu\u00e9rison du corps, des \u00e9motions, du mental et de l&#8217;esprit, en am\u00e9liorant le lien qui unit chaque \u00eatre humain au Grand Myst\u00e8re et \u00e0 tout ce qui vit.<\/p>\n<p>Les Cartes M\u00e9decine constituent \u00e0 la fois un instrument de connaissance et un jeu passionnant o\u00f9 puiser de pr\u00e9cieuses le\u00e7ons de vie engendrant pouvoir personnel, force et compr\u00e9hension.<\/p>\n","protected":false},"excerpt":{"rendered":"<p>Issue de la Roue de M\u00e9decine des Am\u00e9rindiens, cette m\u00e9thode de divination unique et puissante nous enseigne \u00e0 reconna\u00eetre plus clairement notre chemin sur la Terre-M\u00e8re, \u00e0 partir du symbolisme animal. La m\u00e9decine dont il est question ici favorise la gu\u00e9rison du corps, des \u00e9motions, du mental et de l&#8217;esprit, [&hellip;]<\/p>\n","protected":false},"featured_media":62185,"template":"","meta":{"_acf_changed":false,"wds_primary_classe-produit":0,"wds_primary_categories-produits":0,"wds_primary_thematique":0,"wds_primary_product_brand":0,"wds_primary_product_cat":0},"classe-produit":[380,366],"categories-produits":[],"thematique":[531,826],"product_brand":[],"class_list":{"0":"post-38353","1":"product","2":"type-product","3":"status-publish","4":"has-post-thumbnail","6":"classe-produit-oracles-en","7":"classe-produit-visionary-tools","8":"thematique-natures-realm","9":"thematique-totem-animal","11":"first","12":"instock","13":"taxable","14":"shipping-taxable","15":"purchasable","16":"product-type-simple"},"acf":{"modele_type":"blog","modele_email":"single","acf-general_shortdesc":"","modele_single":{"lead_magnet":"","lead_click":"","post_hasvideo":"no","video_associee":{"post_video":"","description_video":"","thumb_video":null}},"modele_default":{"desc":"","lead_click":"Clique ici pour plus d'information"},"modele_hook":{"image_height":null,"lead_magnet":"","key_phase":"","desc":"","lead_click":"Clique ici pour plus d'information"},"modele_bullets":{"image_height":null,"bullets":null,"lead_click":"Clique ici pour plus d'information"}},"_links":{"self":[{"href":"https:\/\/www.lessence-ciel.com\/en\/wp-json\/wp\/v2\/product\/38353","targetHints":{"allow":["GET"]}}],"collection":[{"href":"https:\/\/www.lessence-ciel.com\/en\/wp-json\/wp\/v2\/product"}],"about":[{"href":"https:\/\/www.lessence-ciel.com\/en\/wp-json\/wp\/v2\/types\/product"}],"wp:featuredmedia":[{"embeddable":true,"href":"https:\/\/www.lessence-ciel.com\/en\/wp-json\/wp\/v2\/media\/62185"}],"wp:attachment":[{"href":"https:\/\/www.lessence-ciel.com\/en\/wp-json\/wp\/v2\/media?parent=38353"}],"wp:term":[{"taxonomy":"classe-produit","embeddable":true,"href":"https:\/\/www.lessence-ciel.com\/en\/wp-json\/wp\/v2\/classe-produit?post=38353"},{"taxonomy":"categories-produits","embeddable":true,"href":"https:\/\/www.lessence-ciel.com\/en\/wp-json\/wp\/v2\/categories-produits?post=38353"},{"taxonomy":"thematique","embeddable":true,"href":"https:\/\/www.lessence-ciel.com\/en\/wp-json\/wp\/v2\/thematique?post=38353"},{"taxonomy":"product_brand","embeddable":true,"href":"https:\/\/www.lessence-ciel.com\/en\/wp-json\/wp\/v2\/product_brand?post=38353"}],"curies":[{"name":"wp","href":"https:\/\/api.w.org\/{rel}","templated":true}]}}