{"id":38356,"date":"2015-02-23T01:02:04","date_gmt":"2015-02-23T06:02:04","guid":{"rendered":"https:\/\/www.lessence-ciel.com\/?post_type=product&#038;p=38356"},"modified":"2019-05-24T16:33:33","modified_gmt":"2019-05-24T20:33:33","slug":"oracle-des-arbres","status":"publish","type":"product","link":"https:\/\/www.lessence-ciel.com\/en\/products-store\/oracle-des-arbres\/","title":{"rendered":"Oracle des Arbres"},"content":{"rendered":"<p>L&#8217;arbre est souvent consid\u00e9r\u00e9 comme sacr\u00e9 dans les diff\u00e9rentes cultures et comme source d&#8217;\u00e9nergie. Ces cartes, qui repr\u00e9sentent les arbres du monde entier, permettent de s&#8217;impr\u00e9gner de leur \u00e9nergie. Un livret d&#8217;accompagnement r\u00e9v\u00e8le le pouvoir de l&#8217;arbre, son message, sa mythologie et son symbolisme.<\/p>\n","protected":false},"excerpt":{"rendered":"<p>L&#8217;arbre est souvent consid\u00e9r\u00e9 comme sacr\u00e9 dans les diff\u00e9rentes cultures et comme source d&#8217;\u00e9nergie. Ces cartes, qui repr\u00e9sentent les arbres du monde entier, permettent de s&#8217;impr\u00e9gner de leur \u00e9nergie. Un livret d&#8217;accompagnement r\u00e9v\u00e8le le pouvoir de l&#8217;arbre, son message, sa mythologie et son symbolisme.<\/p>\n","protected":false},"featured_media":51291,"template":"","meta":{"_acf_changed":false,"wds_primary_classe-produit":0,"wds_primary_categories-produits":0,"wds_primary_thematique":0,"wds_primary_product_brand":0,"wds_primary_product_cat":0},"classe-produit":[380,366],"categories-produits":[],"thematique":[832,856,531],"product_brand":[],"class_list":{"0":"post-38356","1":"product","2":"type-product","3":"status-publish","4":"has-post-thumbnail","6":"classe-produit-oracles-en","7":"classe-produit-visionary-tools","8":"thematique-earth-medicine","9":"thematique-fairies-nature-spirits","10":"thematique-natures-realm","12":"first","13":"instock","14":"taxable","15":"shipping-taxable","16":"purchasable","17":"product-type-simple"},"acf":{"modele_type":"blog","modele_email":"single","acf-general_shortdesc":"","modele_single":{"lead_magnet":"","lead_click":"","post_hasvideo":"no","video_associee":{"post_video":"","description_video":"","thumb_video":null}},"modele_default":{"desc":"","lead_click":"Clique ici pour plus d'information"},"modele_hook":{"image_height":null,"lead_magnet":"","key_phase":"","desc":"","lead_click":"Clique ici pour plus d'information"},"modele_bullets":{"image_height":null,"bullets":null,"lead_click":"Clique ici pour plus d'information"}},"_links":{"self":[{"href":"https:\/\/www.lessence-ciel.com\/en\/wp-json\/wp\/v2\/product\/38356","targetHints":{"allow":["GET"]}}],"collection":[{"href":"https:\/\/www.lessence-ciel.com\/en\/wp-json\/wp\/v2\/product"}],"about":[{"href":"https:\/\/www.lessence-ciel.com\/en\/wp-json\/wp\/v2\/types\/product"}],"wp:featuredmedia":[{"embeddable":true,"href":"https:\/\/www.lessence-ciel.com\/en\/wp-json\/wp\/v2\/media\/51291"}],"wp:attachment":[{"href":"https:\/\/www.lessence-ciel.com\/en\/wp-json\/wp\/v2\/media?parent=38356"}],"wp:term":[{"taxonomy":"classe-produit","embeddable":true,"href":"https:\/\/www.lessence-ciel.com\/en\/wp-json\/wp\/v2\/classe-produit?post=38356"},{"taxonomy":"categories-produits","embeddable":true,"href":"https:\/\/www.lessence-ciel.com\/en\/wp-json\/wp\/v2\/categories-produits?post=38356"},{"taxonomy":"thematique","embeddable":true,"href":"https:\/\/www.lessence-ciel.com\/en\/wp-json\/wp\/v2\/thematique?post=38356"},{"taxonomy":"product_brand","embeddable":true,"href":"https:\/\/www.lessence-ciel.com\/en\/wp-json\/wp\/v2\/product_brand?post=38356"}],"curies":[{"name":"wp","href":"https:\/\/api.w.org\/{rel}","templated":true}]}}