{"id":38362,"date":"2015-02-23T01:02:05","date_gmt":"2015-02-23T06:02:05","guid":{"rendered":"https:\/\/www.lessence-ciel.com\/?post_type=product&#038;p=38362"},"modified":"2018-12-02T11:50:08","modified_gmt":"2018-12-02T16:50:08","slug":"messages-d-eveil-3","status":"publish","type":"product","link":"https:\/\/www.lessence-ciel.com\/en\/products-store\/messages-d-eveil-3\/","title":{"rendered":"Messages d&#8217;\u00c9veil"},"content":{"rendered":"<p style=\"text-align: justify;\">Un jeu simple. \u00a0Il suffit de demander \u00e0 l&#8217;univers le message id\u00e9al pour vous dans l&#8217;instant pr\u00e9sent.<\/p>\n<p style=\"text-align: justify;\">Votre partie divine vous guidera vers la carte parfaite pour vous aider \u00e0 travers de nouvelles prises de conscience selon votre rythme \u00e9volutif personnel. \u00a0QUe ce soit \u00e0 tous les jours ou \u00e0 l&#8217;occasion, ces <em>&#8220;Message d&#8217;\u00c9veil&#8221;<\/em> apportent r\u00e9ponses et compr\u00e9hensions par la magie de l&#8217;image et de la pens\u00e9e-cl\u00e9.<\/p>\n","protected":false},"excerpt":{"rendered":"<p>Un jeu simple. \u00a0Il suffit de demander \u00e0 l&#8217;univers le message id\u00e9al pour vous dans l&#8217;instant pr\u00e9sent. Votre partie divine vous guidera vers la carte parfaite pour vous aider \u00e0 travers de nouvelles prises de conscience selon votre rythme \u00e9volutif personnel. \u00a0QUe ce soit \u00e0 tous les jours ou \u00e0 [&hellip;]<\/p>\n","protected":false},"featured_media":51293,"template":"","meta":{"_acf_changed":false,"wds_primary_classe-produit":0,"wds_primary_categories-produits":0,"wds_primary_thematique":0,"wds_primary_product_brand":0,"wds_primary_product_cat":0},"classe-produit":[380,366],"categories-produits":[],"thematique":[533,690,524,692,968],"product_brand":[],"class_list":{"0":"post-38362","1":"product","2":"type-product","3":"status-publish","4":"has-post-thumbnail","6":"classe-produit-oracles-en","7":"classe-produit-visionary-tools","8":"thematique-minds-sanctuary","9":"thematique-personal-growth","10":"thematique-souls-garden","11":"thematique-spiritual-renewal","12":"thematique-uplifting-the-mind","14":"first","15":"instock","16":"taxable","17":"shipping-taxable","18":"purchasable","19":"product-type-simple"},"acf":{"modele_type":"blog","modele_email":"single","acf-general_shortdesc":"","modele_single":{"lead_magnet":"","lead_click":"","post_hasvideo":"no","video_associee":{"post_video":"","description_video":"","thumb_video":null}},"modele_default":{"desc":"","lead_click":"Clique ici pour plus d'information"},"modele_hook":{"image_height":null,"lead_magnet":"","key_phase":"","desc":"","lead_click":"Clique ici pour plus d'information"},"modele_bullets":{"image_height":null,"bullets":null,"lead_click":"Clique ici pour plus d'information"}},"_links":{"self":[{"href":"https:\/\/www.lessence-ciel.com\/en\/wp-json\/wp\/v2\/product\/38362","targetHints":{"allow":["GET"]}}],"collection":[{"href":"https:\/\/www.lessence-ciel.com\/en\/wp-json\/wp\/v2\/product"}],"about":[{"href":"https:\/\/www.lessence-ciel.com\/en\/wp-json\/wp\/v2\/types\/product"}],"wp:featuredmedia":[{"embeddable":true,"href":"https:\/\/www.lessence-ciel.com\/en\/wp-json\/wp\/v2\/media\/51293"}],"wp:attachment":[{"href":"https:\/\/www.lessence-ciel.com\/en\/wp-json\/wp\/v2\/media?parent=38362"}],"wp:term":[{"taxonomy":"classe-produit","embeddable":true,"href":"https:\/\/www.lessence-ciel.com\/en\/wp-json\/wp\/v2\/classe-produit?post=38362"},{"taxonomy":"categories-produits","embeddable":true,"href":"https:\/\/www.lessence-ciel.com\/en\/wp-json\/wp\/v2\/categories-produits?post=38362"},{"taxonomy":"thematique","embeddable":true,"href":"https:\/\/www.lessence-ciel.com\/en\/wp-json\/wp\/v2\/thematique?post=38362"},{"taxonomy":"product_brand","embeddable":true,"href":"https:\/\/www.lessence-ciel.com\/en\/wp-json\/wp\/v2\/product_brand?post=38362"}],"curies":[{"name":"wp","href":"https:\/\/api.w.org\/{rel}","templated":true}]}}