{"id":38390,"date":"2015-02-23T01:02:12","date_gmt":"2015-02-23T06:02:12","guid":{"rendered":"https:\/\/www.lessence-ciel.com\/?post_type=product&#038;p=38390"},"modified":"2018-12-23T14:45:59","modified_gmt":"2018-12-23T19:45:59","slug":"les-cartes-des-anges-l-integrale","status":"publish","type":"product","link":"https:\/\/www.lessence-ciel.com\/en\/products-store\/les-cartes-des-anges-l-integrale\/","title":{"rendered":"Les Cartes des Anges : L&#8217;int\u00e9grale"},"content":{"rendered":"<p style=\"text-align: justify;\">Soixante-douze gr\u00e2ces sous forme de petites cartes illustr\u00e9es dont vous \u00eates invit\u00e9s \u00e0 vous impr\u00e9gner dans votre vie quotidienne.<\/p>\n<p>Les Cartes des anges vous apporteront un soutien face aux difficult\u00e9s ou dans toute nouvelle entreprise. Les anges seront comme autant de compagnons int\u00e9rieurs. Ils vous aideront \u00e0 voir le monde sous un autre jour et \u00e0 exp\u00e9rimenter les niveaux les plus profonds de votre compr\u00e9hension et de votre cr\u00e9ativit\u00e9. Ils mettront de la vitalit\u00e9 dans votre vie. Invitez l&#8217;un des 72 anges dans votre quotidien ! Cette nouvelle \u00e9dition comprend 20 nouvelles cartes, des autocollants des anges et le livre qui vous expliquera leur message et les diff\u00e9rentes utilisations possibles.<\/p>\n","protected":false},"excerpt":{"rendered":"<p>Soixante-douze gr\u00e2ces sous forme de petites cartes illustr\u00e9es dont vous \u00eates invit\u00e9s \u00e0 vous impr\u00e9gner dans votre vie quotidienne. Les Cartes des anges vous apporteront un soutien face aux difficult\u00e9s ou dans toute nouvelle entreprise. Les anges seront comme autant de compagnons int\u00e9rieurs. Ils vous aideront \u00e0 voir le monde [&hellip;]<\/p>\n","protected":false},"featured_media":62183,"template":"","meta":{"_acf_changed":false,"wds_primary_classe-produit":0,"wds_primary_categories-produits":0,"wds_primary_thematique":0,"wds_primary_product_brand":0,"wds_primary_product_cat":0},"classe-produit":[380,366],"categories-produits":[],"thematique":[529,747,745],"product_brand":[],"class_list":{"0":"post-38390","1":"product","2":"type-product","3":"status-publish","4":"has-post-thumbnail","6":"classe-produit-oracles-en","7":"classe-produit-visionary-tools","8":"thematique-angels-world","9":"thematique-angels","10":"thematique-angels-archangels","12":"first","13":"instock","14":"taxable","15":"shipping-taxable","16":"purchasable","17":"product-type-simple"},"acf":{"modele_type":"blog","modele_email":"single","acf-general_shortdesc":"","modele_single":{"lead_magnet":"","lead_click":"","post_hasvideo":"no","video_associee":{"post_video":"","description_video":"","thumb_video":null}},"modele_default":{"desc":"","lead_click":"Clique ici pour plus d'information"},"modele_hook":{"image_height":null,"lead_magnet":"","key_phase":"","desc":"","lead_click":"Clique ici pour plus d'information"},"modele_bullets":{"image_height":null,"bullets":null,"lead_click":"Clique ici pour plus d'information"}},"_links":{"self":[{"href":"https:\/\/www.lessence-ciel.com\/en\/wp-json\/wp\/v2\/product\/38390","targetHints":{"allow":["GET"]}}],"collection":[{"href":"https:\/\/www.lessence-ciel.com\/en\/wp-json\/wp\/v2\/product"}],"about":[{"href":"https:\/\/www.lessence-ciel.com\/en\/wp-json\/wp\/v2\/types\/product"}],"wp:featuredmedia":[{"embeddable":true,"href":"https:\/\/www.lessence-ciel.com\/en\/wp-json\/wp\/v2\/media\/62183"}],"wp:attachment":[{"href":"https:\/\/www.lessence-ciel.com\/en\/wp-json\/wp\/v2\/media?parent=38390"}],"wp:term":[{"taxonomy":"classe-produit","embeddable":true,"href":"https:\/\/www.lessence-ciel.com\/en\/wp-json\/wp\/v2\/classe-produit?post=38390"},{"taxonomy":"categories-produits","embeddable":true,"href":"https:\/\/www.lessence-ciel.com\/en\/wp-json\/wp\/v2\/categories-produits?post=38390"},{"taxonomy":"thematique","embeddable":true,"href":"https:\/\/www.lessence-ciel.com\/en\/wp-json\/wp\/v2\/thematique?post=38390"},{"taxonomy":"product_brand","embeddable":true,"href":"https:\/\/www.lessence-ciel.com\/en\/wp-json\/wp\/v2\/product_brand?post=38390"}],"curies":[{"name":"wp","href":"https:\/\/api.w.org\/{rel}","templated":true}]}}