{"id":38413,"date":"2015-02-23T01:04:26","date_gmt":"2015-02-23T06:04:26","guid":{"rendered":"https:\/\/www.lessence-ciel.com\/?post_type=product&#038;p=38413"},"modified":"2018-12-02T14:35:54","modified_gmt":"2018-12-02T19:35:54","slug":"veritable-tarot-de-marseille-2","status":"publish","type":"product","link":"https:\/\/www.lessence-ciel.com\/en\/products-store\/veritable-tarot-de-marseille-2\/","title":{"rendered":"V\u00e9ritable Tarot de Marseille"},"content":{"rendered":"<p style=\"text-align: justify;\">Qui n&#8217;a jamais entendu parler de jeu de Tarot ? Qui ne s&#8217;est jamais fait lire son devenir par le Tarot ? Depuis des si\u00e8cles, le Tarot attire, fascine, intrigue et inspire les artistes et les spiritualistes.<\/p>\n<p>V\u00e9ritable ouvre d&#8217;art et de connaissance occulte, cette authentique reconstitution historique du Tarot de Marseille revalorise la symbolique, l&#8217;image et la couleur qui pr\u00e9sid\u00e8rent \u00e0 sa naissance, au XIIe si\u00e8cle.<br \/>\nL&#8217;originalit\u00e9 de ce Tarot r\u00e9side aussi dans le soin tout particulier apport\u00e9 au dos des cartes pour aider et am\u00e9liorer la pratique de l&#8217;art divinatoire.<\/p>\n<p>Comprend : un livret explicatif, 56 lames mineures et 22 lames majeures.<\/p>\n","protected":false},"excerpt":{"rendered":"<p>Qui n&#8217;a jamais entendu parler de jeu de Tarot ? Qui ne s&#8217;est jamais fait lire son devenir par le Tarot ? Depuis des si\u00e8cles, le Tarot attire, fascine, intrigue et inspire les artistes et les spiritualistes. V\u00e9ritable ouvre d&#8217;art et de connaissance occulte, cette authentique reconstitution historique du Tarot [&hellip;]<\/p>\n","protected":false},"featured_media":62743,"template":"","meta":{"_acf_changed":false,"wds_primary_classe-produit":0,"wds_primary_categories-produits":0,"wds_primary_thematique":0,"wds_primary_product_brand":0,"wds_primary_product_cat":0},"classe-produit":[374,366],"categories-produits":[],"thematique":[913,533,923],"product_brand":[],"class_list":{"0":"post-38413","1":"product","2":"type-product","3":"status-publish","4":"has-post-thumbnail","6":"classe-produit-tarots","7":"classe-produit-visionary-tools","8":"thematique-divination-oracles","9":"thematique-minds-sanctuary","10":"thematique-tarot","12":"first","13":"instock","14":"taxable","15":"shipping-taxable","16":"purchasable","17":"product-type-simple"},"acf":{"modele_type":"blog","modele_email":"single","acf-general_shortdesc":"","modele_single":{"lead_magnet":"","lead_click":"","post_hasvideo":"no","video_associee":{"post_video":"","description_video":"","thumb_video":null}},"modele_default":{"desc":"","lead_click":"Clique ici pour plus d'information"},"modele_hook":{"image_height":null,"lead_magnet":"","key_phase":"","desc":"","lead_click":"Clique ici pour plus d'information"},"modele_bullets":{"image_height":null,"bullets":null,"lead_click":"Clique ici pour plus d'information"}},"_links":{"self":[{"href":"https:\/\/www.lessence-ciel.com\/en\/wp-json\/wp\/v2\/product\/38413","targetHints":{"allow":["GET"]}}],"collection":[{"href":"https:\/\/www.lessence-ciel.com\/en\/wp-json\/wp\/v2\/product"}],"about":[{"href":"https:\/\/www.lessence-ciel.com\/en\/wp-json\/wp\/v2\/types\/product"}],"wp:featuredmedia":[{"embeddable":true,"href":"https:\/\/www.lessence-ciel.com\/en\/wp-json\/wp\/v2\/media\/62743"}],"wp:attachment":[{"href":"https:\/\/www.lessence-ciel.com\/en\/wp-json\/wp\/v2\/media?parent=38413"}],"wp:term":[{"taxonomy":"classe-produit","embeddable":true,"href":"https:\/\/www.lessence-ciel.com\/en\/wp-json\/wp\/v2\/classe-produit?post=38413"},{"taxonomy":"categories-produits","embeddable":true,"href":"https:\/\/www.lessence-ciel.com\/en\/wp-json\/wp\/v2\/categories-produits?post=38413"},{"taxonomy":"thematique","embeddable":true,"href":"https:\/\/www.lessence-ciel.com\/en\/wp-json\/wp\/v2\/thematique?post=38413"},{"taxonomy":"product_brand","embeddable":true,"href":"https:\/\/www.lessence-ciel.com\/en\/wp-json\/wp\/v2\/product_brand?post=38413"}],"curies":[{"name":"wp","href":"https:\/\/api.w.org\/{rel}","templated":true}]}}