{"id":38422,"date":"2015-02-23T01:04:28","date_gmt":"2015-02-23T06:04:28","guid":{"rendered":"https:\/\/www.lessence-ciel.com\/?post_type=product&#038;p=38422"},"modified":"2019-05-24T19:26:50","modified_gmt":"2019-05-24T23:26:50","slug":"cartes-oracles-des-anges-gardiens","status":"publish","type":"product","link":"https:\/\/www.lessence-ciel.com\/en\/products-store\/cartes-oracles-des-anges-gardiens\/","title":{"rendered":"Cartes oracles des Anges Gardiens"},"content":{"rendered":"<p style=\"text-align: justify;\">Demander des conseils aux anges est des plus ais\u00e9 gr\u00e2ce \u00e8a ce magnifique jeu de cartes des anges et son guide d&#8217;accompagnement. &nbsp;Bas\u00e9 sur les vision de l&#8217;experte des anges Chrissie Astell, ce superbe jeu de cartes illustr\u00e9 vous initiera au merveilleux monde des anges, en plus de pr\u00e9senter des conseil sur la fa\u00e7con de communiquer avec eux et la fa\u00e7on d&#8217;offrir du r\u00e9confort, de la gu\u00e9rison et de l&#8217;inspiration. &nbsp;Ce jeu est parfait pour ceux qui d\u00e9butent leur voyage avec les anges et pour ceux qui sont d\u00e9j\u00e0 familiers avec le pouvoir inspirant des anges.<\/p>\n","protected":false},"excerpt":{"rendered":"<p>Demander des conseils aux anges est des plus ais\u00e9 gr\u00e2ce \u00e8a ce magnifique jeu de cartes des anges et son guide d&#8217;accompagnement. &nbsp;Bas\u00e9 sur les vision de l&#8217;experte des anges Chrissie Astell, ce superbe jeu de cartes illustr\u00e9 vous initiera au merveilleux monde des anges, en plus de pr\u00e9senter des [&hellip;]<\/p>\n","protected":false},"featured_media":61658,"template":"","meta":{"_acf_changed":false,"wds_primary_classe-produit":0,"wds_primary_categories-produits":0,"wds_primary_thematique":0,"wds_primary_product_brand":0,"wds_primary_product_cat":0},"classe-produit":[380,366],"categories-produits":[],"thematique":[529,747,745],"product_brand":[],"class_list":{"0":"post-38422","1":"product","2":"type-product","3":"status-publish","4":"has-post-thumbnail","6":"classe-produit-oracles-en","7":"classe-produit-visionary-tools","8":"thematique-angels-world","9":"thematique-angels","10":"thematique-angels-archangels","12":"first","13":"instock","14":"taxable","15":"shipping-taxable","16":"purchasable","17":"product-type-simple"},"acf":{"modele_type":"blog","modele_email":"single","acf-general_shortdesc":"","modele_single":{"lead_magnet":"","lead_click":"","post_hasvideo":"no","video_associee":{"post_video":"","description_video":"","thumb_video":null}},"modele_default":{"desc":"","lead_click":"Clique ici pour plus d'information"},"modele_hook":{"image_height":null,"lead_magnet":"","key_phase":"","desc":"","lead_click":"Clique ici pour plus d'information"},"modele_bullets":{"image_height":null,"bullets":null,"lead_click":"Clique ici pour plus d'information"}},"_links":{"self":[{"href":"https:\/\/www.lessence-ciel.com\/en\/wp-json\/wp\/v2\/product\/38422","targetHints":{"allow":["GET"]}}],"collection":[{"href":"https:\/\/www.lessence-ciel.com\/en\/wp-json\/wp\/v2\/product"}],"about":[{"href":"https:\/\/www.lessence-ciel.com\/en\/wp-json\/wp\/v2\/types\/product"}],"wp:featuredmedia":[{"embeddable":true,"href":"https:\/\/www.lessence-ciel.com\/en\/wp-json\/wp\/v2\/media\/61658"}],"wp:attachment":[{"href":"https:\/\/www.lessence-ciel.com\/en\/wp-json\/wp\/v2\/media?parent=38422"}],"wp:term":[{"taxonomy":"classe-produit","embeddable":true,"href":"https:\/\/www.lessence-ciel.com\/en\/wp-json\/wp\/v2\/classe-produit?post=38422"},{"taxonomy":"categories-produits","embeddable":true,"href":"https:\/\/www.lessence-ciel.com\/en\/wp-json\/wp\/v2\/categories-produits?post=38422"},{"taxonomy":"thematique","embeddable":true,"href":"https:\/\/www.lessence-ciel.com\/en\/wp-json\/wp\/v2\/thematique?post=38422"},{"taxonomy":"product_brand","embeddable":true,"href":"https:\/\/www.lessence-ciel.com\/en\/wp-json\/wp\/v2\/product_brand?post=38422"}],"curies":[{"name":"wp","href":"https:\/\/api.w.org\/{rel}","templated":true}]}}