{"id":38425,"date":"2015-02-23T01:04:28","date_gmt":"2015-02-23T06:04:28","guid":{"rendered":"https:\/\/www.lessence-ciel.com\/?post_type=product&#038;p=38425"},"modified":"2020-08-11T16:01:45","modified_gmt":"2020-08-11T20:01:45","slug":"a-l-ecoute-de-votre-sixieme-sens","status":"publish","type":"product","link":"https:\/\/www.lessence-ciel.com\/en\/products-store\/a-l-ecoute-de-votre-sixieme-sens\/","title":{"rendered":"\u00c0 l&#8217;\u00e9coute de votre sixi\u00e8me sens"},"content":{"rendered":"<p style=\"text-align: justify;\"><span id=\"ctl09_ctl01_mz1Div_ctl00_ctl00_lblResumeValue\" class=\"lblResumeValue\">L&#8217;intuition, \u00e7a marche.<br \/>\nLes personnes intuitives font de bons choix dans la vie et l&#8217;univers r\u00e9pond \u00e0 leurs demandes, alors que les personnes coup\u00e9es de leur intuition sont en g\u00e9n\u00e9ral stress\u00e9es et prennent les mauvaises d\u00e9cisions. Tel est le message de la c\u00e9l\u00e8bre voyante Sonia Choquette qui nous montre comment avoir une vie extraordinaire en ouvrant notre canal intuitif. &#8221; A l&#8217;\u00e9coute de votre sixi\u00e8me sens &#8221; d\u00e9voile les secrets spirituels des personnes dot\u00e9es d&#8217;intuition.<br \/>\nGr\u00e2ce \u00e0 ce livre pratique et fascinant, vous vous connecterez \u00e0 vos dons pr\u00e9cieux : la confiance, la paix, la cr\u00e9ativit\u00e9, la sant\u00e9, l&#8217;abondance et l&#8217;amour. Pr\u00e9parez-vous \u00e0 une vie et un avenir radieux !<\/span><\/p>\n<p><span class=\"lblResumeValue\" style=\"font-family: Verdana;\">&nbsp;<\/span><\/p>\n","protected":false},"excerpt":{"rendered":"<p>L&#8217;intuition, \u00e7a marche. Les personnes intuitives font de bons choix dans la vie et l&#8217;univers r\u00e9pond \u00e0 leurs demandes, alors que les personnes coup\u00e9es de leur intuition sont en g\u00e9n\u00e9ral stress\u00e9es et prennent les mauvaises d\u00e9cisions. Tel est le message de la c\u00e9l\u00e8bre voyante Sonia Choquette qui nous montre comment [&hellip;]<\/p>\n","protected":false},"featured_media":61340,"template":"","meta":{"_acf_changed":false,"wds_primary_classe-produit":0,"wds_primary_categories-produits":0,"wds_primary_thematique":0,"wds_primary_product_brand":0,"wds_primary_product_cat":0},"classe-produit":[428,431],"categories-produits":[],"thematique":[931,533],"product_brand":[],"class_list":{"0":"post-38425","1":"product","2":"type-product","3":"status-publish","4":"has-post-thumbnail","6":"classe-produit-books","7":"classe-produit-library-books","8":"thematique-intuition-psychic-development-mediums","9":"thematique-minds-sanctuary","11":"first","12":"instock","13":"taxable","14":"shipping-taxable","15":"purchasable","16":"product-type-simple"},"acf":{"modele_type":"blog","modele_email":"single","acf-general_shortdesc":"","modele_single":{"lead_magnet":"","lead_click":"","post_hasvideo":"no","video_associee":{"post_video":"","description_video":"","thumb_video":null}},"modele_default":{"desc":"","lead_click":"Clique ici pour plus d'information"},"modele_hook":{"image_height":null,"lead_magnet":"","key_phase":"","desc":"","lead_click":"Clique ici pour plus d'information"},"modele_bullets":{"image_height":null,"bullets":null,"lead_click":"Clique ici pour plus d'information"}},"_links":{"self":[{"href":"https:\/\/www.lessence-ciel.com\/en\/wp-json\/wp\/v2\/product\/38425","targetHints":{"allow":["GET"]}}],"collection":[{"href":"https:\/\/www.lessence-ciel.com\/en\/wp-json\/wp\/v2\/product"}],"about":[{"href":"https:\/\/www.lessence-ciel.com\/en\/wp-json\/wp\/v2\/types\/product"}],"wp:featuredmedia":[{"embeddable":true,"href":"https:\/\/www.lessence-ciel.com\/en\/wp-json\/wp\/v2\/media\/61340"}],"wp:attachment":[{"href":"https:\/\/www.lessence-ciel.com\/en\/wp-json\/wp\/v2\/media?parent=38425"}],"wp:term":[{"taxonomy":"classe-produit","embeddable":true,"href":"https:\/\/www.lessence-ciel.com\/en\/wp-json\/wp\/v2\/classe-produit?post=38425"},{"taxonomy":"categories-produits","embeddable":true,"href":"https:\/\/www.lessence-ciel.com\/en\/wp-json\/wp\/v2\/categories-produits?post=38425"},{"taxonomy":"thematique","embeddable":true,"href":"https:\/\/www.lessence-ciel.com\/en\/wp-json\/wp\/v2\/thematique?post=38425"},{"taxonomy":"product_brand","embeddable":true,"href":"https:\/\/www.lessence-ciel.com\/en\/wp-json\/wp\/v2\/product_brand?post=38425"}],"curies":[{"name":"wp","href":"https:\/\/api.w.org\/{rel}","templated":true}]}}