{"id":38434,"date":"2015-02-23T01:04:32","date_gmt":"2015-02-23T06:04:32","guid":{"rendered":"https:\/\/www.lessence-ciel.com\/?post_type=product&#038;p=38434"},"modified":"2020-08-11T16:01:37","modified_gmt":"2020-08-11T20:01:37","slug":"vous-savez-deja","status":"publish","type":"product","link":"https:\/\/www.lessence-ciel.com\/en\/products-store\/vous-savez-deja\/","title":{"rendered":"Vous savez d\u00e9j\u00e0!"},"content":{"rendered":"<p style=\"text-align: justify;\">Bien que de grands penseurs de notre \u00e9poque, dont Steve Jobs, le cofondateur d&#8217;Apple, aient publiquement attribu\u00e9 leur succ\u00e8s \u00e0 des id\u00e9es re\u00e7ues intuitivement, la majorit\u00e9 des gens ne font pas confiance \u00e0 leur intuition et ne cherche pas \u00e0 la d\u00e9velopper. Pourtant, vivre intuitivement, c&#8217;est vivre librement, selon l&#8217;auteure.<\/p>\n<p>S&#8217;appuyant sur les neurosciences, la psychologie et la spiritualit\u00e9, Becky Walsh explique que nous sommes dot\u00e9s non pas d&#8217;une mais de quatre formes d&#8217;intuition : mentale, somatique, \u00e9motionnelle et spirituelle. Elle d\u00e9crit chacune d&#8217;elles et d\u00e9montre clairement \u00e0 quel point non seulement elles peuvent \u00eatre utiles mais qu&#8217;elles deviennent m\u00eame indispensables dans notre monde moderne surcharg\u00e9 d&#8217;informations et d&#8217;activit\u00e9s et r\u00e9gi par la rapidit\u00e9 \u00e0 tous les niveaux. Elle s&#8217;attarde ensuite \u00e0 d\u00e9crire comment nous pouvons nous servir de notre intuition dans les diff\u00e9rents aspects de notre vie.<\/p>\n<p>Parsem\u00e9 d&#8217;exemples r\u00e9els et de conseils pratiques, Vous savez d\u00e9j\u00e0! couvre comme aucun autre ouvrage auparavant toutes les dimensions de l&#8217;intuition et ouvre la porte sur le monde fascinant de la connaissance int\u00e9rieure. Apr\u00e8s la lecture de cet ouvrage incontournable, nous aussi nous pourrons dor\u00e9navant dire : \u00ab Je sais d\u00e9j\u00e0! \u00bb.&nbsp;<\/p>\n","protected":false},"excerpt":{"rendered":"<p>Bien que de grands penseurs de notre \u00e9poque, dont Steve Jobs, le cofondateur d&#8217;Apple, aient publiquement attribu\u00e9 leur succ\u00e8s \u00e0 des id\u00e9es re\u00e7ues intuitivement, la majorit\u00e9 des gens ne font pas confiance \u00e0 leur intuition et ne cherche pas \u00e0 la d\u00e9velopper. Pourtant, vivre intuitivement, c&#8217;est vivre librement, selon l&#8217;auteure. [&hellip;]<\/p>\n","protected":false},"featured_media":62767,"template":"","meta":{"_acf_changed":false,"wds_primary_classe-produit":0,"wds_primary_categories-produits":0,"wds_primary_thematique":0,"wds_primary_product_brand":0,"wds_primary_product_cat":0},"classe-produit":[428,431],"categories-produits":[],"thematique":[931,533],"product_brand":[],"class_list":{"0":"post-38434","1":"product","2":"type-product","3":"status-publish","4":"has-post-thumbnail","6":"classe-produit-books","7":"classe-produit-library-books","8":"thematique-intuition-psychic-development-mediums","9":"thematique-minds-sanctuary","11":"first","12":"instock","13":"taxable","14":"shipping-taxable","15":"purchasable","16":"product-type-simple"},"acf":{"modele_type":"blog","modele_email":"single","acf-general_shortdesc":"","modele_single":{"lead_magnet":"","lead_click":"","post_hasvideo":"no","video_associee":{"post_video":"","description_video":"","thumb_video":null}},"modele_default":{"desc":"","lead_click":"Clique ici pour plus d'information"},"modele_hook":{"image_height":null,"lead_magnet":"","key_phase":"","desc":"","lead_click":"Clique ici pour plus d'information"},"modele_bullets":{"image_height":null,"bullets":null,"lead_click":"Clique ici pour plus d'information"}},"_links":{"self":[{"href":"https:\/\/www.lessence-ciel.com\/en\/wp-json\/wp\/v2\/product\/38434","targetHints":{"allow":["GET"]}}],"collection":[{"href":"https:\/\/www.lessence-ciel.com\/en\/wp-json\/wp\/v2\/product"}],"about":[{"href":"https:\/\/www.lessence-ciel.com\/en\/wp-json\/wp\/v2\/types\/product"}],"wp:featuredmedia":[{"embeddable":true,"href":"https:\/\/www.lessence-ciel.com\/en\/wp-json\/wp\/v2\/media\/62767"}],"wp:attachment":[{"href":"https:\/\/www.lessence-ciel.com\/en\/wp-json\/wp\/v2\/media?parent=38434"}],"wp:term":[{"taxonomy":"classe-produit","embeddable":true,"href":"https:\/\/www.lessence-ciel.com\/en\/wp-json\/wp\/v2\/classe-produit?post=38434"},{"taxonomy":"categories-produits","embeddable":true,"href":"https:\/\/www.lessence-ciel.com\/en\/wp-json\/wp\/v2\/categories-produits?post=38434"},{"taxonomy":"thematique","embeddable":true,"href":"https:\/\/www.lessence-ciel.com\/en\/wp-json\/wp\/v2\/thematique?post=38434"},{"taxonomy":"product_brand","embeddable":true,"href":"https:\/\/www.lessence-ciel.com\/en\/wp-json\/wp\/v2\/product_brand?post=38434"}],"curies":[{"name":"wp","href":"https:\/\/api.w.org\/{rel}","templated":true}]}}