{"id":38440,"date":"2015-02-23T01:04:34","date_gmt":"2015-02-23T06:04:34","guid":{"rendered":"https:\/\/www.lessence-ciel.com\/?post_type=product&#038;p=38440"},"modified":"2020-08-11T16:01:34","modified_gmt":"2020-08-11T20:01:34","slug":"101-jours-pour-developper-votre-don-de-voyance","status":"publish","type":"product","link":"https:\/\/www.lessence-ciel.com\/en\/products-store\/101-jours-pour-developper-votre-don-de-voyance\/","title":{"rendered":"101 jours pour d\u00e9velopper votre don de voyance"},"content":{"rendered":"<p style=\"text-align: justify;\">Etes-vous de ceux qui consultent r\u00e9guli\u00e8rement des voyantes, mais qui aimeraient avoir les capacit\u00e9s de voir par eux-m\u00eames ? Vous a-t-on d\u00e9j\u00e0 dit que vous aviez un don de voyance dont vous ne soup\u00e7onniez pas l&#8217;existence ? Souhaitez-vous conna\u00eetre votre avenir pour \u00e9viter certains obstacles et am\u00e9liorer votre vie ainsi que celle des autres ? Qui que vous soyez, vous pouvez apprendre \u00e0 ma\u00eetriser ce pouvoir. Etes-vous pr\u00eats \u00e0 d\u00e9velopper votre don de voyance ? Gr\u00e2ce \u00e0 une pr\u00e9paration pr\u00e9alable sous forme de r\u00e9flexion, de techniques pour purifier et prot\u00e9ger votre esprit ainsi que de notions pour canaliser votre force psychique, vous pourrez activer votre don de voyance. Cet ouvrage offre un \u00e9ventail complet des m\u00e9thodes utilis\u00e9es pour y parvenir. Il vous permettra \u00e9galement d&#8217;identifier la source de votre pouvoir, qu&#8217;il soit le fruit de votre sensibilit\u00e9 \u00e9motionnelle ou qu&#8217;il vous soit transmis par le biais d&#8217;un objet. Parmi les notions pr\u00e9sent\u00e9es, vous d\u00e9couvrirez les arts divinatoires de base, tels que le tarot et les d\u00e9s, et d&#8217;autres plus abstraites, tels que la boule de cristal et les r\u00eaves. Vous terminerez votre apprentissage par des techniques plus pouss\u00e9es comme la voyance pure, la projection et le contact avec des entit\u00e9s sup\u00e9rieures. La th\u00e9orie est \u00e9chelonn\u00e9e sur 101 jours et, \u00e0 tous les quatre jours, des exercices vous sont propos\u00e9s afin de mettre en pratique vos nouvelles connaissances. Si vous suivez la d\u00e9marche telle que pr\u00e9sent\u00e9e, vous ne pourrez refermer ce livre sans en avoir retir\u00e9 une exp\u00e9rience concluante. Allez, plongez dans cet univers nouveau qui s&#8217;ouvre \u00e0 vous !<\/p>\n","protected":false},"excerpt":{"rendered":"<p>Etes-vous de ceux qui consultent r\u00e9guli\u00e8rement des voyantes, mais qui aimeraient avoir les capacit\u00e9s de voir par eux-m\u00eames ? Vous a-t-on d\u00e9j\u00e0 dit que vous aviez un don de voyance dont vous ne soup\u00e7onniez pas l&#8217;existence ? Souhaitez-vous conna\u00eetre votre avenir pour \u00e9viter certains obstacles et am\u00e9liorer votre vie ainsi [&hellip;]<\/p>\n","protected":false},"featured_media":61335,"template":"","meta":{"_acf_changed":false,"wds_primary_classe-produit":0,"wds_primary_categories-produits":0,"wds_primary_thematique":0,"wds_primary_product_brand":0,"wds_primary_product_cat":0},"classe-produit":[428,431],"categories-produits":[],"thematique":[931,533],"product_brand":[],"class_list":{"0":"post-38440","1":"product","2":"type-product","3":"status-publish","4":"has-post-thumbnail","6":"classe-produit-books","7":"classe-produit-library-books","8":"thematique-intuition-psychic-development-mediums","9":"thematique-minds-sanctuary","11":"first","12":"instock","13":"taxable","14":"shipping-taxable","15":"purchasable","16":"product-type-simple"},"acf":{"modele_type":"blog","modele_email":"single","acf-general_shortdesc":"","modele_single":{"lead_magnet":"","lead_click":"","post_hasvideo":"no","video_associee":{"post_video":"","description_video":"","thumb_video":null}},"modele_default":{"desc":"","lead_click":"Clique ici pour plus d'information"},"modele_hook":{"image_height":null,"lead_magnet":"","key_phase":"","desc":"","lead_click":"Clique ici pour plus d'information"},"modele_bullets":{"image_height":null,"bullets":null,"lead_click":"Clique ici pour plus d'information"}},"_links":{"self":[{"href":"https:\/\/www.lessence-ciel.com\/en\/wp-json\/wp\/v2\/product\/38440","targetHints":{"allow":["GET"]}}],"collection":[{"href":"https:\/\/www.lessence-ciel.com\/en\/wp-json\/wp\/v2\/product"}],"about":[{"href":"https:\/\/www.lessence-ciel.com\/en\/wp-json\/wp\/v2\/types\/product"}],"wp:featuredmedia":[{"embeddable":true,"href":"https:\/\/www.lessence-ciel.com\/en\/wp-json\/wp\/v2\/media\/61335"}],"wp:attachment":[{"href":"https:\/\/www.lessence-ciel.com\/en\/wp-json\/wp\/v2\/media?parent=38440"}],"wp:term":[{"taxonomy":"classe-produit","embeddable":true,"href":"https:\/\/www.lessence-ciel.com\/en\/wp-json\/wp\/v2\/classe-produit?post=38440"},{"taxonomy":"categories-produits","embeddable":true,"href":"https:\/\/www.lessence-ciel.com\/en\/wp-json\/wp\/v2\/categories-produits?post=38440"},{"taxonomy":"thematique","embeddable":true,"href":"https:\/\/www.lessence-ciel.com\/en\/wp-json\/wp\/v2\/thematique?post=38440"},{"taxonomy":"product_brand","embeddable":true,"href":"https:\/\/www.lessence-ciel.com\/en\/wp-json\/wp\/v2\/product_brand?post=38440"}],"curies":[{"name":"wp","href":"https:\/\/api.w.org\/{rel}","templated":true}]}}