{"id":38443,"date":"2015-02-23T01:04:35","date_gmt":"2015-02-23T06:04:35","guid":{"rendered":"https:\/\/www.lessence-ciel.com\/?post_type=product&#038;p=38443"},"modified":"2020-08-11T16:01:28","modified_gmt":"2020-08-11T20:01:28","slug":"technique-de-visualisation-creatrice","status":"publish","type":"product","link":"https:\/\/www.lessence-ciel.com\/en\/products-store\/technique-de-visualisation-creatrice\/","title":{"rendered":"Technique de visualisation cr\u00e9atrice"},"content":{"rendered":"<p>Ce manuel d&#8217;exercices con\u00e7u par l&#8217;auteur pour compl\u00e9ter son pr\u00e9c\u00e9dent ouvrage Techniques de visualisation cr\u00e9atrice propose des techniques de visualisation rapides, puissantes et efficaces.<br \/>\nVous apprendrez \u00e0 utiliser la puissance de votre imagination pour manifester tous vos d\u00e9sirs en \u00e9tablissant un programme personnalis\u00e9 qui correspond \u00e0 votre personnalit\u00e9, votre mode de vie et vos souhaits.<\/p>\n","protected":false},"excerpt":{"rendered":"<p>Ce manuel d&#8217;exercices con\u00e7u par l&#8217;auteur pour compl\u00e9ter son pr\u00e9c\u00e9dent ouvrage Techniques de visualisation cr\u00e9atrice propose des techniques de visualisation rapides, puissantes et efficaces. Vous apprendrez \u00e0 utiliser la puissance de votre imagination pour manifester tous vos d\u00e9sirs en \u00e9tablissant un programme personnalis\u00e9 qui correspond \u00e0 votre personnalit\u00e9, votre mode [&hellip;]<\/p>\n","protected":false},"featured_media":62679,"template":"","meta":{"_acf_changed":false,"wds_primary_classe-produit":0,"wds_primary_categories-produits":0,"wds_primary_thematique":0,"wds_primary_product_brand":0,"wds_primary_product_cat":0},"classe-produit":[428,431],"categories-produits":[],"thematique":[931,533],"product_brand":[],"class_list":{"0":"post-38443","1":"product","2":"type-product","3":"status-publish","4":"has-post-thumbnail","6":"classe-produit-books","7":"classe-produit-library-books","8":"thematique-intuition-psychic-development-mediums","9":"thematique-minds-sanctuary","11":"first","12":"instock","13":"taxable","14":"shipping-taxable","15":"purchasable","16":"product-type-simple"},"acf":{"modele_type":"blog","modele_email":"single","acf-general_shortdesc":"","modele_single":{"lead_magnet":"","lead_click":"","post_hasvideo":"no","video_associee":{"post_video":"","description_video":"","thumb_video":null}},"modele_default":{"desc":"","lead_click":"Clique ici pour plus d'information"},"modele_hook":{"image_height":null,"lead_magnet":"","key_phase":"","desc":"","lead_click":"Clique ici pour plus d'information"},"modele_bullets":{"image_height":null,"bullets":null,"lead_click":"Clique ici pour plus d'information"}},"_links":{"self":[{"href":"https:\/\/www.lessence-ciel.com\/en\/wp-json\/wp\/v2\/product\/38443","targetHints":{"allow":["GET"]}}],"collection":[{"href":"https:\/\/www.lessence-ciel.com\/en\/wp-json\/wp\/v2\/product"}],"about":[{"href":"https:\/\/www.lessence-ciel.com\/en\/wp-json\/wp\/v2\/types\/product"}],"wp:featuredmedia":[{"embeddable":true,"href":"https:\/\/www.lessence-ciel.com\/en\/wp-json\/wp\/v2\/media\/62679"}],"wp:attachment":[{"href":"https:\/\/www.lessence-ciel.com\/en\/wp-json\/wp\/v2\/media?parent=38443"}],"wp:term":[{"taxonomy":"classe-produit","embeddable":true,"href":"https:\/\/www.lessence-ciel.com\/en\/wp-json\/wp\/v2\/classe-produit?post=38443"},{"taxonomy":"categories-produits","embeddable":true,"href":"https:\/\/www.lessence-ciel.com\/en\/wp-json\/wp\/v2\/categories-produits?post=38443"},{"taxonomy":"thematique","embeddable":true,"href":"https:\/\/www.lessence-ciel.com\/en\/wp-json\/wp\/v2\/thematique?post=38443"},{"taxonomy":"product_brand","embeddable":true,"href":"https:\/\/www.lessence-ciel.com\/en\/wp-json\/wp\/v2\/product_brand?post=38443"}],"curies":[{"name":"wp","href":"https:\/\/api.w.org\/{rel}","templated":true}]}}