{"id":38446,"date":"2015-02-23T01:04:36","date_gmt":"2015-02-23T06:04:36","guid":{"rendered":"https:\/\/www.lessence-ciel.com\/?post_type=product&#038;p=38446"},"modified":"2020-08-11T16:01:25","modified_gmt":"2020-08-11T20:01:25","slug":"demandez-a-vos-guides-3","status":"publish","type":"product","link":"https:\/\/www.lessence-ciel.com\/en\/products-store\/demandez-a-vos-guides-3\/","title":{"rendered":"Demandez \u00e0 vos guides"},"content":{"rendered":"<p style=\"text-align: justify;\"><span id=\"ctl09_ctl01_mz1Div_ctl00_ctl00_lblResumeValue\" class=\"lblResumeValue\">Les guides porteurs de joie ont pour unique mission de nous aider \u00e0 surmonter nos difficult\u00e9s et \u00e0 nous rappeler combien la vie est magnifique. Particuli\u00e8rement attir\u00e9s par les b\u00e9b\u00e9s et les jeunes enfants, ils les amusent en faisant toutes sortes de singeries, souvent imit\u00e9es par ces derniers. Si jamais vous entendez un b\u00e9b\u00e9 rire et s&#8217;amuser tout seul dans sa chambre, vous saurez que celle ci est remplie de guides porteurs de joie.<\/span><\/p>\n<p style=\"text-align: justify;\"><span class=\"lblResumeValue\" style=\"font-family: Verdana;\">&nbsp;<\/span><\/p>\n","protected":false},"excerpt":{"rendered":"<p>Les guides porteurs de joie ont pour unique mission de nous aider \u00e0 surmonter nos difficult\u00e9s et \u00e0 nous rappeler combien la vie est magnifique. Particuli\u00e8rement attir\u00e9s par les b\u00e9b\u00e9s et les jeunes enfants, ils les amusent en faisant toutes sortes de singeries, souvent imit\u00e9es par ces derniers. Si jamais [&hellip;]<\/p>\n","protected":false},"featured_media":61787,"template":"","meta":{"_acf_changed":false,"wds_primary_classe-produit":0,"wds_primary_categories-produits":0,"wds_primary_thematique":0,"wds_primary_product_brand":0,"wds_primary_product_cat":0},"classe-produit":[428,431],"categories-produits":[],"thematique":[931,533],"product_brand":[],"class_list":{"0":"post-38446","1":"product","2":"type-product","3":"status-publish","4":"has-post-thumbnail","6":"classe-produit-books","7":"classe-produit-library-books","8":"thematique-intuition-psychic-development-mediums","9":"thematique-minds-sanctuary","11":"first","12":"instock","13":"taxable","14":"shipping-taxable","15":"purchasable","16":"product-type-simple"},"acf":{"modele_type":"blog","modele_email":"single","acf-general_shortdesc":"","modele_single":{"lead_magnet":"","lead_click":"","post_hasvideo":"no","video_associee":{"post_video":"","description_video":"","thumb_video":null}},"modele_default":{"desc":"","lead_click":"Clique ici pour plus d'information"},"modele_hook":{"image_height":null,"lead_magnet":"","key_phase":"","desc":"","lead_click":"Clique ici pour plus d'information"},"modele_bullets":{"image_height":null,"bullets":null,"lead_click":"Clique ici pour plus d'information"}},"_links":{"self":[{"href":"https:\/\/www.lessence-ciel.com\/en\/wp-json\/wp\/v2\/product\/38446","targetHints":{"allow":["GET"]}}],"collection":[{"href":"https:\/\/www.lessence-ciel.com\/en\/wp-json\/wp\/v2\/product"}],"about":[{"href":"https:\/\/www.lessence-ciel.com\/en\/wp-json\/wp\/v2\/types\/product"}],"wp:featuredmedia":[{"embeddable":true,"href":"https:\/\/www.lessence-ciel.com\/en\/wp-json\/wp\/v2\/media\/61787"}],"wp:attachment":[{"href":"https:\/\/www.lessence-ciel.com\/en\/wp-json\/wp\/v2\/media?parent=38446"}],"wp:term":[{"taxonomy":"classe-produit","embeddable":true,"href":"https:\/\/www.lessence-ciel.com\/en\/wp-json\/wp\/v2\/classe-produit?post=38446"},{"taxonomy":"categories-produits","embeddable":true,"href":"https:\/\/www.lessence-ciel.com\/en\/wp-json\/wp\/v2\/categories-produits?post=38446"},{"taxonomy":"thematique","embeddable":true,"href":"https:\/\/www.lessence-ciel.com\/en\/wp-json\/wp\/v2\/thematique?post=38446"},{"taxonomy":"product_brand","embeddable":true,"href":"https:\/\/www.lessence-ciel.com\/en\/wp-json\/wp\/v2\/product_brand?post=38446"}],"curies":[{"name":"wp","href":"https:\/\/api.w.org\/{rel}","templated":true}]}}