{"id":38452,"date":"2015-02-23T01:04:38","date_gmt":"2015-02-23T06:04:38","guid":{"rendered":"https:\/\/www.lessence-ciel.com\/?post_type=product&#038;p=38452"},"modified":"2020-08-11T16:01:16","modified_gmt":"2020-08-11T20:01:16","slug":"le-guide-essentiel-des-pouvoir-psychiques","status":"publish","type":"product","link":"https:\/\/www.lessence-ciel.com\/en\/products-store\/le-guide-essentiel-des-pouvoir-psychiques\/","title":{"rendered":"Le guide essentiel des Pouvoir Psychiques"},"content":{"rendered":"<p style=\"text-align: justify;\"><span id=\"ctl09_ctl01_mz1Div_ctl00_ctl00_lblResumeValue\" class=\"lblResumeValue\">Un guide pour identifier et d\u00e9velopper ses facult\u00e9s psychiques et pouvoir ainsi comprendre les autres, conna\u00eetre l&#8217;avenir, se prot\u00e9ger psychiquement ou se gu\u00e9rir. Il pr\u00e9sente tous les outils et techniques, de la radiesth\u00e9sie \u00e0 la num\u00e9rologie en passant par la chiromancie, le tarot ou les runes.<\/span><\/p>\n<p style=\"text-align: justify;\"><span class=\"lblResumeValue\" style=\"font-family: Verdana;\">&nbsp;<\/span><\/p>\n","protected":false},"excerpt":{"rendered":"<p>Un guide pour identifier et d\u00e9velopper ses facult\u00e9s psychiques et pouvoir ainsi comprendre les autres, conna\u00eetre l&#8217;avenir, se prot\u00e9ger psychiquement ou se gu\u00e9rir. Il pr\u00e9sente tous les outils et techniques, de la radiesth\u00e9sie \u00e0 la num\u00e9rologie en passant par la chiromancie, le tarot ou les runes. &nbsp;<\/p>\n","protected":false},"featured_media":62133,"template":"","meta":{"_acf_changed":false,"wds_primary_classe-produit":0,"wds_primary_categories-produits":0,"wds_primary_thematique":0,"wds_primary_product_brand":0,"wds_primary_product_cat":0},"classe-produit":[428,431],"categories-produits":[],"thematique":[931,533],"product_brand":[],"class_list":{"0":"post-38452","1":"product","2":"type-product","3":"status-publish","4":"has-post-thumbnail","6":"classe-produit-books","7":"classe-produit-library-books","8":"thematique-intuition-psychic-development-mediums","9":"thematique-minds-sanctuary","11":"first","12":"instock","13":"taxable","14":"shipping-taxable","15":"purchasable","16":"product-type-simple"},"acf":{"modele_type":"blog","modele_email":"single","acf-general_shortdesc":"","modele_single":{"lead_magnet":"","lead_click":"","post_hasvideo":"no","video_associee":{"post_video":"","description_video":"","thumb_video":null}},"modele_default":{"desc":"","lead_click":"Clique ici pour plus d'information"},"modele_hook":{"image_height":null,"lead_magnet":"","key_phase":"","desc":"","lead_click":"Clique ici pour plus d'information"},"modele_bullets":{"image_height":null,"bullets":null,"lead_click":"Clique ici pour plus d'information"}},"_links":{"self":[{"href":"https:\/\/www.lessence-ciel.com\/en\/wp-json\/wp\/v2\/product\/38452","targetHints":{"allow":["GET"]}}],"collection":[{"href":"https:\/\/www.lessence-ciel.com\/en\/wp-json\/wp\/v2\/product"}],"about":[{"href":"https:\/\/www.lessence-ciel.com\/en\/wp-json\/wp\/v2\/types\/product"}],"wp:featuredmedia":[{"embeddable":true,"href":"https:\/\/www.lessence-ciel.com\/en\/wp-json\/wp\/v2\/media\/62133"}],"wp:attachment":[{"href":"https:\/\/www.lessence-ciel.com\/en\/wp-json\/wp\/v2\/media?parent=38452"}],"wp:term":[{"taxonomy":"classe-produit","embeddable":true,"href":"https:\/\/www.lessence-ciel.com\/en\/wp-json\/wp\/v2\/classe-produit?post=38452"},{"taxonomy":"categories-produits","embeddable":true,"href":"https:\/\/www.lessence-ciel.com\/en\/wp-json\/wp\/v2\/categories-produits?post=38452"},{"taxonomy":"thematique","embeddable":true,"href":"https:\/\/www.lessence-ciel.com\/en\/wp-json\/wp\/v2\/thematique?post=38452"},{"taxonomy":"product_brand","embeddable":true,"href":"https:\/\/www.lessence-ciel.com\/en\/wp-json\/wp\/v2\/product_brand?post=38452"}],"curies":[{"name":"wp","href":"https:\/\/api.w.org\/{rel}","templated":true}]}}