{"id":38455,"date":"2015-02-23T01:04:39","date_gmt":"2015-02-23T06:04:39","guid":{"rendered":"https:\/\/www.lessence-ciel.com\/?post_type=product&#038;p=38455"},"modified":"2020-08-11T16:01:10","modified_gmt":"2020-08-11T20:01:10","slug":"techniques-de-visualisation-creatrice-3","status":"publish","type":"product","link":"https:\/\/www.lessence-ciel.com\/en\/products-store\/techniques-de-visualisation-creatrice-3\/","title":{"rendered":"Techniques de visualisation cr\u00e9atrice"},"content":{"rendered":"<p style=\"text-align: justify;\">Pour \u00eatre d\u00e9tendu et serein, pour am\u00e9liorer sa sant\u00e9, pour d\u00e9velopper sa cr\u00e9ativit\u00e9, pour nouer des relations humaines enrichissantes, pour r\u00e9ussir sa vie professionnelle&#8230; une technique puissante existe : la visualisation cr\u00e9atrice.<\/p>\n<p>Shakti Gawain ne se contente pas de d\u00e9crire cette technique. Elle vous explique comment venir \u00e0 bout des blocages qui emp\u00eachent la r\u00e9alisation de vos d\u00e9sirs et d\u00e9voile les attitudes int\u00e9rieures susceptibles de vous aider \u00e0 \u00abfabriquer\u00bb votre destin et \u00e0 provoquer la chance.<\/p>\n<p>Plus vous d\u00e9velopperez votre imagination, plus vous serez \u00e0 m\u00eame d&#8217;attirer \u00e0 vous des gens qui vous veulent du bien et les choses qui vous font plaisir : une maison, de l&#8217;argent&#8230; Dans ce livre clair et truff\u00e9 de conseils pratiques, vous apprendrez \u00e0 \u00e9veiller l&#8217;immense potentiel de r\u00e9ussite et de joie enfoui en vous.<\/p>\n","protected":false},"excerpt":{"rendered":"<p>Pour \u00eatre d\u00e9tendu et serein, pour am\u00e9liorer sa sant\u00e9, pour d\u00e9velopper sa cr\u00e9ativit\u00e9, pour nouer des relations humaines enrichissantes, pour r\u00e9ussir sa vie professionnelle&#8230; une technique puissante existe : la visualisation cr\u00e9atrice. Shakti Gawain ne se contente pas de d\u00e9crire cette technique. Elle vous explique comment venir \u00e0 bout des [&hellip;]<\/p>\n","protected":false},"featured_media":62680,"template":"","meta":{"_acf_changed":false,"wds_primary_classe-produit":0,"wds_primary_categories-produits":0,"wds_primary_thematique":0,"wds_primary_product_brand":0,"wds_primary_product_cat":0},"classe-produit":[428,431],"categories-produits":[],"thematique":[931,533],"product_brand":[],"class_list":{"0":"post-38455","1":"product","2":"type-product","3":"status-publish","4":"has-post-thumbnail","6":"classe-produit-books","7":"classe-produit-library-books","8":"thematique-intuition-psychic-development-mediums","9":"thematique-minds-sanctuary","11":"first","12":"instock","13":"taxable","14":"shipping-taxable","15":"purchasable","16":"product-type-simple"},"acf":{"modele_type":"blog","modele_email":"single","acf-general_shortdesc":"","modele_single":{"lead_magnet":"","lead_click":"","post_hasvideo":"no","video_associee":{"post_video":"","description_video":"","thumb_video":null}},"modele_default":{"desc":"","lead_click":"Clique ici pour plus d'information"},"modele_hook":{"image_height":null,"lead_magnet":"","key_phase":"","desc":"","lead_click":"Clique ici pour plus d'information"},"modele_bullets":{"image_height":null,"bullets":null,"lead_click":"Clique ici pour plus d'information"}},"_links":{"self":[{"href":"https:\/\/www.lessence-ciel.com\/en\/wp-json\/wp\/v2\/product\/38455","targetHints":{"allow":["GET"]}}],"collection":[{"href":"https:\/\/www.lessence-ciel.com\/en\/wp-json\/wp\/v2\/product"}],"about":[{"href":"https:\/\/www.lessence-ciel.com\/en\/wp-json\/wp\/v2\/types\/product"}],"wp:featuredmedia":[{"embeddable":true,"href":"https:\/\/www.lessence-ciel.com\/en\/wp-json\/wp\/v2\/media\/62680"}],"wp:attachment":[{"href":"https:\/\/www.lessence-ciel.com\/en\/wp-json\/wp\/v2\/media?parent=38455"}],"wp:term":[{"taxonomy":"classe-produit","embeddable":true,"href":"https:\/\/www.lessence-ciel.com\/en\/wp-json\/wp\/v2\/classe-produit?post=38455"},{"taxonomy":"categories-produits","embeddable":true,"href":"https:\/\/www.lessence-ciel.com\/en\/wp-json\/wp\/v2\/categories-produits?post=38455"},{"taxonomy":"thematique","embeddable":true,"href":"https:\/\/www.lessence-ciel.com\/en\/wp-json\/wp\/v2\/thematique?post=38455"},{"taxonomy":"product_brand","embeddable":true,"href":"https:\/\/www.lessence-ciel.com\/en\/wp-json\/wp\/v2\/product_brand?post=38455"}],"curies":[{"name":"wp","href":"https:\/\/api.w.org\/{rel}","templated":true}]}}