{"id":38583,"date":"2015-02-23T01:05:05","date_gmt":"2015-02-23T06:05:05","guid":{"rendered":"https:\/\/www.lessence-ciel.com\/?post_type=product&#038;p=38583"},"modified":"2018-12-23T14:58:51","modified_gmt":"2018-12-23T19:58:51","slug":"la-creation-artistique","status":"publish","type":"product","link":"https:\/\/www.lessence-ciel.com\/en\/products-store\/la-creation-artistique\/","title":{"rendered":"La cr\u00e9ation artistique"},"content":{"rendered":"<p>\u00ab Dans l\u2019avenir, c\u2019est aux artistes que l\u2019on donnera la premi\u00e8re place, car le v\u00e9ritable artiste est \u00e0 la fois un pr\u00eatre, un philosophe et un savant. Oui, car le r\u00f4le de l\u2019artiste, c\u2019est de r\u00e9aliser dans le plan physique ce que l\u2019intelligence con\u00e7oit comme vrai, ce que le c\u0153ur sent comme bon, afin que le monde sup\u00e9rieur, le monde de l\u2019Esprit, puisse descendre s\u2019incarner dans la mati\u00e8re. \u00bb<\/p>\n<p>&#8211;\u00a0Omraam Mikha\u00ebl A\u00efvanhov<\/p>\n","protected":false},"excerpt":{"rendered":"<p>\u00ab Dans l\u2019avenir, c\u2019est aux artistes que l\u2019on donnera la premi\u00e8re place, car le v\u00e9ritable artiste est \u00e0 la fois un pr\u00eatre, un philosophe et un savant. Oui, car le r\u00f4le de l\u2019artiste, c\u2019est de r\u00e9aliser dans le plan physique ce que l\u2019intelligence con\u00e7oit comme vrai, ce que le c\u0153ur [&hellip;]<\/p>\n","protected":false},"featured_media":62010,"template":"","meta":{"_acf_changed":false,"wds_primary_classe-produit":0,"wds_primary_categories-produits":0,"wds_primary_thematique":0,"wds_primary_product_brand":0,"wds_primary_product_cat":0},"classe-produit":[351,360],"categories-produits":[],"thematique":[529,533,945,755],"product_brand":[],"class_list":{"0":"post-38583","1":"product","2":"type-product","3":"status-publish","4":"has-post-thumbnail","6":"classe-produit-cd-en","7":"classe-produit-dvd-en","8":"thematique-angels-world","9":"thematique-minds-sanctuary","10":"thematique-omraam-mikhael-aivanhov","11":"thematique-spiritual-teaching","13":"first","14":"instock","15":"taxable","16":"shipping-taxable","17":"purchasable","18":"product-type-simple"},"acf":{"modele_type":"blog","modele_email":"single","acf-general_shortdesc":"","modele_single":{"lead_magnet":"","lead_click":"","post_hasvideo":"no","video_associee":{"post_video":"","description_video":"","thumb_video":null}},"modele_default":{"desc":"","lead_click":"Clique ici pour plus d'information"},"modele_hook":{"image_height":null,"lead_magnet":"","key_phase":"","desc":"","lead_click":"Clique ici pour plus d'information"},"modele_bullets":{"image_height":null,"bullets":null,"lead_click":"Clique ici pour plus d'information"}},"_links":{"self":[{"href":"https:\/\/www.lessence-ciel.com\/en\/wp-json\/wp\/v2\/product\/38583","targetHints":{"allow":["GET"]}}],"collection":[{"href":"https:\/\/www.lessence-ciel.com\/en\/wp-json\/wp\/v2\/product"}],"about":[{"href":"https:\/\/www.lessence-ciel.com\/en\/wp-json\/wp\/v2\/types\/product"}],"wp:featuredmedia":[{"embeddable":true,"href":"https:\/\/www.lessence-ciel.com\/en\/wp-json\/wp\/v2\/media\/62010"}],"wp:attachment":[{"href":"https:\/\/www.lessence-ciel.com\/en\/wp-json\/wp\/v2\/media?parent=38583"}],"wp:term":[{"taxonomy":"classe-produit","embeddable":true,"href":"https:\/\/www.lessence-ciel.com\/en\/wp-json\/wp\/v2\/classe-produit?post=38583"},{"taxonomy":"categories-produits","embeddable":true,"href":"https:\/\/www.lessence-ciel.com\/en\/wp-json\/wp\/v2\/categories-produits?post=38583"},{"taxonomy":"thematique","embeddable":true,"href":"https:\/\/www.lessence-ciel.com\/en\/wp-json\/wp\/v2\/thematique?post=38583"},{"taxonomy":"product_brand","embeddable":true,"href":"https:\/\/www.lessence-ciel.com\/en\/wp-json\/wp\/v2\/product_brand?post=38583"}],"curies":[{"name":"wp","href":"https:\/\/api.w.org\/{rel}","templated":true}]}}