{"id":38586,"date":"2015-02-23T01:05:05","date_gmt":"2015-02-23T06:05:05","guid":{"rendered":"https:\/\/www.lessence-ciel.com\/?post_type=product&#038;p=38586"},"modified":"2019-05-24T19:11:29","modified_gmt":"2019-05-24T23:11:29","slug":"meditations-pour-recevoir-la-guidance-divine-le-support-et-la-guerison","status":"publish","type":"product","link":"https:\/\/www.lessence-ciel.com\/en\/products-store\/meditations-pour-recevoir-la-guidance-divine-le-support-et-la-guerison\/","title":{"rendered":"M\u00e9ditations pour recevoir la guidance divine, le support et la gu\u00e9rison"},"content":{"rendered":"<p>R\u00e9veillez la voix de votre \u00e2me avec ces m\u00e9ditations d\u2019une grande puissance d\u00e9velopp\u00e9es par Sonia Choquette cette intuitive enseignante spirituelle acclam\u00e9e internationalement. Perspicacit\u00e9, pr\u00e9cision, guidance, Sonia vous aide \u00e0 ouvrir la voie afin d\u2019entendre votre sagesse int\u00e9rieure profonde. Ces m\u00e9ditations vous permettront de vous lib\u00e9rer des lourdeurs et d\u00e9bris psychiques pour percevoir avec une plus grande clart\u00e9 et permettre l\u2019ouverture de votre c\u0153ur.<\/p>\n","protected":false},"excerpt":{"rendered":"<p>R\u00e9veillez la voix de votre \u00e2me avec ces m\u00e9ditations d\u2019une grande puissance d\u00e9velopp\u00e9es par Sonia Choquette cette intuitive enseignante spirituelle acclam\u00e9e internationalement. Perspicacit\u00e9, pr\u00e9cision, guidance, Sonia vous aide \u00e0 ouvrir la voie afin d\u2019entendre votre sagesse int\u00e9rieure profonde. Ces m\u00e9ditations vous permettront de vous lib\u00e9rer des lourdeurs et d\u00e9bris psychiques [&hellip;]<\/p>\n","protected":false},"featured_media":62329,"template":"","meta":{"_acf_changed":false,"wds_primary_classe-produit":0,"wds_primary_categories-produits":0,"wds_primary_thematique":0,"wds_primary_product_brand":0,"wds_primary_product_cat":0},"classe-produit":[351,354],"categories-produits":[],"thematique":[931,533],"product_brand":[],"class_list":{"0":"post-38586","1":"product","2":"type-product","3":"status-publish","4":"has-post-thumbnail","6":"classe-produit-cd-en","7":"classe-produit-guided-meditation","8":"thematique-intuition-psychic-development-mediums","9":"thematique-minds-sanctuary","11":"first","12":"instock","13":"taxable","14":"shipping-taxable","15":"purchasable","16":"product-type-simple"},"acf":{"modele_type":"blog","modele_email":"single","acf-general_shortdesc":"","modele_single":{"lead_magnet":"","lead_click":"","post_hasvideo":"no","video_associee":{"post_video":"","description_video":"","thumb_video":null}},"modele_default":{"desc":"","lead_click":"Clique ici pour plus d'information"},"modele_hook":{"image_height":null,"lead_magnet":"","key_phase":"","desc":"","lead_click":"Clique ici pour plus d'information"},"modele_bullets":{"image_height":null,"bullets":null,"lead_click":"Clique ici pour plus d'information"}},"_links":{"self":[{"href":"https:\/\/www.lessence-ciel.com\/en\/wp-json\/wp\/v2\/product\/38586","targetHints":{"allow":["GET"]}}],"collection":[{"href":"https:\/\/www.lessence-ciel.com\/en\/wp-json\/wp\/v2\/product"}],"about":[{"href":"https:\/\/www.lessence-ciel.com\/en\/wp-json\/wp\/v2\/types\/product"}],"wp:featuredmedia":[{"embeddable":true,"href":"https:\/\/www.lessence-ciel.com\/en\/wp-json\/wp\/v2\/media\/62329"}],"wp:attachment":[{"href":"https:\/\/www.lessence-ciel.com\/en\/wp-json\/wp\/v2\/media?parent=38586"}],"wp:term":[{"taxonomy":"classe-produit","embeddable":true,"href":"https:\/\/www.lessence-ciel.com\/en\/wp-json\/wp\/v2\/classe-produit?post=38586"},{"taxonomy":"categories-produits","embeddable":true,"href":"https:\/\/www.lessence-ciel.com\/en\/wp-json\/wp\/v2\/categories-produits?post=38586"},{"taxonomy":"thematique","embeddable":true,"href":"https:\/\/www.lessence-ciel.com\/en\/wp-json\/wp\/v2\/thematique?post=38586"},{"taxonomy":"product_brand","embeddable":true,"href":"https:\/\/www.lessence-ciel.com\/en\/wp-json\/wp\/v2\/product_brand?post=38586"}],"curies":[{"name":"wp","href":"https:\/\/api.w.org\/{rel}","templated":true}]}}