{"id":38592,"date":"2015-02-23T01:05:07","date_gmt":"2015-02-23T06:05:07","guid":{"rendered":"https:\/\/www.lessence-ciel.com\/?post_type=product&#038;p=38592"},"modified":"2019-05-24T19:09:19","modified_gmt":"2019-05-24T23:09:19","slug":"maitre-de-vos-chakras","status":"publish","type":"product","link":"https:\/\/www.lessence-ciel.com\/en\/products-store\/maitre-de-vos-chakras\/","title":{"rendered":"Ma\u00eetre de vos chakras"},"content":{"rendered":"<p>Cet album de m\u00e9ditations initiatiques est d&#8217;abord et avant tout un outil de travail.&nbsp; Son but premier est d&#8217;activer la connaissance de soi, par la reconnaissance de qui nous sommes dans notre essence la plus \u00e9lev\u00e9e, soit \u00abUN\u00bb.<\/p>\n<p>L&#8217;int\u00e9gration de ce principe unique peut \u00eatre complexe \u00e0 assimiler, c&#8217;est pour cette raison que cet album a \u00e9t\u00e9 cr\u00e9e, pour vous permettre de go\u00fbter \u00e0 cette exp\u00e9rience Sacr\u00e9e dans sa simplicit\u00e9.<\/p>\n<p>Chacun y puisera l&#8217;impulsion dont il a besoin pour retrouver la paix et l&#8217;unit\u00e9 en lui.<\/p>\n<p>4 disques<\/p>\n","protected":false},"excerpt":{"rendered":"<p>Cet album de m\u00e9ditations initiatiques est d&#8217;abord et avant tout un outil de travail.&nbsp; Son but premier est d&#8217;activer la connaissance de soi, par la reconnaissance de qui nous sommes dans notre essence la plus \u00e9lev\u00e9e, soit \u00abUN\u00bb. L&#8217;int\u00e9gration de ce principe unique peut \u00eatre complexe \u00e0 assimiler, c&#8217;est pour [&hellip;]<\/p>\n","protected":false},"featured_media":62253,"template":"","meta":{"_acf_changed":false,"wds_primary_classe-produit":0,"wds_primary_categories-produits":0,"wds_primary_thematique":0,"wds_primary_product_brand":0,"wds_primary_product_cat":0},"classe-produit":[351,354],"categories-produits":[],"thematique":[529,1206,800],"product_brand":[],"class_list":{"0":"post-38592","1":"product","2":"type-product","3":"status-publish","4":"has-post-thumbnail","6":"classe-produit-cd-en","7":"classe-produit-guided-meditation","8":"thematique-angels-world","9":"thematique-the-chakras","10":"thematique-reiki-light-work","12":"first","13":"instock","14":"taxable","15":"shipping-taxable","16":"purchasable","17":"product-type-simple"},"acf":{"modele_type":"blog","modele_email":"single","acf-general_shortdesc":"","modele_single":{"lead_magnet":"","lead_click":"","post_hasvideo":"no","video_associee":{"post_video":"","description_video":"","thumb_video":null}},"modele_default":{"desc":"","lead_click":"Clique ici pour plus d'information"},"modele_hook":{"image_height":null,"lead_magnet":"","key_phase":"","desc":"","lead_click":"Clique ici pour plus d'information"},"modele_bullets":{"image_height":null,"bullets":null,"lead_click":"Clique ici pour plus d'information"}},"_links":{"self":[{"href":"https:\/\/www.lessence-ciel.com\/en\/wp-json\/wp\/v2\/product\/38592","targetHints":{"allow":["GET"]}}],"collection":[{"href":"https:\/\/www.lessence-ciel.com\/en\/wp-json\/wp\/v2\/product"}],"about":[{"href":"https:\/\/www.lessence-ciel.com\/en\/wp-json\/wp\/v2\/types\/product"}],"wp:featuredmedia":[{"embeddable":true,"href":"https:\/\/www.lessence-ciel.com\/en\/wp-json\/wp\/v2\/media\/62253"}],"wp:attachment":[{"href":"https:\/\/www.lessence-ciel.com\/en\/wp-json\/wp\/v2\/media?parent=38592"}],"wp:term":[{"taxonomy":"classe-produit","embeddable":true,"href":"https:\/\/www.lessence-ciel.com\/en\/wp-json\/wp\/v2\/classe-produit?post=38592"},{"taxonomy":"categories-produits","embeddable":true,"href":"https:\/\/www.lessence-ciel.com\/en\/wp-json\/wp\/v2\/categories-produits?post=38592"},{"taxonomy":"thematique","embeddable":true,"href":"https:\/\/www.lessence-ciel.com\/en\/wp-json\/wp\/v2\/thematique?post=38592"},{"taxonomy":"product_brand","embeddable":true,"href":"https:\/\/www.lessence-ciel.com\/en\/wp-json\/wp\/v2\/product_brand?post=38592"}],"curies":[{"name":"wp","href":"https:\/\/api.w.org\/{rel}","templated":true}]}}