{"id":38595,"date":"2015-02-23T01:05:07","date_gmt":"2015-02-23T06:05:07","guid":{"rendered":"https:\/\/www.lessence-ciel.com\/?post_type=product&#038;p=38595"},"modified":"2018-11-25T14:35:04","modified_gmt":"2018-11-25T19:35:04","slug":"guide-sommeil-vol-1-douceur-2","status":"publish","type":"product","link":"https:\/\/www.lessence-ciel.com\/en\/products-store\/guide-sommeil-vol-1-douceur-2\/","title":{"rendered":"Guide sommeil vol. 1 Douceur"},"content":{"rendered":"<div id=\"_mcePaste\">\n<p><strong>Ce CD \u201c<em>Douceur<\/em>\u201d contient une visualisation de 20 minutes suivie d\u2019une musique apaisante.<\/strong><\/p>\n<\/div>\n<div id=\"_mcePaste\">\n<p>La d\u00e9tente dirig\u00e9e permet d\u2019am\u00e9liorer la qualit\u00e9 de votre sommeil en favorisant l\u2019endormissement. La musique qui l\u2019accompagne aide au repos n\u00e9cessaire \u00e0 la r\u00e9g\u00e9n\u00e9ration quotidienne.<\/p>\n<p>Pour une courte sieste ou pour le sommeil de nuit, cet outil vous offre un moment de d\u00e9tente afin de refaire le plein d\u2019\u00e9nergie et am\u00e9liorer votre concentration.<\/p>\n<\/div>\n","protected":false},"excerpt":{"rendered":"<p>Ce CD \u201cDouceur\u201d contient une visualisation de 20 minutes suivie d\u2019une musique apaisante. La d\u00e9tente dirig\u00e9e permet d\u2019am\u00e9liorer la qualit\u00e9 de votre sommeil en favorisant l\u2019endormissement. La musique qui l\u2019accompagne aide au repos n\u00e9cessaire \u00e0 la r\u00e9g\u00e9n\u00e9ration quotidienne. Pour une courte sieste ou pour le sommeil de nuit, cet outil [&hellip;]<\/p>\n","protected":false},"featured_media":61892,"template":"","meta":{"_acf_changed":false,"wds_primary_classe-produit":0,"wds_primary_categories-produits":0,"wds_primary_thematique":0,"wds_primary_product_brand":0,"wds_primary_product_cat":0},"classe-produit":[351,354],"categories-produits":[],"thematique":[531,880,890],"product_brand":[],"class_list":{"0":"post-38595","1":"product","2":"type-product","3":"status-publish","4":"has-post-thumbnail","6":"classe-produit-cd-en","7":"classe-produit-guided-meditation","8":"thematique-natures-realm","9":"thematique-physical-health","10":"thematique-sleep","12":"first","13":"instock","14":"taxable","15":"shipping-taxable","16":"purchasable","17":"product-type-simple"},"acf":{"modele_type":"blog","modele_email":"single","acf-general_shortdesc":"","modele_single":{"lead_magnet":"","lead_click":"","post_hasvideo":"no","video_associee":{"post_video":"","description_video":"","thumb_video":null}},"modele_default":{"desc":"","lead_click":"Clique ici pour plus d'information"},"modele_hook":{"image_height":null,"lead_magnet":"","key_phase":"","desc":"","lead_click":"Clique ici pour plus d'information"},"modele_bullets":{"image_height":null,"bullets":null,"lead_click":"Clique ici pour plus d'information"}},"_links":{"self":[{"href":"https:\/\/www.lessence-ciel.com\/en\/wp-json\/wp\/v2\/product\/38595","targetHints":{"allow":["GET"]}}],"collection":[{"href":"https:\/\/www.lessence-ciel.com\/en\/wp-json\/wp\/v2\/product"}],"about":[{"href":"https:\/\/www.lessence-ciel.com\/en\/wp-json\/wp\/v2\/types\/product"}],"wp:featuredmedia":[{"embeddable":true,"href":"https:\/\/www.lessence-ciel.com\/en\/wp-json\/wp\/v2\/media\/61892"}],"wp:attachment":[{"href":"https:\/\/www.lessence-ciel.com\/en\/wp-json\/wp\/v2\/media?parent=38595"}],"wp:term":[{"taxonomy":"classe-produit","embeddable":true,"href":"https:\/\/www.lessence-ciel.com\/en\/wp-json\/wp\/v2\/classe-produit?post=38595"},{"taxonomy":"categories-produits","embeddable":true,"href":"https:\/\/www.lessence-ciel.com\/en\/wp-json\/wp\/v2\/categories-produits?post=38595"},{"taxonomy":"thematique","embeddable":true,"href":"https:\/\/www.lessence-ciel.com\/en\/wp-json\/wp\/v2\/thematique?post=38595"},{"taxonomy":"product_brand","embeddable":true,"href":"https:\/\/www.lessence-ciel.com\/en\/wp-json\/wp\/v2\/product_brand?post=38595"}],"curies":[{"name":"wp","href":"https:\/\/api.w.org\/{rel}","templated":true}]}}