{"id":38598,"date":"2015-02-23T01:05:08","date_gmt":"2015-02-23T06:05:08","guid":{"rendered":"https:\/\/www.lessence-ciel.com\/?post_type=product&#038;p=38598"},"modified":"2019-05-24T19:11:24","modified_gmt":"2019-05-24T23:11:24","slug":"le-passe-retrouve","status":"publish","type":"product","link":"https:\/\/www.lessence-ciel.com\/en\/products-store\/le-passe-retrouve\/","title":{"rendered":"Le pass\u00e9 retrouv\u00e9"},"content":{"rendered":"<p>Ce disque d&#8217;une grande puissance vous permettra de voyager dans vos vies ant\u00e9rieures autant que vous le souhaitez. Cette m\u00e9ditation est bas\u00e9e sur la technique de r\u00e9gressions que l&#8217;auteur emploi avec ses patients et qui a fait ses preuves au fil des ann\u00e9es.<\/p>\n<p>Nous avons tous besoin de savoir d&#8217;o\u00f9 nous venons pour mieux accepter le pr\u00e9sent et ainsi construire l&#8217;avenir. Gr\u00e2ce \u00e0 ce programme simple \u00e0 pratiquer, vous comprendrez certains \u00e9v\u00e9nements et situations que vous exp\u00e9rimentez dans votre existence actuelle sans pouvoir les expliquer, prenant leurs sources dans vos vies ant\u00e9rieurs. Votre pass\u00e9 est la cl\u00e9 de votre futur; ce disque en est la porte. A vous de l&#8217;ouvrir.<\/p>\n","protected":false},"excerpt":{"rendered":"<p>Ce disque d&#8217;une grande puissance vous permettra de voyager dans vos vies ant\u00e9rieures autant que vous le souhaitez. Cette m\u00e9ditation est bas\u00e9e sur la technique de r\u00e9gressions que l&#8217;auteur emploi avec ses patients et qui a fait ses preuves au fil des ann\u00e9es. Nous avons tous besoin de savoir d&#8217;o\u00f9 [&hellip;]<\/p>\n","protected":false},"featured_media":62146,"template":"","meta":{"_acf_changed":false,"wds_primary_classe-produit":0,"wds_primary_categories-produits":0,"wds_primary_thematique":0,"wds_primary_product_brand":0,"wds_primary_product_cat":0},"classe-produit":[351,354],"categories-produits":[],"thematique":[704,524,696],"product_brand":[],"class_list":{"0":"post-38598","1":"product","2":"type-product","3":"status-publish","4":"has-post-thumbnail","6":"classe-produit-cd-en","7":"classe-produit-guided-meditation","8":"thematique-past-lives-reincarnation-karma","9":"thematique-souls-garden","10":"thematique-souls-expansion","12":"first","13":"instock","14":"taxable","15":"shipping-taxable","16":"purchasable","17":"product-type-simple"},"acf":{"modele_type":"blog","modele_email":"single","acf-general_shortdesc":"","modele_single":{"lead_magnet":"","lead_click":"","post_hasvideo":"no","video_associee":{"post_video":"","description_video":"","thumb_video":null}},"modele_default":{"desc":"","lead_click":"Clique ici pour plus d'information"},"modele_hook":{"image_height":null,"lead_magnet":"","key_phase":"","desc":"","lead_click":"Clique ici pour plus d'information"},"modele_bullets":{"image_height":null,"bullets":null,"lead_click":"Clique ici pour plus d'information"}},"_links":{"self":[{"href":"https:\/\/www.lessence-ciel.com\/en\/wp-json\/wp\/v2\/product\/38598","targetHints":{"allow":["GET"]}}],"collection":[{"href":"https:\/\/www.lessence-ciel.com\/en\/wp-json\/wp\/v2\/product"}],"about":[{"href":"https:\/\/www.lessence-ciel.com\/en\/wp-json\/wp\/v2\/types\/product"}],"wp:featuredmedia":[{"embeddable":true,"href":"https:\/\/www.lessence-ciel.com\/en\/wp-json\/wp\/v2\/media\/62146"}],"wp:attachment":[{"href":"https:\/\/www.lessence-ciel.com\/en\/wp-json\/wp\/v2\/media?parent=38598"}],"wp:term":[{"taxonomy":"classe-produit","embeddable":true,"href":"https:\/\/www.lessence-ciel.com\/en\/wp-json\/wp\/v2\/classe-produit?post=38598"},{"taxonomy":"categories-produits","embeddable":true,"href":"https:\/\/www.lessence-ciel.com\/en\/wp-json\/wp\/v2\/categories-produits?post=38598"},{"taxonomy":"thematique","embeddable":true,"href":"https:\/\/www.lessence-ciel.com\/en\/wp-json\/wp\/v2\/thematique?post=38598"},{"taxonomy":"product_brand","embeddable":true,"href":"https:\/\/www.lessence-ciel.com\/en\/wp-json\/wp\/v2\/product_brand?post=38598"}],"curies":[{"name":"wp","href":"https:\/\/api.w.org\/{rel}","templated":true}]}}