{"id":38604,"date":"2015-02-23T01:05:09","date_gmt":"2015-02-23T06:05:09","guid":{"rendered":"https:\/\/www.lessence-ciel.com\/?post_type=product&#038;p=38604"},"modified":"2018-11-25T14:00:19","modified_gmt":"2018-11-25T19:00:19","slug":"developper-votre-mediumnite-2","status":"publish","type":"product","link":"https:\/\/www.lessence-ciel.com\/en\/products-store\/developper-votre-mediumnite-2\/","title":{"rendered":"D\u00e9velopper votre m\u00e9diumnit\u00e9"},"content":{"rendered":"<p>Gordon Smith, premier m\u00e9dium britannique, nous enseigne \u00e0 \u00e9tablir un lien avec le monde des esprits et une relation plus \u00e9troite avec ceux qui cherchent \u00e0 communiquer avec vous.<\/p>\n<p>Gordon vous guidera au fil de m\u00e9ditations et d\u2019exercices qui vous permettront de faire la diff\u00e9rence entre facult\u00e9s intuitives et m\u00e9diumnit\u00e9. Gr\u00e2ce \u00e0 son approche chaleureuse et accessible, Gordon vous aidera \u00e0 \u00e9panouir votre conscience spirituelle et \u00e0 faire confiance \u00e0 vos exp\u00e9riences.<\/p>\n","protected":false},"excerpt":{"rendered":"<p>Gordon Smith, premier m\u00e9dium britannique, nous enseigne \u00e0 \u00e9tablir un lien avec le monde des esprits et une relation plus \u00e9troite avec ceux qui cherchent \u00e0 communiquer avec vous. Gordon vous guidera au fil de m\u00e9ditations et d\u2019exercices qui vous permettront de faire la diff\u00e9rence entre facult\u00e9s intuitives et m\u00e9diumnit\u00e9. [&hellip;]<\/p>\n","protected":false},"featured_media":61788,"template":"","meta":{"_acf_changed":false,"wds_primary_classe-produit":0,"wds_primary_categories-produits":0,"wds_primary_thematique":0,"wds_primary_product_brand":0,"wds_primary_product_cat":0},"classe-produit":[351,354],"categories-produits":[],"thematique":[931,533],"product_brand":[],"class_list":{"0":"post-38604","1":"product","2":"type-product","3":"status-publish","4":"has-post-thumbnail","6":"classe-produit-cd-en","7":"classe-produit-guided-meditation","8":"thematique-intuition-psychic-development-mediums","9":"thematique-minds-sanctuary","11":"first","12":"instock","13":"taxable","14":"shipping-taxable","15":"purchasable","16":"product-type-simple"},"acf":{"modele_type":"blog","modele_email":"single","acf-general_shortdesc":"","modele_single":{"lead_magnet":"","lead_click":"","post_hasvideo":"no","video_associee":{"post_video":"","description_video":"","thumb_video":null}},"modele_default":{"desc":"","lead_click":"Clique ici pour plus d'information"},"modele_hook":{"image_height":null,"lead_magnet":"","key_phase":"","desc":"","lead_click":"Clique ici pour plus d'information"},"modele_bullets":{"image_height":null,"bullets":null,"lead_click":"Clique ici pour plus d'information"}},"_links":{"self":[{"href":"https:\/\/www.lessence-ciel.com\/en\/wp-json\/wp\/v2\/product\/38604","targetHints":{"allow":["GET"]}}],"collection":[{"href":"https:\/\/www.lessence-ciel.com\/en\/wp-json\/wp\/v2\/product"}],"about":[{"href":"https:\/\/www.lessence-ciel.com\/en\/wp-json\/wp\/v2\/types\/product"}],"wp:featuredmedia":[{"embeddable":true,"href":"https:\/\/www.lessence-ciel.com\/en\/wp-json\/wp\/v2\/media\/61788"}],"wp:attachment":[{"href":"https:\/\/www.lessence-ciel.com\/en\/wp-json\/wp\/v2\/media?parent=38604"}],"wp:term":[{"taxonomy":"classe-produit","embeddable":true,"href":"https:\/\/www.lessence-ciel.com\/en\/wp-json\/wp\/v2\/classe-produit?post=38604"},{"taxonomy":"categories-produits","embeddable":true,"href":"https:\/\/www.lessence-ciel.com\/en\/wp-json\/wp\/v2\/categories-produits?post=38604"},{"taxonomy":"thematique","embeddable":true,"href":"https:\/\/www.lessence-ciel.com\/en\/wp-json\/wp\/v2\/thematique?post=38604"},{"taxonomy":"product_brand","embeddable":true,"href":"https:\/\/www.lessence-ciel.com\/en\/wp-json\/wp\/v2\/product_brand?post=38604"}],"curies":[{"name":"wp","href":"https:\/\/api.w.org\/{rel}","templated":true}]}}