{"id":38607,"date":"2015-02-23T01:05:09","date_gmt":"2015-02-23T06:05:09","guid":{"rendered":"https:\/\/www.lessence-ciel.com\/?post_type=product&#038;p=38607"},"modified":"2019-05-24T19:13:37","modified_gmt":"2019-05-24T23:13:37","slug":"lumiere-d-abondance-et-de-prosperite","status":"publish","type":"product","link":"https:\/\/www.lessence-ciel.com\/en\/products-store\/lumiere-d-abondance-et-de-prosperite\/","title":{"rendered":"Lumi\u00e8re d&#8217;abondance et de prosp\u00e9rit\u00e9"},"content":{"rendered":"<p>Rencontrez-vous souvent des limitations financi\u00e8res m\u00eame si vous d\u00e9ployez \u00e9norm\u00e9ment d&#8217;efforts pour atteindre vos objectifs&#8230;&#8230;<\/p>\n<p>Vivez-vous certaines frustrations face \u00e0 des situations qui se r\u00e9p\u00e8tent sans comprendre le pourquoi de c&#8217;est r\u00e9p\u00e9titions.<\/p>\n<p>Nous portons en nous des m\u00e9moires qui ne sont plus toujours valables. Elles sont tout simplement erron\u00e9es. Elles peuvent aussi appartenir au pass\u00e9<span class=\"text_exposed_show\">&nbsp;de nos anc\u00eatres ou \u00e0 nos vies ant\u00e9rieures. Voil\u00e0 pourquoi nous vivons certaines restrictions dans nos vies &#8230;&#8230;<\/span><\/p>\n<p>Cette m\u00e9ditation guid\u00e9e vous invite \u00e0 voyager dans un magnifique paysage accompagn\u00e9 de votre guide. \u00c0 travers le temps et l&#8217;espace vous pourrez dissoudre les liens \u00e9nerg\u00e9tiques, les m\u00e9moires ainsi que les programmes mentaux qui vous emp\u00eache de vive pleinement votre abondance et votre prosp\u00e9rit\u00e9.<\/p>\n<p>Alors je vous propose cette m\u00e9ditation pour vous aider \u00e0 vous lib\u00e9rer.&nbsp;<\/p>\n<p>Bonne M\u00e9ditation.<\/p>\n","protected":false},"excerpt":{"rendered":"<p>Rencontrez-vous souvent des limitations financi\u00e8res m\u00eame si vous d\u00e9ployez \u00e9norm\u00e9ment d&#8217;efforts pour atteindre vos objectifs&#8230;&#8230; Vivez-vous certaines frustrations face \u00e0 des situations qui se r\u00e9p\u00e8tent sans comprendre le pourquoi de c&#8217;est r\u00e9p\u00e9titions. Nous portons en nous des m\u00e9moires qui ne sont plus toujours valables. Elles sont tout simplement erron\u00e9es. Elles [&hellip;]<\/p>\n","protected":false},"featured_media":62236,"template":"","meta":{"_acf_changed":false,"wds_primary_classe-produit":0,"wds_primary_categories-produits":0,"wds_primary_thematique":0,"wds_primary_product_brand":0,"wds_primary_product_cat":0},"classe-produit":[351,354],"categories-produits":[],"thematique":[925,929,533,690,524,692],"product_brand":[],"class_list":{"0":"post-38607","1":"product","2":"type-product","3":"status-publish","4":"has-post-thumbnail","6":"classe-produit-cd-en","7":"classe-produit-guided-meditation","8":"thematique-intent-manifestation","9":"thematique-law-of-attraction","10":"thematique-minds-sanctuary","11":"thematique-personal-growth","12":"thematique-souls-garden","13":"thematique-spiritual-renewal","15":"first","16":"instock","17":"taxable","18":"shipping-taxable","19":"purchasable","20":"product-type-simple"},"acf":{"modele_type":"blog","modele_email":"single","acf-general_shortdesc":"","modele_single":{"lead_magnet":"","lead_click":"","post_hasvideo":"no","video_associee":{"post_video":"","description_video":"","thumb_video":null}},"modele_default":{"desc":"","lead_click":"Clique ici pour plus d'information"},"modele_hook":{"image_height":null,"lead_magnet":"","key_phase":"","desc":"","lead_click":"Clique ici pour plus d'information"},"modele_bullets":{"image_height":null,"bullets":null,"lead_click":"Clique ici pour plus d'information"}},"_links":{"self":[{"href":"https:\/\/www.lessence-ciel.com\/en\/wp-json\/wp\/v2\/product\/38607","targetHints":{"allow":["GET"]}}],"collection":[{"href":"https:\/\/www.lessence-ciel.com\/en\/wp-json\/wp\/v2\/product"}],"about":[{"href":"https:\/\/www.lessence-ciel.com\/en\/wp-json\/wp\/v2\/types\/product"}],"wp:featuredmedia":[{"embeddable":true,"href":"https:\/\/www.lessence-ciel.com\/en\/wp-json\/wp\/v2\/media\/62236"}],"wp:attachment":[{"href":"https:\/\/www.lessence-ciel.com\/en\/wp-json\/wp\/v2\/media?parent=38607"}],"wp:term":[{"taxonomy":"classe-produit","embeddable":true,"href":"https:\/\/www.lessence-ciel.com\/en\/wp-json\/wp\/v2\/classe-produit?post=38607"},{"taxonomy":"categories-produits","embeddable":true,"href":"https:\/\/www.lessence-ciel.com\/en\/wp-json\/wp\/v2\/categories-produits?post=38607"},{"taxonomy":"thematique","embeddable":true,"href":"https:\/\/www.lessence-ciel.com\/en\/wp-json\/wp\/v2\/thematique?post=38607"},{"taxonomy":"product_brand","embeddable":true,"href":"https:\/\/www.lessence-ciel.com\/en\/wp-json\/wp\/v2\/product_brand?post=38607"}],"curies":[{"name":"wp","href":"https:\/\/api.w.org\/{rel}","templated":true}]}}