{"id":38610,"date":"2015-02-23T01:05:10","date_gmt":"2015-02-23T06:05:10","guid":{"rendered":"https:\/\/www.lessence-ciel.com\/?post_type=product&#038;p=38610"},"modified":"2018-12-02T11:36:11","modified_gmt":"2018-12-02T16:36:11","slug":"meditations-pour-se-manifester-2","status":"publish","type":"product","link":"https:\/\/www.lessence-ciel.com\/en\/products-store\/meditations-pour-se-manifester-2\/","title":{"rendered":"M\u00e9ditations pour se manifester"},"content":{"rendered":"<p>Ne vous m\u00e9prenez pas : vous pouvez manifester tout ce que vous voulez dans la vie lorsque vous vous reliez \u00e0 l&#8217;abondance de l&#8217;Univers. Sur ce CD unique en son genre, l&#8217;auteur \u00e0 succ\u00e8s et conf\u00e9rencier, Wayne W. Dyer, vous d\u00e9montre justement comment y parvenir. Le Dr Dyer souligne que le son du Cr\u00e9ateur est le m\u00eame dans toutes les langues. Pour d\u00e9montrer ce fait, l&#8217;auteur vous enseigne sur les deux premi\u00e8res plages de ce CD, la tr\u00e8s belle m\u00e9ditation matinale pour apprendre \u00e0 manifester, en utilisant la puissance du son universel \u00ab AH \u00bb. Sur les deux plages suivantes, il vous offre une simple et apaisante m\u00e9ditation de gratitude, \u00e0 pratiquer le soir, dans laquelle les mots cl\u00e9s sont le \u00abOM\u00bb et le \u00abShal-OM\u00bb.<\/p>\n","protected":false},"excerpt":{"rendered":"<p>Ne vous m\u00e9prenez pas : vous pouvez manifester tout ce que vous voulez dans la vie lorsque vous vous reliez \u00e0 l&#8217;abondance de l&#8217;Univers. Sur ce CD unique en son genre, l&#8217;auteur \u00e0 succ\u00e8s et conf\u00e9rencier, Wayne W. Dyer, vous d\u00e9montre justement comment y parvenir. Le Dr Dyer souligne que [&hellip;]<\/p>\n","protected":false},"featured_media":62330,"template":"","meta":{"_acf_changed":false,"wds_primary_classe-produit":0,"wds_primary_categories-produits":0,"wds_primary_thematique":0,"wds_primary_product_brand":0,"wds_primary_product_cat":0},"classe-produit":[351,354],"categories-produits":[],"thematique":[925,929,533],"product_brand":[],"class_list":{"0":"post-38610","1":"product","2":"type-product","3":"status-publish","4":"has-post-thumbnail","6":"classe-produit-cd-en","7":"classe-produit-guided-meditation","8":"thematique-intent-manifestation","9":"thematique-law-of-attraction","10":"thematique-minds-sanctuary","12":"first","13":"instock","14":"taxable","15":"shipping-taxable","16":"purchasable","17":"product-type-simple"},"acf":{"modele_type":"blog","modele_email":"single","acf-general_shortdesc":"","modele_single":{"lead_magnet":"","lead_click":"","post_hasvideo":"no","video_associee":{"post_video":"","description_video":"","thumb_video":null}},"modele_default":{"desc":"","lead_click":"Clique ici pour plus d'information"},"modele_hook":{"image_height":null,"lead_magnet":"","key_phase":"","desc":"","lead_click":"Clique ici pour plus d'information"},"modele_bullets":{"image_height":null,"bullets":null,"lead_click":"Clique ici pour plus d'information"}},"_links":{"self":[{"href":"https:\/\/www.lessence-ciel.com\/en\/wp-json\/wp\/v2\/product\/38610","targetHints":{"allow":["GET"]}}],"collection":[{"href":"https:\/\/www.lessence-ciel.com\/en\/wp-json\/wp\/v2\/product"}],"about":[{"href":"https:\/\/www.lessence-ciel.com\/en\/wp-json\/wp\/v2\/types\/product"}],"wp:featuredmedia":[{"embeddable":true,"href":"https:\/\/www.lessence-ciel.com\/en\/wp-json\/wp\/v2\/media\/62330"}],"wp:attachment":[{"href":"https:\/\/www.lessence-ciel.com\/en\/wp-json\/wp\/v2\/media?parent=38610"}],"wp:term":[{"taxonomy":"classe-produit","embeddable":true,"href":"https:\/\/www.lessence-ciel.com\/en\/wp-json\/wp\/v2\/classe-produit?post=38610"},{"taxonomy":"categories-produits","embeddable":true,"href":"https:\/\/www.lessence-ciel.com\/en\/wp-json\/wp\/v2\/categories-produits?post=38610"},{"taxonomy":"thematique","embeddable":true,"href":"https:\/\/www.lessence-ciel.com\/en\/wp-json\/wp\/v2\/thematique?post=38610"},{"taxonomy":"product_brand","embeddable":true,"href":"https:\/\/www.lessence-ciel.com\/en\/wp-json\/wp\/v2\/product_brand?post=38610"}],"curies":[{"name":"wp","href":"https:\/\/api.w.org\/{rel}","templated":true}]}}