{"id":38616,"date":"2015-02-23T01:05:11","date_gmt":"2015-02-23T06:05:11","guid":{"rendered":"https:\/\/www.lessence-ciel.com\/?post_type=product&#038;p=38616"},"modified":"2019-05-24T19:26:45","modified_gmt":"2019-05-24T23:26:45","slug":"meditations-de-therapie-par-les-anges","status":"publish","type":"product","link":"https:\/\/www.lessence-ciel.com\/en\/products-store\/meditations-de-therapie-par-les-anges\/","title":{"rendered":"M\u00e9ditations de th\u00e9rapie par les anges"},"content":{"rendered":"<p>Ce CD \u00e0 l\u2019effet calmant vous ouvre au pouvoir miraculeux des anges. Doreen Virtue vous guide \u00e0 travers une s\u00e9ance de th\u00e9rapie par les anges au pouvoir de gu\u00e9rison puissant. Vous travaillerez avec les archanges pour vous lib\u00e9rer des vieux blocages et des toxines, couper les liens de peur, gu\u00e9rir des probl\u00e8mes reli\u00e9s \u00e0 des vies ant\u00e9rieures et gagner en connaissance, courage et clart\u00e9 par rapport au but de votre vie et \u00e0 vos relations.<\/p>\n","protected":false},"excerpt":{"rendered":"<p>Ce CD \u00e0 l\u2019effet calmant vous ouvre au pouvoir miraculeux des anges. Doreen Virtue vous guide \u00e0 travers une s\u00e9ance de th\u00e9rapie par les anges au pouvoir de gu\u00e9rison puissant. Vous travaillerez avec les archanges pour vous lib\u00e9rer des vieux blocages et des toxines, couper les liens de peur, gu\u00e9rir [&hellip;]<\/p>\n","protected":false},"featured_media":62327,"template":"","meta":{"_acf_changed":false,"wds_primary_classe-produit":0,"wds_primary_categories-produits":0,"wds_primary_thematique":0,"wds_primary_product_brand":0,"wds_primary_product_cat":0},"classe-produit":[351,354],"categories-produits":[],"thematique":[529,747,745],"product_brand":[],"class_list":{"0":"post-38616","1":"product","2":"type-product","3":"status-publish","4":"has-post-thumbnail","6":"classe-produit-cd-en","7":"classe-produit-guided-meditation","8":"thematique-angels-world","9":"thematique-angels","10":"thematique-angels-archangels","12":"first","13":"instock","14":"taxable","15":"shipping-taxable","16":"purchasable","17":"product-type-simple"},"acf":{"modele_type":"blog","modele_email":"single","acf-general_shortdesc":"","modele_single":{"lead_magnet":"","lead_click":"","post_hasvideo":"no","video_associee":{"post_video":"","description_video":"","thumb_video":null}},"modele_default":{"desc":"","lead_click":"Clique ici pour plus d'information"},"modele_hook":{"image_height":null,"lead_magnet":"","key_phase":"","desc":"","lead_click":"Clique ici pour plus d'information"},"modele_bullets":{"image_height":null,"bullets":null,"lead_click":"Clique ici pour plus d'information"}},"_links":{"self":[{"href":"https:\/\/www.lessence-ciel.com\/en\/wp-json\/wp\/v2\/product\/38616","targetHints":{"allow":["GET"]}}],"collection":[{"href":"https:\/\/www.lessence-ciel.com\/en\/wp-json\/wp\/v2\/product"}],"about":[{"href":"https:\/\/www.lessence-ciel.com\/en\/wp-json\/wp\/v2\/types\/product"}],"wp:featuredmedia":[{"embeddable":true,"href":"https:\/\/www.lessence-ciel.com\/en\/wp-json\/wp\/v2\/media\/62327"}],"wp:attachment":[{"href":"https:\/\/www.lessence-ciel.com\/en\/wp-json\/wp\/v2\/media?parent=38616"}],"wp:term":[{"taxonomy":"classe-produit","embeddable":true,"href":"https:\/\/www.lessence-ciel.com\/en\/wp-json\/wp\/v2\/classe-produit?post=38616"},{"taxonomy":"categories-produits","embeddable":true,"href":"https:\/\/www.lessence-ciel.com\/en\/wp-json\/wp\/v2\/categories-produits?post=38616"},{"taxonomy":"thematique","embeddable":true,"href":"https:\/\/www.lessence-ciel.com\/en\/wp-json\/wp\/v2\/thematique?post=38616"},{"taxonomy":"product_brand","embeddable":true,"href":"https:\/\/www.lessence-ciel.com\/en\/wp-json\/wp\/v2\/product_brand?post=38616"}],"curies":[{"name":"wp","href":"https:\/\/api.w.org\/{rel}","templated":true}]}}