{"id":38625,"date":"2015-02-23T01:05:13","date_gmt":"2015-02-23T06:05:13","guid":{"rendered":"https:\/\/www.lessence-ciel.com\/?post_type=product&#038;p=38625"},"modified":"2018-11-25T16:31:14","modified_gmt":"2018-11-25T21:31:14","slug":"les-meditations-de-protection-2","status":"publish","type":"product","link":"https:\/\/www.lessence-ciel.com\/en\/products-store\/les-meditations-de-protection-2\/","title":{"rendered":"Les m\u00e9ditations de protection"},"content":{"rendered":"<p>Ce DC de m\u00e9ditations est un compl\u00e9ment au livre\u00a0<em>Protection, enseignement de l&#8217;archange Micha\u00ebl<\/em>. Gr\u00e2ce \u00e0 des enseignements et des m\u00e9ditations, vous pourrez assimiler la parole de l&#8217;archange Micha\u00ebl comme un pr\u00e9cieux outil pour votre cheminement spirituel. Cet archange vous am\u00e8nera \u00e0 prendre conscience de la n\u00e9cessit\u00e9 de m\u00e9diter quotidiennement pour vous prot\u00e9gez contre les mauvaises \u00e9nergies et faire entrer le positif dans votre vie.<\/p>\n","protected":false},"excerpt":{"rendered":"<p>Ce DC de m\u00e9ditations est un compl\u00e9ment au livre\u00a0Protection, enseignement de l&#8217;archange Micha\u00ebl. Gr\u00e2ce \u00e0 des enseignements et des m\u00e9ditations, vous pourrez assimiler la parole de l&#8217;archange Micha\u00ebl comme un pr\u00e9cieux outil pour votre cheminement spirituel. Cet archange vous am\u00e8nera \u00e0 prendre conscience de la n\u00e9cessit\u00e9 de m\u00e9diter quotidiennement pour [&hellip;]<\/p>\n","protected":false},"featured_media":62206,"template":"","meta":{"_acf_changed":false,"wds_primary_classe-produit":0,"wds_primary_categories-produits":0,"wds_primary_thematique":0,"wds_primary_product_brand":0,"wds_primary_product_cat":0},"classe-produit":[351,354],"categories-produits":[],"thematique":[529,798],"product_brand":[],"class_list":{"0":"post-38625","1":"product","2":"type-product","3":"status-publish","4":"has-post-thumbnail","6":"classe-produit-cd-en","7":"classe-produit-guided-meditation","8":"thematique-angels-world","9":"thematique-protection","11":"first","12":"instock","13":"taxable","14":"shipping-taxable","15":"purchasable","16":"product-type-simple"},"acf":{"modele_type":"blog","modele_email":"single","acf-general_shortdesc":"","modele_single":{"lead_magnet":"","lead_click":"","post_hasvideo":"no","video_associee":{"post_video":"","description_video":"","thumb_video":null}},"modele_default":{"desc":"","lead_click":"Clique ici pour plus d'information"},"modele_hook":{"image_height":null,"lead_magnet":"","key_phase":"","desc":"","lead_click":"Clique ici pour plus d'information"},"modele_bullets":{"image_height":null,"bullets":null,"lead_click":"Clique ici pour plus d'information"}},"_links":{"self":[{"href":"https:\/\/www.lessence-ciel.com\/en\/wp-json\/wp\/v2\/product\/38625","targetHints":{"allow":["GET"]}}],"collection":[{"href":"https:\/\/www.lessence-ciel.com\/en\/wp-json\/wp\/v2\/product"}],"about":[{"href":"https:\/\/www.lessence-ciel.com\/en\/wp-json\/wp\/v2\/types\/product"}],"wp:featuredmedia":[{"embeddable":true,"href":"https:\/\/www.lessence-ciel.com\/en\/wp-json\/wp\/v2\/media\/62206"}],"wp:attachment":[{"href":"https:\/\/www.lessence-ciel.com\/en\/wp-json\/wp\/v2\/media?parent=38625"}],"wp:term":[{"taxonomy":"classe-produit","embeddable":true,"href":"https:\/\/www.lessence-ciel.com\/en\/wp-json\/wp\/v2\/classe-produit?post=38625"},{"taxonomy":"categories-produits","embeddable":true,"href":"https:\/\/www.lessence-ciel.com\/en\/wp-json\/wp\/v2\/categories-produits?post=38625"},{"taxonomy":"thematique","embeddable":true,"href":"https:\/\/www.lessence-ciel.com\/en\/wp-json\/wp\/v2\/thematique?post=38625"},{"taxonomy":"product_brand","embeddable":true,"href":"https:\/\/www.lessence-ciel.com\/en\/wp-json\/wp\/v2\/product_brand?post=38625"}],"curies":[{"name":"wp","href":"https:\/\/api.w.org\/{rel}","templated":true}]}}