{"id":38633,"date":"2015-02-23T01:05:14","date_gmt":"2015-02-23T06:05:14","guid":{"rendered":"https:\/\/www.lessence-ciel.com\/?post_type=product&#038;p=38633"},"modified":"2019-05-24T19:19:21","modified_gmt":"2019-05-24T23:19:21","slug":"sommeil-magique","status":"publish","type":"product","link":"https:\/\/www.lessence-ciel.com\/en\/products-store\/sommeil-magique\/","title":{"rendered":"Sommeil magique"},"content":{"rendered":"<p><em><strong>Sommeil Magique<\/strong><\/em><strong>&nbsp;permet&nbsp;<\/strong><strong>\u00e0 votre<\/strong><strong>&nbsp;couple de prendre contact avec<\/strong><strong>b\u00e9b\u00e9<\/strong><strong>&nbsp;avant sa venue au monde et de former une famille m\u00eame si b\u00e9b\u00e9 est dans le ventre de maman<\/strong><strong>,<\/strong><strong>&nbsp;gr\u00e2ce \u00e0 l\u2019imagerie mentale.<\/strong><\/p>\n<ul>\n<li>Meilleur sommeil pendant la grossesse<\/li>\n<li>Moins de craintes face \u00e0 l\u2019accouchement<\/li>\n<li>Synchronise les \u00e9motions du couple (papa devient enceinte lui aussi)<\/li>\n<li>Tisse un lien d\u2019amour tr\u00e8s fort entre vous et votre b\u00e9b\u00e9 (favorise la communication)<\/li>\n<\/ul>\n","protected":false},"excerpt":{"rendered":"<p>Sommeil Magique&nbsp;permet&nbsp;\u00e0 votre&nbsp;couple de prendre contact avecb\u00e9b\u00e9&nbsp;avant sa venue au monde et de former une famille m\u00eame si b\u00e9b\u00e9 est dans le ventre de maman,&nbsp;gr\u00e2ce \u00e0 l\u2019imagerie mentale. Meilleur sommeil pendant la grossesse Moins de craintes face \u00e0 l\u2019accouchement Synchronise les \u00e9motions du couple (papa devient enceinte lui aussi) Tisse [&hellip;]<\/p>\n","protected":false},"featured_media":62648,"template":"","meta":{"_acf_changed":false,"wds_primary_classe-produit":0,"wds_primary_categories-produits":0,"wds_primary_thematique":0,"wds_primary_product_brand":0,"wds_primary_product_cat":0},"classe-produit":[351,354],"categories-produits":[],"thematique":[529,531,796,769,880,890],"product_brand":[],"class_list":{"0":"post-38633","1":"product","2":"type-product","3":"status-publish","4":"has-post-thumbnail","6":"classe-produit-cd-en","7":"classe-produit-guided-meditation","8":"thematique-angels-world","9":"thematique-natures-realm","10":"thematique-new-children","11":"thematique-new-earth","12":"thematique-physical-health","13":"thematique-sleep","15":"first","16":"instock","17":"taxable","18":"shipping-taxable","19":"purchasable","20":"product-type-simple"},"acf":{"modele_type":"blog","modele_email":"single","acf-general_shortdesc":"","modele_single":{"lead_magnet":"","lead_click":"","post_hasvideo":"no","video_associee":{"post_video":"","description_video":"","thumb_video":null}},"modele_default":{"desc":"","lead_click":"Clique ici pour plus d'information"},"modele_hook":{"image_height":null,"lead_magnet":"","key_phase":"","desc":"","lead_click":"Clique ici pour plus d'information"},"modele_bullets":{"image_height":null,"bullets":null,"lead_click":"Clique ici pour plus d'information"}},"_links":{"self":[{"href":"https:\/\/www.lessence-ciel.com\/en\/wp-json\/wp\/v2\/product\/38633","targetHints":{"allow":["GET"]}}],"collection":[{"href":"https:\/\/www.lessence-ciel.com\/en\/wp-json\/wp\/v2\/product"}],"about":[{"href":"https:\/\/www.lessence-ciel.com\/en\/wp-json\/wp\/v2\/types\/product"}],"wp:featuredmedia":[{"embeddable":true,"href":"https:\/\/www.lessence-ciel.com\/en\/wp-json\/wp\/v2\/media\/62648"}],"wp:attachment":[{"href":"https:\/\/www.lessence-ciel.com\/en\/wp-json\/wp\/v2\/media?parent=38633"}],"wp:term":[{"taxonomy":"classe-produit","embeddable":true,"href":"https:\/\/www.lessence-ciel.com\/en\/wp-json\/wp\/v2\/classe-produit?post=38633"},{"taxonomy":"categories-produits","embeddable":true,"href":"https:\/\/www.lessence-ciel.com\/en\/wp-json\/wp\/v2\/categories-produits?post=38633"},{"taxonomy":"thematique","embeddable":true,"href":"https:\/\/www.lessence-ciel.com\/en\/wp-json\/wp\/v2\/thematique?post=38633"},{"taxonomy":"product_brand","embeddable":true,"href":"https:\/\/www.lessence-ciel.com\/en\/wp-json\/wp\/v2\/product_brand?post=38633"}],"curies":[{"name":"wp","href":"https:\/\/api.w.org\/{rel}","templated":true}]}}