{"id":38636,"date":"2015-02-23T01:05:14","date_gmt":"2015-02-23T06:05:14","guid":{"rendered":"https:\/\/www.lessence-ciel.com\/?post_type=product&#038;p=38636"},"modified":"2019-05-24T19:09:38","modified_gmt":"2019-05-24T23:09:38","slug":"meditations-pour-une-vie-de-miracle-en-miracle","status":"publish","type":"product","link":"https:\/\/www.lessence-ciel.com\/en\/products-store\/meditations-pour-une-vie-de-miracle-en-miracle\/","title":{"rendered":"M\u00e9ditations pour une vie de miracle en Miracle"},"content":{"rendered":"<p>Marianne Williamson propose dans ce livre audio des m\u00e9diations qui vous permettront de relancer votre \u00e9volution spirituelle et de conna\u00eetre une paix profonde. Vous respecterez votre d\u00e9sir de silence, votre besoin de s\u00e9r\u00e9nit\u00e9, en accomplissant ces m\u00e9ditations param\u00e9tr\u00e9es pour les diff\u00e9rents aspects de votre vie : travail, finances personnelles, sant\u00e9, relations, etc. Impr\u00e9gnez le d\u00e9but et la fin de votre journ\u00e9e d&#8217;\u00e9nergie positive et de r\u00e9flexion spirituelle; vous d\u00e9couvrirez tr\u00e8s vite que votre vie se transforme pour le mieux.<\/p>\n","protected":false},"excerpt":{"rendered":"<p>Marianne Williamson propose dans ce livre audio des m\u00e9diations qui vous permettront de relancer votre \u00e9volution spirituelle et de conna\u00eetre une paix profonde. Vous respecterez votre d\u00e9sir de silence, votre besoin de s\u00e9r\u00e9nit\u00e9, en accomplissant ces m\u00e9ditations param\u00e9tr\u00e9es pour les diff\u00e9rents aspects de votre vie : travail, finances personnelles, sant\u00e9, [&hellip;]<\/p>\n","protected":false},"featured_media":62331,"template":"","meta":{"_acf_changed":false,"wds_primary_classe-produit":0,"wds_primary_categories-produits":0,"wds_primary_thematique":0,"wds_primary_product_brand":0,"wds_primary_product_cat":0},"classe-produit":[351,354],"categories-produits":[],"thematique":[690,524,692],"product_brand":[],"class_list":{"0":"post-38636","1":"product","2":"type-product","3":"status-publish","4":"has-post-thumbnail","6":"classe-produit-cd-en","7":"classe-produit-guided-meditation","8":"thematique-personal-growth","9":"thematique-souls-garden","10":"thematique-spiritual-renewal","12":"first","13":"instock","14":"taxable","15":"shipping-taxable","16":"purchasable","17":"product-type-simple"},"acf":{"modele_type":"blog","modele_email":"single","acf-general_shortdesc":"","modele_single":{"lead_magnet":"","lead_click":"","post_hasvideo":"no","video_associee":{"post_video":"","description_video":"","thumb_video":null}},"modele_default":{"desc":"","lead_click":"Clique ici pour plus d'information"},"modele_hook":{"image_height":null,"lead_magnet":"","key_phase":"","desc":"","lead_click":"Clique ici pour plus d'information"},"modele_bullets":{"image_height":null,"bullets":null,"lead_click":"Clique ici pour plus d'information"}},"_links":{"self":[{"href":"https:\/\/www.lessence-ciel.com\/en\/wp-json\/wp\/v2\/product\/38636","targetHints":{"allow":["GET"]}}],"collection":[{"href":"https:\/\/www.lessence-ciel.com\/en\/wp-json\/wp\/v2\/product"}],"about":[{"href":"https:\/\/www.lessence-ciel.com\/en\/wp-json\/wp\/v2\/types\/product"}],"wp:featuredmedia":[{"embeddable":true,"href":"https:\/\/www.lessence-ciel.com\/en\/wp-json\/wp\/v2\/media\/62331"}],"wp:attachment":[{"href":"https:\/\/www.lessence-ciel.com\/en\/wp-json\/wp\/v2\/media?parent=38636"}],"wp:term":[{"taxonomy":"classe-produit","embeddable":true,"href":"https:\/\/www.lessence-ciel.com\/en\/wp-json\/wp\/v2\/classe-produit?post=38636"},{"taxonomy":"categories-produits","embeddable":true,"href":"https:\/\/www.lessence-ciel.com\/en\/wp-json\/wp\/v2\/categories-produits?post=38636"},{"taxonomy":"thematique","embeddable":true,"href":"https:\/\/www.lessence-ciel.com\/en\/wp-json\/wp\/v2\/thematique?post=38636"},{"taxonomy":"product_brand","embeddable":true,"href":"https:\/\/www.lessence-ciel.com\/en\/wp-json\/wp\/v2\/product_brand?post=38636"}],"curies":[{"name":"wp","href":"https:\/\/api.w.org\/{rel}","templated":true}]}}