{"id":39198,"date":"2015-02-23T01:08:24","date_gmt":"2015-02-23T06:08:24","guid":{"rendered":"https:\/\/www.lessence-ciel.com\/products-store\/le-tarot-du-royaume-cache-2\/"},"modified":"2015-02-23T01:08:24","modified_gmt":"2015-02-23T06:08:24","slug":"le-tarot-du-royaume-cache-2","status":"publish","type":"product","link":"https:\/\/www.lessence-ciel.com\/en\/products-store\/le-tarot-du-royaume-cache-2\/","title":{"rendered":"Le tarot du Royaume Cach\u00e9"},"content":{"rendered":"<p>Imaginez que vous vous promenez dans la for\u00eat en fin d\u2019apr\u00e8s-midi, et que les rayons du soleil filtrent \u00e0 travers les feuilles. Soudain, des voix, des rires et de la musique semblent s\u2019\u00e9lever au-dessus des arbres immobiles. Puis, vous remarquez que vous ne r\u00eavez pas: il y a bel et bien devant vous des gens \u2014 du moins, vous croyez que ce sont des gens \u2014 qui sont en train de danser. Vous avez franchi la porte menant au royaume des f\u00e9es, un endroit situ\u00e9 au-del\u00e0 de notre monde quotidien. Le Tarot du Royaume cach\u00e9 est une passerelle qui m\u00e8ne \u00e0 cet endroit. C\u2019est un royaume empli de nature sauvage et de merveilles o\u00f9 les visions chamaniques abondent. Intuitif et fond\u00e9 sur les \u00e9l\u00e9ments, ce jeu magnifiquement illustr\u00e9 est une invitation \u00e0 acc\u00e9der \u00e0 la source de sagesse et de gu\u00e9rison que nous croyons tous \u00eatre hors de port\u00e9e.<\/p>\n","protected":false},"excerpt":{"rendered":"<p>Imaginez que vous vous promenez dans la for\u00eat en fin d\u2019apr\u00e8s-midi, et que les rayons du soleil filtrent \u00e0 travers les feuilles. Soudain, des voix, des rires et de la musique semblent s\u2019\u00e9lever au-dessus des arbres immobiles. Puis, vous remarquez que vous ne r\u00eavez pas: il y a bel et [&hellip;]<\/p>\n","protected":false},"featured_media":64945,"template":"","meta":{"_acf_changed":false,"wds_primary_classe-produit":0,"wds_primary_categories-produits":0,"wds_primary_thematique":0,"wds_primary_product_brand":0,"wds_primary_product_cat":0},"classe-produit":[374,366],"categories-produits":[],"thematique":[913,533,923],"product_brand":[],"class_list":{"0":"post-39198","1":"product","2":"type-product","3":"status-publish","4":"has-post-thumbnail","6":"classe-produit-tarots","7":"classe-produit-visionary-tools","8":"thematique-divination-oracles","9":"thematique-minds-sanctuary","10":"thematique-tarot","12":"first","13":"instock","14":"taxable","15":"shipping-taxable","16":"purchasable","17":"product-type-simple"},"acf":{"modele_type":"blog","modele_email":"single","acf-general_shortdesc":"","modele_single":{"lead_magnet":"","lead_click":"","post_hasvideo":"no","video_associee":{"post_video":"","description_video":"","thumb_video":null}},"modele_default":{"desc":"","lead_click":"Clique ici pour plus d'information"},"modele_hook":{"image_height":null,"lead_magnet":"","key_phase":"","desc":"","lead_click":"Clique ici pour plus d'information"},"modele_bullets":{"image_height":null,"bullets":null,"lead_click":"Clique ici pour plus d'information"}},"_links":{"self":[{"href":"https:\/\/www.lessence-ciel.com\/en\/wp-json\/wp\/v2\/product\/39198","targetHints":{"allow":["GET"]}}],"collection":[{"href":"https:\/\/www.lessence-ciel.com\/en\/wp-json\/wp\/v2\/product"}],"about":[{"href":"https:\/\/www.lessence-ciel.com\/en\/wp-json\/wp\/v2\/types\/product"}],"wp:featuredmedia":[{"embeddable":true,"href":"https:\/\/www.lessence-ciel.com\/en\/wp-json\/wp\/v2\/media\/64945"}],"wp:attachment":[{"href":"https:\/\/www.lessence-ciel.com\/en\/wp-json\/wp\/v2\/media?parent=39198"}],"wp:term":[{"taxonomy":"classe-produit","embeddable":true,"href":"https:\/\/www.lessence-ciel.com\/en\/wp-json\/wp\/v2\/classe-produit?post=39198"},{"taxonomy":"categories-produits","embeddable":true,"href":"https:\/\/www.lessence-ciel.com\/en\/wp-json\/wp\/v2\/categories-produits?post=39198"},{"taxonomy":"thematique","embeddable":true,"href":"https:\/\/www.lessence-ciel.com\/en\/wp-json\/wp\/v2\/thematique?post=39198"},{"taxonomy":"product_brand","embeddable":true,"href":"https:\/\/www.lessence-ciel.com\/en\/wp-json\/wp\/v2\/product_brand?post=39198"}],"curies":[{"name":"wp","href":"https:\/\/api.w.org\/{rel}","templated":true}]}}