{"id":42859,"date":"2015-09-21T13:50:35","date_gmt":"2015-09-21T17:50:35","guid":{"rendered":"https:\/\/www.lessence-ciel.com\/?post_type=product&#038;p=42859"},"modified":"2015-09-21T14:08:36","modified_gmt":"2015-09-21T18:08:36","slug":"la-quete-jeu-de-tarot","status":"publish","type":"product","link":"https:\/\/www.lessence-ciel.com\/en\/products-store\/la-quete-jeu-de-tarot\/","title":{"rendered":"La qu\u00eate-jeu de tarot"},"content":{"rendered":"<p>&nbsp;<\/p>\n<p>Le tarot vient de subir une m\u00e9tamorphose ! &#8220;La qu\u00eate : jeu de tarot&#8221; est le jeu de cartes le plus polyvalent de l\u2019Univers. Utilisez-le comme une planchette Ouija pour obtenir des r\u00e9ponses oui\/non ou pour \u00e9peler des mots. Jouez au tarot poker avec vos amis. \u00c9talez les cartes et pr\u00e9disez l\u2019avenir. Aucun autre jeu n\u2019offre autant de possibilit\u00e9s. L\u2019art \u00e9clatant et avant-gardiste de ce coffret offre certaines alternatives uniques aux symboles du tarot traditionnel (voyez si vous pouvez rep\u00e9rer les ovnis). Mais ces cartes sont beaucoup plus que de belles images. Ce jeu r\u00e9volutionnaire incorpore aussi des correspondances astrologiques, kabbalistiques, runiques, I Ching, des associations avec les pierres pr\u00e9cieuses et comporte des indicateurs chronologiques qui vous aideront \u00e0 identifier la date \u00e0 laquelle les \u00e9v\u00e9nements et les changements pr\u00e9dits dans vos lectures se produiront. Cet ensemble haut en couleur contient 80 cartes (les 78 cartes traditionnelles en plus d\u2019une carte vierge et de la carte Multiverse) ainsi qu\u2019un guide d\u2019accompagnement sous la forme d\u2019un livre grand format qui explique les nombreuses mani\u00e8res d\u2019utiliser ce jeu unique. C\u2019est le tarot le plus innovateur et le plus facile \u00e0 utiliser jamais cr\u00e9\u00e9.<\/p>\n","protected":false},"excerpt":{"rendered":"<p>&nbsp; Le tarot vient de subir une m\u00e9tamorphose ! &#8220;La qu\u00eate : jeu de tarot&#8221; est le jeu de cartes le plus polyvalent de l\u2019Univers. Utilisez-le comme une planchette Ouija pour obtenir des r\u00e9ponses oui\/non ou pour \u00e9peler des mots. Jouez au tarot poker avec vos amis. \u00c9talez les cartes [&hellip;]<\/p>\n","protected":false},"featured_media":42860,"template":"","meta":{"_acf_changed":false,"wds_primary_classe-produit":0,"wds_primary_categories-produits":0,"wds_primary_thematique":0,"wds_primary_product_brand":0,"wds_primary_product_cat":0},"classe-produit":[374,366],"categories-produits":[],"thematique":[913,931,533,923],"product_brand":[],"class_list":{"0":"post-42859","1":"product","2":"type-product","3":"status-publish","4":"has-post-thumbnail","6":"classe-produit-tarots","7":"classe-produit-visionary-tools","8":"thematique-divination-oracles","9":"thematique-intuition-psychic-development-mediums","10":"thematique-minds-sanctuary","11":"thematique-tarot","13":"first","14":"instock","15":"taxable","16":"shipping-taxable","17":"purchasable","18":"product-type-simple"},"acf":{"modele_type":"blog","modele_email":"single","acf-general_shortdesc":"","modele_single":{"lead_magnet":"","lead_click":"","post_hasvideo":"no","video_associee":{"post_video":"","description_video":"","thumb_video":null}},"modele_default":{"desc":"","lead_click":"Clique ici pour plus d'information"},"modele_hook":{"image_height":null,"lead_magnet":"","key_phase":"","desc":"","lead_click":"Clique ici pour plus d'information"},"modele_bullets":{"image_height":null,"bullets":null,"lead_click":"Clique ici pour plus d'information"}},"_links":{"self":[{"href":"https:\/\/www.lessence-ciel.com\/en\/wp-json\/wp\/v2\/product\/42859","targetHints":{"allow":["GET"]}}],"collection":[{"href":"https:\/\/www.lessence-ciel.com\/en\/wp-json\/wp\/v2\/product"}],"about":[{"href":"https:\/\/www.lessence-ciel.com\/en\/wp-json\/wp\/v2\/types\/product"}],"wp:featuredmedia":[{"embeddable":true,"href":"https:\/\/www.lessence-ciel.com\/en\/wp-json\/wp\/v2\/media\/42860"}],"wp:attachment":[{"href":"https:\/\/www.lessence-ciel.com\/en\/wp-json\/wp\/v2\/media?parent=42859"}],"wp:term":[{"taxonomy":"classe-produit","embeddable":true,"href":"https:\/\/www.lessence-ciel.com\/en\/wp-json\/wp\/v2\/classe-produit?post=42859"},{"taxonomy":"categories-produits","embeddable":true,"href":"https:\/\/www.lessence-ciel.com\/en\/wp-json\/wp\/v2\/categories-produits?post=42859"},{"taxonomy":"thematique","embeddable":true,"href":"https:\/\/www.lessence-ciel.com\/en\/wp-json\/wp\/v2\/thematique?post=42859"},{"taxonomy":"product_brand","embeddable":true,"href":"https:\/\/www.lessence-ciel.com\/en\/wp-json\/wp\/v2\/product_brand?post=42859"}],"curies":[{"name":"wp","href":"https:\/\/api.w.org\/{rel}","templated":true}]}}