{"id":52849,"date":"2016-05-16T14:20:27","date_gmt":"2016-05-16T18:20:27","guid":{"rendered":"https:\/\/www.lessence-ciel.com\/products-store\/harmoni-chakras\/"},"modified":"2016-05-16T14:20:27","modified_gmt":"2016-05-16T18:20:27","slug":"harmoni-chakras","status":"publish","type":"product","link":"https:\/\/www.lessence-ciel.com\/en\/products-store\/harmoni-chakras\/","title":{"rendered":"Harmoni Chakras"},"content":{"rendered":"<p>Un joyau sonore d\u2019une finesse harmonique indescriptible\u2026<br \/>\nUne exp\u00e9rience musicale hors du commun.<br \/>\nLaissez-vous bercer par les harmonies du coeur et de l\u2019esprit.<br \/>\nIl r\u00e9side en chacun de nos chakras des pouvoirs secrets, les Siddhis, qui sont des pouvoirs spirituels latents. Une fois purifi\u00e9s et \u00e9veill\u00e9s, l\u2019harmonie cr\u00e9\u00e9e par l\u2019ouverture de ces roues d\u2019\u00e9nergie nous apporte la paix int\u00e9rieure jusqu\u2019\u00e0 l\u2019union fusionnelle avec l\u2019Atman, l\u2019\u00catre Cosmique. Ils ressemblent \u00e0 des fleurs. Tout comme elles, les chakras peuvent \u00eatre ferm\u00e9s ou ouverts. Plus ils sont ouverts, plus l\u2019\u00e9nergie circule librement. L\u2019aura d\u2019un chakra peut rayonner de plusieurs couleurs, mais chacun d\u2019eux a une dominante.<\/p>\n","protected":false},"excerpt":{"rendered":"<p>Un joyau sonore d\u2019une finesse harmonique indescriptible\u2026 Une exp\u00e9rience musicale hors du commun. Laissez-vous bercer par les harmonies du coeur et de l\u2019esprit. Il r\u00e9side en chacun de nos chakras des pouvoirs secrets, les Siddhis, qui sont des pouvoirs spirituels latents. Une fois purifi\u00e9s et \u00e9veill\u00e9s, l\u2019harmonie cr\u00e9\u00e9e par l\u2019ouverture [&hellip;]<\/p>\n","protected":false},"featured_media":134240,"template":"","meta":{"_acf_changed":false,"wds_primary_classe-produit":0,"wds_primary_categories-produits":0,"wds_primary_thematique":0,"wds_primary_product_brand":0,"wds_primary_product_cat":0},"classe-produit":[351,357],"categories-produits":[],"thematique":[810,818,531],"product_brand":[],"class_list":{"0":"post-52849","1":"product","2":"type-product","3":"status-publish","4":"has-post-thumbnail","6":"classe-produit-cd-en","7":"classe-produit-music-cd","8":"thematique-harmonisation","9":"thematique-music","10":"thematique-natures-realm","12":"first","13":"instock","14":"taxable","15":"shipping-taxable","16":"purchasable","17":"product-type-simple"},"acf":{"modele_type":"blog","modele_email":"single","acf-general_shortdesc":"","modele_single":{"lead_magnet":"","lead_click":"","post_hasvideo":"no","video_associee":{"post_video":"","description_video":"","thumb_video":null}},"modele_default":{"desc":"","lead_click":"Clique ici pour plus d'information"},"modele_hook":{"image_height":null,"lead_magnet":"","key_phase":"","desc":"","lead_click":"Clique ici pour plus d'information"},"modele_bullets":{"image_height":null,"bullets":null,"lead_click":"Clique ici pour plus d'information"}},"_links":{"self":[{"href":"https:\/\/www.lessence-ciel.com\/en\/wp-json\/wp\/v2\/product\/52849","targetHints":{"allow":["GET"]}}],"collection":[{"href":"https:\/\/www.lessence-ciel.com\/en\/wp-json\/wp\/v2\/product"}],"about":[{"href":"https:\/\/www.lessence-ciel.com\/en\/wp-json\/wp\/v2\/types\/product"}],"wp:featuredmedia":[{"embeddable":true,"href":"https:\/\/www.lessence-ciel.com\/en\/wp-json\/wp\/v2\/media\/134240"}],"wp:attachment":[{"href":"https:\/\/www.lessence-ciel.com\/en\/wp-json\/wp\/v2\/media?parent=52849"}],"wp:term":[{"taxonomy":"classe-produit","embeddable":true,"href":"https:\/\/www.lessence-ciel.com\/en\/wp-json\/wp\/v2\/classe-produit?post=52849"},{"taxonomy":"categories-produits","embeddable":true,"href":"https:\/\/www.lessence-ciel.com\/en\/wp-json\/wp\/v2\/categories-produits?post=52849"},{"taxonomy":"thematique","embeddable":true,"href":"https:\/\/www.lessence-ciel.com\/en\/wp-json\/wp\/v2\/thematique?post=52849"},{"taxonomy":"product_brand","embeddable":true,"href":"https:\/\/www.lessence-ciel.com\/en\/wp-json\/wp\/v2\/product_brand?post=52849"}],"curies":[{"name":"wp","href":"https:\/\/api.w.org\/{rel}","templated":true}]}}