{"id":52850,"date":"2016-05-16T13:46:53","date_gmt":"2016-05-16T17:46:53","guid":{"rendered":"https:\/\/www.lessence-ciel.com\/products-store\/harmoni-chakras-vol-ii\/"},"modified":"2016-05-16T13:46:53","modified_gmt":"2016-05-16T17:46:53","slug":"harmoni-chakras-vol-ii","status":"publish","type":"product","link":"https:\/\/www.lessence-ciel.com\/en\/products-store\/harmoni-chakras-vol-ii\/","title":{"rendered":"Harmoni Chakras Vol II"},"content":{"rendered":"<p>Suite au premier album, ce volume II d\u2019harmonisation des chakras va encore plus loin dans l\u2019exploration de nos centres \u00e9nerg\u00e9tiques sup\u00e9rieurs, tout particuli\u00e8rement celui du coeur, du troisi\u00e8me oeil et de la couronne.<br \/>\nAussi il est inspir\u00e9 par l\u2019oeuvre de Louise Aur\u00e9lia Jones, l\u2019auteure des livres Telos. En plus des musiques qui ont servi de trame sonore \u00e0 cette s\u00e9rie de livres audio, de nouvelles ambiances sonores et compositions musicales vous transporteront dans une douce atmosph\u00e8re de d\u00e9tente, et de recueillement int\u00e9rieur.<br \/>\nCon\u00e7u dans le but de procurer un profond \u00e9tat de bien-\u00eatre et de relaxation tant pour le corps que l\u2019esprit, ce CD est id\u00e9al pour la pratique de la m\u00e9ditation quotidienne, pour donner ou recevoir un massage, ou tout simplement pour ressentir les vibrations d\u2019amour qui \u00e9manent des profondeurs de votre \u00eatre.<\/p>\n","protected":false},"excerpt":{"rendered":"<p>Suite au premier album, ce volume II d\u2019harmonisation des chakras va encore plus loin dans l\u2019exploration de nos centres \u00e9nerg\u00e9tiques sup\u00e9rieurs, tout particuli\u00e8rement celui du coeur, du troisi\u00e8me oeil et de la couronne. Aussi il est inspir\u00e9 par l\u2019oeuvre de Louise Aur\u00e9lia Jones, l\u2019auteure des livres Telos. En plus des [&hellip;]<\/p>\n","protected":false},"featured_media":46071,"template":"","meta":{"_acf_changed":false,"wds_primary_classe-produit":0,"wds_primary_categories-produits":0,"wds_primary_thematique":0,"wds_primary_product_brand":0,"wds_primary_product_cat":0},"classe-produit":[351,357],"categories-produits":[],"thematique":[810,818,531],"product_brand":[],"class_list":{"0":"post-52850","1":"product","2":"type-product","3":"status-publish","4":"has-post-thumbnail","6":"classe-produit-cd-en","7":"classe-produit-music-cd","8":"thematique-harmonisation","9":"thematique-music","10":"thematique-natures-realm","12":"first","13":"instock","14":"taxable","15":"shipping-taxable","16":"purchasable","17":"product-type-simple"},"acf":{"modele_type":"blog","modele_email":"single","acf-general_shortdesc":"","modele_single":{"lead_magnet":"","lead_click":"","post_hasvideo":"no","video_associee":{"post_video":"","description_video":"","thumb_video":null}},"modele_default":{"desc":"","lead_click":"Clique ici pour plus d'information"},"modele_hook":{"image_height":null,"lead_magnet":"","key_phase":"","desc":"","lead_click":"Clique ici pour plus d'information"},"modele_bullets":{"image_height":null,"bullets":null,"lead_click":"Clique ici pour plus d'information"}},"_links":{"self":[{"href":"https:\/\/www.lessence-ciel.com\/en\/wp-json\/wp\/v2\/product\/52850","targetHints":{"allow":["GET"]}}],"collection":[{"href":"https:\/\/www.lessence-ciel.com\/en\/wp-json\/wp\/v2\/product"}],"about":[{"href":"https:\/\/www.lessence-ciel.com\/en\/wp-json\/wp\/v2\/types\/product"}],"wp:featuredmedia":[{"embeddable":true,"href":"https:\/\/www.lessence-ciel.com\/en\/wp-json\/wp\/v2\/media\/46071"}],"wp:attachment":[{"href":"https:\/\/www.lessence-ciel.com\/en\/wp-json\/wp\/v2\/media?parent=52850"}],"wp:term":[{"taxonomy":"classe-produit","embeddable":true,"href":"https:\/\/www.lessence-ciel.com\/en\/wp-json\/wp\/v2\/classe-produit?post=52850"},{"taxonomy":"categories-produits","embeddable":true,"href":"https:\/\/www.lessence-ciel.com\/en\/wp-json\/wp\/v2\/categories-produits?post=52850"},{"taxonomy":"thematique","embeddable":true,"href":"https:\/\/www.lessence-ciel.com\/en\/wp-json\/wp\/v2\/thematique?post=52850"},{"taxonomy":"product_brand","embeddable":true,"href":"https:\/\/www.lessence-ciel.com\/en\/wp-json\/wp\/v2\/product_brand?post=52850"}],"curies":[{"name":"wp","href":"https:\/\/api.w.org\/{rel}","templated":true}]}}