{"id":52882,"date":"2016-04-27T11:47:39","date_gmt":"2016-04-27T15:47:39","guid":{"rendered":"https:\/\/www.lessence-ciel.com\/products-store\/paix-amour-lumiere\/"},"modified":"2019-05-24T17:29:10","modified_gmt":"2019-05-24T21:29:10","slug":"paix-amour-lumiere","status":"publish","type":"product","link":"https:\/\/www.lessence-ciel.com\/en\/products-store\/paix-amour-lumiere\/","title":{"rendered":"Paix amour et lumi\u00e8re"},"content":{"rendered":"<p>Passer dans la Paix, l&#8217;Amour et la Lumi\u00e8re est une exp\u00e9rience que nous pouvons faire ici et maintenant qui que nous soyons. Toute la vie s&#8217;en trouve transform\u00e9e. Tout se passe comme si la conscience prenait soudain un bain de lumi\u00e8re vivante, de l&#8217;autre c\u00f4t\u00e9 de la mort et du temps. Cette lumi\u00e8re est au Centre d&#8217;un bonheur extatique qui consume toute forme de n\u00e9gativit\u00e9 en nous. Comme un millions de soleils d&#8217;amour compress\u00e9 qui dissout tout en lui-m\u00eame, annihilant tout ressentiment, toute crainte, toute peur, toute ranc\u0153ur, tout chagrin. D&#8217;un coup, tout est gu\u00e9ri. Il ne reste qu&#8217;un merveilleux sentiment de bienveillance qui grandit dans la radiance infinie de Tout-ce-qui-est, de Tout-ce-qui-a-\u00e9t\u00e9 et de Tout-ce-qui-sera.<\/p>\n<p>Vous savez alors que c&#8217;est-ce que les mystiques de toute confession appellent \u00ab Dieu \u00bb. Personne n&#8217;a besoin de vous le dire. Vous le savez, vous le ressentez, et cela suffit. Vous ne pouvez plus simplement croire en Dieu, car la croyance implique le doute. Il n&#8217;y a plus aucun doute. Vous baignez dans la Paix, l&#8217;Amour et la Lumi\u00e8re. Et vous savez que vous savez, et vous ne serez plus jamais la m\u00eame personne. Et vous savez qui vous \u00eates vraiment&#8230;une cellule de ce Grand Organisme Conscient et Bienveillant, une expression de ce Pouvoir d&#8217;Amour, une expansion de cet Esprit-Unifi\u00e9.<\/p>\n<p>Voil\u00e0 ce que ce chant et cette musique ont clairement l&#8217;intention d&#8217;exprimer et de faciliter: le passage de la conscience humaine dans la Lumi\u00e8re, le changement du c\u0153ur de l&#8217;\u00eatre profond, localement, puis globalement pour que Notre-M\u00e8re la Terre rayonne \u00e0 nouveau de joie et d&#8217;abondance. Il ne s&#8217;agit pas d&#8217;une religion ancienne ou nouvelle, ni m\u00eame d&#8217;une philosophie Nouvel-\u00c2ge ou autre chose encore. La Lumi\u00e8re ne demande rien, n&#8217;exige rien, ne stipule rien. Elle ne fait que nous aimer, nous accueillir et nous accepter dans une libert\u00e9 totale. Son Amour englobe tout, transcende et d\u00e9passe tout. Elle est Une, et nous sommes d&#8217;Elle. Et nous somme pour Elle.<\/p>\n<p>Comme une Source intarissable, cette Paix, cet Amour et cette Lumi\u00e8re jaillissent spontan\u00e9ment de l&#8217;Aspect F\u00e9minin et Compassionn\u00e9 de l&#8217;Absolu. L&#8217;Amour de la Matrice Divine est inconditionnel et ce qui nous est \u00e9ventuellement demand\u00e9, quoi qu&#8217;il arrive en ces moments de grandes transformation plan\u00e9taires, est peut-\u00eatre de L&#8217;aimer inconditionnellement en retour, sur la Terre et dans nos c\u0153urs. Merci d&#8217;\u00eatre l\u00e0.<\/p>\n<p>Patrick Bernard.<\/p>\n","protected":false},"excerpt":{"rendered":"<p>Passer dans la Paix, l&#8217;Amour et la Lumi\u00e8re est une exp\u00e9rience que nous pouvons faire ici et maintenant qui que nous soyons. Toute la vie s&#8217;en trouve transform\u00e9e. Tout se passe comme si la conscience prenait soudain un bain de lumi\u00e8re vivante, de l&#8217;autre c\u00f4t\u00e9 de la mort et du [&hellip;]<\/p>\n","protected":false},"featured_media":45805,"template":"","meta":{"_acf_changed":false,"wds_primary_classe-produit":0,"wds_primary_categories-produits":0,"wds_primary_thematique":0,"wds_primary_product_brand":0,"wds_primary_product_cat":0},"classe-produit":[351,1141],"categories-produits":[],"thematique":[810,820,818,531],"product_brand":[],"class_list":{"0":"post-52882","1":"product","2":"type-product","3":"status-publish","4":"has-post-thumbnail","6":"classe-produit-cd-en","7":"classe-produit-cd-mantras-et-chants-en","8":"thematique-harmonisation","9":"thematique-healing-harmonization-tools","10":"thematique-music","11":"thematique-natures-realm","13":"first","14":"instock","15":"taxable","16":"shipping-taxable","17":"purchasable","18":"product-type-simple"},"acf":{"modele_type":"blog","modele_email":"single","acf-general_shortdesc":"","modele_single":{"lead_magnet":"","lead_click":"","post_hasvideo":"no","video_associee":{"post_video":"","description_video":"","thumb_video":null}},"modele_default":{"desc":"","lead_click":"Clique ici pour plus d'information"},"modele_hook":{"image_height":null,"lead_magnet":"","key_phase":"","desc":"","lead_click":"Clique ici pour plus d'information"},"modele_bullets":{"image_height":null,"bullets":null,"lead_click":"Clique ici pour plus d'information"}},"_links":{"self":[{"href":"https:\/\/www.lessence-ciel.com\/en\/wp-json\/wp\/v2\/product\/52882","targetHints":{"allow":["GET"]}}],"collection":[{"href":"https:\/\/www.lessence-ciel.com\/en\/wp-json\/wp\/v2\/product"}],"about":[{"href":"https:\/\/www.lessence-ciel.com\/en\/wp-json\/wp\/v2\/types\/product"}],"wp:featuredmedia":[{"embeddable":true,"href":"https:\/\/www.lessence-ciel.com\/en\/wp-json\/wp\/v2\/media\/45805"}],"wp:attachment":[{"href":"https:\/\/www.lessence-ciel.com\/en\/wp-json\/wp\/v2\/media?parent=52882"}],"wp:term":[{"taxonomy":"classe-produit","embeddable":true,"href":"https:\/\/www.lessence-ciel.com\/en\/wp-json\/wp\/v2\/classe-produit?post=52882"},{"taxonomy":"categories-produits","embeddable":true,"href":"https:\/\/www.lessence-ciel.com\/en\/wp-json\/wp\/v2\/categories-produits?post=52882"},{"taxonomy":"thematique","embeddable":true,"href":"https:\/\/www.lessence-ciel.com\/en\/wp-json\/wp\/v2\/thematique?post=52882"},{"taxonomy":"product_brand","embeddable":true,"href":"https:\/\/www.lessence-ciel.com\/en\/wp-json\/wp\/v2\/product_brand?post=52882"}],"curies":[{"name":"wp","href":"https:\/\/api.w.org\/{rel}","templated":true}]}}