{"id":52896,"date":"2016-04-13T16:31:25","date_gmt":"2016-04-13T20:31:25","guid":{"rendered":"https:\/\/www.lessence-ciel.com\/products-store\/anges-de-route-2\/"},"modified":"2019-05-12T11:54:25","modified_gmt":"2019-05-12T15:54:25","slug":"anges-de-route-2","status":"publish","type":"product","link":"https:\/\/www.lessence-ciel.com\/en\/products-store\/anges-de-route-2\/","title":{"rendered":"Road Gardian Angels"},"content":{"rendered":"\n<div class=\"wp-block-columns has-4-columns is-layout-flex wp-container-core-columns-is-layout-9d6595d7 wp-block-columns-is-layout-flex\">\n<div class=\"wp-block-column is-layout-flow wp-block-column-is-layout-flow\">\n<figure class=\"wp-block-image\"><img loading=\"lazy\" decoding=\"async\" width=\"200\" height=\"267\" src=\"https:\/\/www.lessence-ciel.com\/wp-content\/uploads\/2016\/04\/ange-gardien-clip.jpg\" alt=\"\" class=\"wp-image-45619\"\/><figcaption>Ange gardien<\/figcaption><\/figure>\n\n\n\n<figure class=\"wp-block-image\"><img loading=\"lazy\" decoding=\"async\" width=\"200\" height=\"267\" src=\"https:\/\/www.lessence-ciel.com\/wp-content\/uploads\/2016\/04\/ange-de-la-route.jpg\" alt=\"\" class=\"wp-image-45631\"\/><figcaption>Ne conduisez jamais plus vite que votre ange peut voler<\/figcaption><\/figure>\n<\/div>\n\n\n\n<div class=\"wp-block-column is-layout-flow wp-block-column-is-layout-flow\">\n<figure class=\"wp-block-image\"><img loading=\"lazy\" decoding=\"async\" width=\"200\" height=\"267\" src=\"https:\/\/www.lessence-ciel.com\/wp-content\/uploads\/2016\/04\/ange-de-la-route2.jpg\" alt=\"\" class=\"wp-image-45634\"\/><figcaption>Ange gardien &#8211; m\u00e9talique<\/figcaption><\/figure>\n\n\n\n<figure class=\"wp-block-image\"><img loading=\"lazy\" decoding=\"async\" width=\"200\" height=\"261\" src=\"https:\/\/www.lessence-ciel.com\/wp-content\/uploads\/2016\/04\/ange-de-la-route4.jpg\" alt=\"\" class=\"wp-image-45642\"\/><figcaption>Ne conduisez jamais plus vite que votre ange peut voler &#8211; m\u00e9talique<\/figcaption><\/figure>\n<\/div>\n\n\n\n<div class=\"wp-block-column is-layout-flow wp-block-column-is-layout-flow\">\n<figure class=\"wp-block-image\"><img loading=\"lazy\" decoding=\"async\" width=\"150\" height=\"200\" src=\"https:\/\/www.lessence-ciel.com\/wp-content\/uploads\/2016\/04\/protege-par-les-anges.jpg\" alt=\"prot\u00e9g\u00e9 par les anges\" class=\"wp-image-45646\"\/><figcaption>Prot\u00e9g\u00e9 par les anges<\/figcaption><\/figure>\n<\/div>\n\n\n\n<div class=\"wp-block-column is-layout-flow wp-block-column-is-layout-flow\">\n<figure class=\"wp-block-image\"><img loading=\"lazy\" decoding=\"async\" width=\"200\" height=\"267\" src=\"https:\/\/www.lessence-ciel.com\/wp-content\/uploads\/2016\/04\/ange-de-la-route3.jpg\" alt=\"\" class=\"wp-image-45639\"\/><figcaption>Prot\u00e9g\u00e9 par les anges &#8211; m\u00e9talique<\/figcaption><\/figure>\n<\/div>\n<\/div>\n","protected":false},"excerpt":{"rendered":"","protected":false},"featured_media":61074,"template":"","meta":{"_acf_changed":false,"wds_primary_classe-produit":0,"wds_primary_categories-produits":0,"wds_primary_thematique":0,"wds_primary_product_brand":0,"wds_primary_product_cat":0},"classe-produit":[503],"categories-produits":[],"thematique":[529,747,745,798],"product_brand":[],"class_list":{"0":"post-52896","1":"product","2":"type-product","3":"status-publish","4":"has-post-thumbnail","6":"classe-produit-symbolic-items","7":"thematique-angels-world","8":"thematique-angels","9":"thematique-angels-archangels","10":"thematique-protection","12":"first","13":"instock","14":"taxable","15":"shipping-taxable","16":"product-type-simple"},"acf":{"modele_type":"blog","modele_email":"single","acf-general_shortdesc":"","modele_single":{"lead_magnet":"","lead_click":"","post_hasvideo":"no","video_associee":{"post_video":"","description_video":"","thumb_video":null}},"modele_default":{"desc":"","lead_click":"Clique ici pour plus d'information"},"modele_hook":{"image_height":null,"lead_magnet":"","key_phase":"","desc":"","lead_click":"Clique ici pour plus d'information"},"modele_bullets":{"image_height":null,"bullets":null,"lead_click":"Clique ici pour plus d'information"}},"_links":{"self":[{"href":"https:\/\/www.lessence-ciel.com\/en\/wp-json\/wp\/v2\/product\/52896","targetHints":{"allow":["GET"]}}],"collection":[{"href":"https:\/\/www.lessence-ciel.com\/en\/wp-json\/wp\/v2\/product"}],"about":[{"href":"https:\/\/www.lessence-ciel.com\/en\/wp-json\/wp\/v2\/types\/product"}],"wp:featuredmedia":[{"embeddable":true,"href":"https:\/\/www.lessence-ciel.com\/en\/wp-json\/wp\/v2\/media\/61074"}],"wp:attachment":[{"href":"https:\/\/www.lessence-ciel.com\/en\/wp-json\/wp\/v2\/media?parent=52896"}],"wp:term":[{"taxonomy":"classe-produit","embeddable":true,"href":"https:\/\/www.lessence-ciel.com\/en\/wp-json\/wp\/v2\/classe-produit?post=52896"},{"taxonomy":"categories-produits","embeddable":true,"href":"https:\/\/www.lessence-ciel.com\/en\/wp-json\/wp\/v2\/categories-produits?post=52896"},{"taxonomy":"thematique","embeddable":true,"href":"https:\/\/www.lessence-ciel.com\/en\/wp-json\/wp\/v2\/thematique?post=52896"},{"taxonomy":"product_brand","embeddable":true,"href":"https:\/\/www.lessence-ciel.com\/en\/wp-json\/wp\/v2\/product_brand?post=52896"}],"curies":[{"name":"wp","href":"https:\/\/api.w.org\/{rel}","templated":true}]}}