{"id":52905,"date":"2015-12-01T17:55:32","date_gmt":"2015-12-01T22:55:32","guid":{"rendered":"https:\/\/www.lessence-ciel.com\/products-store\/produits-purification-avec-le-sauge\/"},"modified":"2019-06-06T18:49:04","modified_gmt":"2019-06-06T22:49:04","slug":"produits-purification-avec-le-sauge","status":"publish","type":"product","link":"https:\/\/www.lessence-ciel.com\/en\/products-store\/produits-purification-avec-le-sauge\/","title":{"rendered":"Tout ce dont tu as besoin pour r\u00e9ussir ton &#8220;Smudging&#8221; (Purification avec la Sauge)"},"content":{"rendered":"<h2>\u00c9l\u00e9ments de base pour ton &#8220;Smudging&#8221;:<\/h2>\n<p><img loading=\"lazy\" decoding=\"async\" class=\"wp-image-64447 alignleft\" src=\"https:\/\/www.lessence-ciel.com\/wp-content\/uploads\/2019\/04\/Resized_20190420_111001_4386_20190420_114345-202x350.jpeg\" alt=\"\" width=\"307\" height=\"532\"\/><\/p>\n<ol>\n<li>S\u00e9lection de produits b\u00e9nis disponibles \u00e0 l\u2019Essence-Ciel\n<p>La <strong>sauge <\/strong>dans un des formats suivants&nbsp;:<\/p>\n<ul>\n<li>En feuilles ou en b\u00e2tons (premier choix);<\/li>\n<li>Sinon, elle est aussi disponible en encens,<\/li>\n<li>En bouteille pour vaporiser &#8220;Smudge Spray&#8221; (exemples opportuns : pour les h\u00f4pitaux ou les salles de classe).<\/li>\n<\/ul>\n<\/li>\n<li>Une chandelle pour garder ta sauge allum\u00e9e (un lampion \u00e0 r\u00e9chaud &#8220;Tea Light&#8221;, c\u2019est parfait). Choisis une couleur selon ton intention.<\/li>\n<li>\u00c9tablir ton intention avant tout travail \u00e9nerg\u00e9tique. Il est aussi important de se centrer pour bien diriger efficacement les \u00e9nergies. Exemples de m\u00e9thodes de centrage: les respirations conscientes, un d\u00e9cret, une visualisation ou une m\u00e9ditation, m\u00e9thode &#8220;<a href=\"https:\/\/www.lessence-ciel.com\/enseignement\/formation-harmonisation-et-nettoyage-energetique\/\">21 jours pour ton Pouvoir Personnel<\/a>&#8220;\u2026)<\/li>\n<li>Exemples d&#8217;intention:\n<ul>\n<li><strong>Purification, <\/strong>de nettoyage \u00e9nerg\u00e9tique;<\/li>\n<li>Installer une ambiance o\u00f9 l&#8217;harmonie, la joie et le bien-\u00eatre r\u00e8gnent.<\/li>\n<li>Augmenter les vibrations pour mieux travailler, pour mieux dormir<\/li>\n<li>Vendre la maison, protection, etc.<\/li>\n<li>Assure-toi que ton intention est formul\u00e9e simplement et de mani\u00e8re <strong>positive<\/strong>.<\/li>\n<li>Par exemple on ne dira pas &#8216;Je passe la sauge parce que je ne veux plus d&#8217;\u00e9nergie n\u00e9gative. Nous allons formuler &#8220;Je passe la sauge pour lib\u00e9rer les \u00e9nergies et installer une \u00e9nergie positive, de calme et de paix.&#8221;<\/li>\n<\/ul>\n<\/li>\n<li>Le Rituel de purification avec la Sauge &#8211; Une m\u00e9thode ou approche appropri\u00e9e. <a href=\"https:\/\/www.lessence-ciel.com\/enseignement\/rituel-de-purification-avec-la-sauge\/\">Voir notre approche simplifi\u00e9e ici.<\/a><\/li>\n<\/ol>\n<h3>\u00c9l\u00e9ments suppl\u00e9mentaires pour agr\u00e9menter et fortifier ta c\u00e9r\u00e9monie :<\/h3>\n<p>Lorsque nous utilisons certains outils suppl\u00e9mentaires, ceux-ci peuvent rajouter un \u00e9l\u00e9ment sacr\u00e9 \u00e0 la c\u00e9r\u00e9monie, selon leurs symbolismes et r\u00f4les.<\/p>\n<p>Voici quelques exemples&nbsp;:<\/p>\n<p><img loading=\"lazy\" decoding=\"async\" class=\"aligncenter wp-image-64478 size-large\" src=\"https:\/\/www.lessence-ciel.com\/wp-content\/uploads\/2015\/12\/sauge_plumeau_abalone_sel-1024x751.jpg\" alt=\"\" width=\"1024\" height=\"461\"\/><\/p>\n<h4>Plumeau ou plume<\/h4>\n<p>Bien que la fum\u00e9e de la sauge puisse \u00eatre dirig\u00e9e avec tes mains, lorsque tu as une plume ou un plumeau qui est consacr\u00e9 \u00e0 cette t\u00e2che, tu invites l\u2019accompagnement de l\u2019esprit de l\u2019oiseau et de l\u2019\u00e9l\u00e9ment air.&nbsp; La plume de dindon est bien repr\u00e9sentative pour l\u2019expression des gratitudes avec ses m\u00e9decines. Pour en savoir plus sur la m\u00e9decine du dindon <a href=\"https:\/\/www.lessence-ciel.com\/meta\/dindon\/\">clique ICI<\/a><\/p>\n<p>Il est bon \u00e0 savoir que le commerce des plumes d\u2019aigles est interdit par la loi. Les aigles sont ainsi prot\u00e9g\u00e9s. Si tu as l\u2019aigle comme totem ou animal de pouvoir, tu peux utiliser une <em>plume symbolique<\/em> pour le repr\u00e9senter et l\u2019honorer.&nbsp; Il arrive parfois qu\u2019un aigle laisse une de ses plumes en cadeau.&nbsp; SI tu en trouves une ou si tu en re\u00e7ois une en cadeau ou lors d\u2019une c\u00e9r\u00e9monie, c\u2019est un outil sacr\u00e9 et privil\u00e9gi\u00e9.&nbsp; C\u00e9l\u00e8bre ce moment et prends bien soin de ton alli\u00e9.<\/p>\n<h4>Coquille d\u2019abalone ou assiette<\/h4>\n<p>Bien qu\u2019il soit correct d\u2019utiliser une assiette ordinaire pour tenir notre chandelle et notre b\u00e2ton de sauge c\u2019est plus sp\u00e9cial d\u2019utiliser la coquille d\u2019Abalone comme conteneur sacr\u00e9. Avec sa beaut\u00e9 et ses trous naturels, cette coquille laisse passer l\u2019air vers les feuilles de sauge. &nbsp;La coquille qui vient de la mer est bien dispos\u00e9e pour repr\u00e9senter l\u2019\u00e9l\u00e9ment eau.<\/p>\n<p>Choisir un conteneur s\u00e9curitaire qui ne br\u00fblera pas les mains dues aux cendres qui tombent \u00e0 l&#8217;int\u00e9rieur et qui n&#8217;est pas trop lourd \u00e0 porter lors de la c\u00e9r\u00e9monie.<\/p>\n<h4>Encens et autres plantes sacr\u00e9es pour b\u00e9n\u00e9diction et gratitudes<\/h4>\n<p>Palo Santo, le c\u00e8dre, le foin d\u2019odeur sont aussi utilis\u00e9s pour accompagner les rituels de purification.<\/p>\n<p>Tous les encens, surtout celui qui t\u2019interpelle le plus, peuvent \u00eatre utilis\u00e9s suite \u00e0 la purification afin d\u2019exprimer la gratitude. La fum\u00e9e de l\u2019encens qui s\u2019\u00e9l\u00e8ve symbolise tes pri\u00e8res et tes gratitudes qui s\u2019\u00e9l\u00e8vent.<\/p>\n<h4>Pierres semi-pr\u00e9cieuses<\/h4>\n<p>Suggestions de pierres pour accompagner une purification&nbsp;:<\/p>\n<ul>\n<li>S\u00e9l\u00e9nite (purification)<\/li>\n<li>Tourmaline (protection)<\/li>\n<li>Citrine (purification et joie de vivre)<\/li>\n<li>Am\u00e9thyste (ouvertures et communications avec l\u2019au-del\u00e0)<\/li>\n<\/ul>\n<h2><img loading=\"lazy\" decoding=\"async\" class=\"aligncenter size-large wp-image-64476\" src=\"https:\/\/www.lessence-ciel.com\/wp-content\/uploads\/2015\/12\/bol_musique_tibetain_huiles-1024x647.jpg\" alt=\"\" width=\"1024\" height=\"460\"\/><\/h2>\n<h4>Musique d\u2019harmonisation<\/h4>\n<p>Jouer de la musique sur un CD lors de ton rituel aide \u00e0 te garder centrer dans l\u2019\u00e9nergie de ton rituel;<\/p>\n<h4>Bol tib\u00e9tains, Tingshas ou Diapasons pour \u00e9lever la fr\u00e9quence<\/h4>\n<p>Les bols tib\u00e9tains et les diapasons r\u00e9sonnent d\u2019une vibration qui peut t\u2019aider \u00e0 garder ta fr\u00e9quence. De plus, si tu ressens que certains endroits de ton lieu \u00e0 purifier (ou la personne) ont besoin d\u2019un rehaussement, c\u2019est un outil excellent pour le faire.<\/p>\n<p>Les tingshas ont \u00e9t\u00e9 utilis\u00e9s pour ouvrir et fermer des rituels et des m\u00e9ditations. C\u2019est un bon outil pour se rappeler de faire notre d\u00e9cret d\u2019appel aux guides et de gratitudes pour ceux-ci.<\/p>\n<h4>Tambours et Hochets<\/h4>\n<p>Les tambours et les hochets sont utilis\u00e9s pour enraciner et honorer. Les tambours sont un symbole des vibrations (battement du coeur) de la M\u00e8re Terre.<\/p>\n<h4>Orgonite, g\u00e9om\u00e9trie sacr\u00e9e, Feng Shui<\/h4>\n<p>&nbsp;<\/p>\n<h3>Suggestions de d\u00e9crets<\/h3>\n<ul>\n<li><a href=\"https:\/\/www.lessence-ciel.com\/enseignement\/centrage-energetique\/\">D\u00e9cret de centrage<\/a><\/li>\n<li><a href=\"https:\/\/www.lessence-ciel.com\/enseignement\/accompagnement-par-les-anges-et-les-guides\/\">D\u00e9cret pour l\u2019appel \u00e0 tes anges et guides<\/a><\/li>\n<li><a href=\"https:\/\/www.lessence-ciel.com\/enseignement\/decret-pour-honorer-les-4-directions-ou-les-7-directions\/\">D\u00e9cret pour honorer les 4 directions ou les 7 directions<\/a><\/li>\n<li><a href=\"https:\/\/www.lessence-ciel.com\/enseignement\/decret-d-honneur-envers-les-quatre-4-elements-de-la-nature\/\">D\u00e9cret pour honorer demander les 4 \u00e9l\u00e9ments (Feu, Terre, Air, Eau)<\/a><\/li>\n<li><a href=\"https:\/\/www.lessence-ciel.com\/enseignement\/decret-du-remerciement-aux-anges-et-aux-guides\/\">D\u00e9cret pour les gratitudes<\/a><\/li>\n<\/ul>\n<h6 style=\"text-align: center;\"><a class=\"btn-emphase\" href=\"https:\/\/www.youtube.com\/watch?v=q61q3MMwJsQ\">Vid\u00e9o: \u00c9ric Briand-P\u00e9trin explique la Purification avec la Sauge&nbsp;<\/a><\/h6>\n<p class=\"emphase\" style=\"text-align: center;\">Pour savoir quand il est temps de nettoyer avec la sauge, consulte notre article ici:<\/p>\n<p style=\"text-align: center;\"><a class=\"btn-alternatif\" href=\"https:\/\/www.lessence-ciel.com\/enseignement\/il-est-temps-de-nettoyer-avec-la-sauge\/\" target=\"_blank\" rel=\"noopener nofollow noreferrer\" data-ft=\"{&quot;tn&quot;:&quot;-U&quot;}\" data-lynx-mode=\"asynclazy\" data-lynx-uri=\"https:\/\/l.facebook.com\/l.php?u=https%3A%2F%2Fwww.lessence-ciel.com%2Fenseignement%2Fil-est-temps-de-nettoyer-avec-la-sauge%2F&amp;h=ATNhitj5PQa9RWK_tJhRSJvOhVsnv2bhaufKxH7iSzk6nVeX9aMiiGfHYv_h1fZIX3GJA7QTkDJPMs4mxD4_YjBv34DGxqNLqoe99IEtHkMXBRiglLfqOrGjo1Zg8OaArbz01Q\">Il est temps de nettoyer avec la Sauge<\/a><\/p>\n<h3>Pour approfondir tes connaissances sur la m\u00e9thode de purification avec la sauge, tu peux:<\/h3>\n<ol>\n<li style=\"text-align: left;\">Te procurer le &#8220;Rituel Complet de Purification avec la Sauge&#8221;.<\/li>\n<li style=\"text-align: left;\">Tu peux apprendre comment pratiquer une c\u00e9r\u00e9monie de purification avec la sauge avec le cours complet de Purification avec la Sauge disponible&nbsp; par l&#8217;entremise de notre \u00e9cole en ligne.&nbsp; Ce cours inclut le Rituel complet de purification avec la Sauge<\/li>\n<li style=\"text-align: left;\">Aussi disponible en boutique, sur rendez-vous, <a href=\"https:\/\/www.lessence-ciel.com\/enseignement\/purification-avec-la-sauge-individuel\/\">&#8220;Smudging&#8221; avec enseignements et nettoyage \u00e9nerg\u00e9tique individuel.<\/a> Lib\u00e9rateur, surtout lors les p\u00e9riodes stressantes et lourdes de notre vie mouvement\u00e9e. Un all\u00e8gement qui fait du bien! Prends rendez-vous!<\/li>\n<li style=\"text-align: left;\">Participe en personne \u00e0 notre atelier \u2018Purification avec la sauge&#8217;. Lors de cet atelier tu participeras \u00e0 une c\u00e9r\u00e9monie de purifiacation avec le sauge. En plus tu recevras en bonis l&#8217;acc\u00e8s au cours en ligne.&nbsp; Tu auras toutes les informations et tu pourras te procurer tes outils (b\u00e2ton de sauge, coquillage et plumes) qui seront \u00e0 ta disposition d\u00e8s la fin de l\u2019atelier!<\/li>\n<\/ol>\n<p style=\"text-align: center;\">Appelle en boutique au <strong>819-568-2643<\/strong> pour inscrire ton nom <br \/>sur la liste des gens int\u00e9ress\u00e9s par la formation. <span class=\"_47e3 _5mfr\" title=\"wink emoticon\"><img loading=\"lazy\" decoding=\"async\" class=\"img\" role=\"presentation\" src=\"https:\/\/static.xx.fbcdn.net\/images\/emoji.php\/v9\/fb0\/1.5\/16\/1f609.png\" alt=\"\" width=\"16\" height=\"16\"\/> &nbsp;<\/span><\/p>\n\n\n<p><\/p>\n","protected":false},"excerpt":{"rendered":"<p>\u00c9l\u00e9ments de base pour ton &#8220;Smudging&#8221;: S\u00e9lection de produits b\u00e9nis disponibles \u00e0 l\u2019Essence-Ciel La sauge dans un des formats suivants&nbsp;: En feuilles ou en b\u00e2tons (premier choix); Sinon, elle est aussi disponible en encens, En bouteille pour vaporiser &#8220;Smudge Spray&#8221; (exemples opportuns : pour les h\u00f4pitaux ou les salles de [&hellip;]<\/p>\n","protected":false},"featured_media":44228,"template":"","meta":{"_acf_changed":false,"wds_primary_classe-produit":0,"wds_primary_categories-produits":0,"wds_primary_thematique":0,"wds_primary_product_brand":0,"wds_primary_product_cat":0},"classe-produit":[325],"categories-produits":[],"thematique":[658,866,822,531,862,868,524],"product_brand":[],"class_list":{"0":"post-52905","1":"product","2":"type-product","3":"status-publish","4":"has-post-thumbnail","6":"classe-produit-jewelry","7":"thematique-afterworld","8":"thematique-aromatherapy","9":"thematique-magic-ceremonies-rituals","10":"thematique-natures-realm","11":"thematique-plants-trees-aromatherapy","12":"thematique-sage-purification","13":"thematique-souls-garden","15":"first","16":"instock","17":"taxable","18":"shipping-taxable","19":"product-type-simple"},"acf":{"modele_type":"blog","modele_email":"single","acf-general_shortdesc":"","modele_single":{"lead_magnet":"","lead_click":"","post_hasvideo":"no","video_associee":{"post_video":"","description_video":"","thumb_video":null}},"modele_default":{"desc":"","lead_click":"Clique ici pour plus d'information"},"modele_hook":{"image_height":null,"lead_magnet":"","key_phase":"","desc":"","lead_click":"Clique ici pour plus d'information"},"modele_bullets":{"image_height":null,"bullets":null,"lead_click":"Clique ici pour plus d'information"}},"_links":{"self":[{"href":"https:\/\/www.lessence-ciel.com\/en\/wp-json\/wp\/v2\/product\/52905","targetHints":{"allow":["GET"]}}],"collection":[{"href":"https:\/\/www.lessence-ciel.com\/en\/wp-json\/wp\/v2\/product"}],"about":[{"href":"https:\/\/www.lessence-ciel.com\/en\/wp-json\/wp\/v2\/types\/product"}],"wp:featuredmedia":[{"embeddable":true,"href":"https:\/\/www.lessence-ciel.com\/en\/wp-json\/wp\/v2\/media\/44228"}],"wp:attachment":[{"href":"https:\/\/www.lessence-ciel.com\/en\/wp-json\/wp\/v2\/media?parent=52905"}],"wp:term":[{"taxonomy":"classe-produit","embeddable":true,"href":"https:\/\/www.lessence-ciel.com\/en\/wp-json\/wp\/v2\/classe-produit?post=52905"},{"taxonomy":"categories-produits","embeddable":true,"href":"https:\/\/www.lessence-ciel.com\/en\/wp-json\/wp\/v2\/categories-produits?post=52905"},{"taxonomy":"thematique","embeddable":true,"href":"https:\/\/www.lessence-ciel.com\/en\/wp-json\/wp\/v2\/thematique?post=52905"},{"taxonomy":"product_brand","embeddable":true,"href":"https:\/\/www.lessence-ciel.com\/en\/wp-json\/wp\/v2\/product_brand?post=52905"}],"curies":[{"name":"wp","href":"https:\/\/api.w.org\/{rel}","templated":true}]}}