{"id":52911,"date":"2015-09-21T15:26:59","date_gmt":"2015-09-21T19:26:59","guid":{"rendered":"https:\/\/www.lessence-ciel.com\/products-store\/cartes-des-anges-et-des-pierres-precieuses-protectrices\/"},"modified":"2019-05-24T19:42:49","modified_gmt":"2019-05-24T23:42:49","slug":"cartes-des-anges-et-des-pierres-precieuses-protectrices","status":"publish","type":"product","link":"https:\/\/www.lessence-ciel.com\/en\/products-store\/cartes-des-anges-et-des-pierres-precieuses-protectrices\/","title":{"rendered":"Cartes des anges et des pierres pr\u00e9cieuses protectrices"},"content":{"rendered":"<p><a title=\"Margaret Ann Lembo\" href=\"http:\/\/www.margaretannlembo.com\/\" target=\"_blank\" rel=\"noopener noreferrer\">Margaret Ann Lembo <\/a><\/p>\n<p>Les pierres pr\u00e9cieuses sont des outils puissants qui vous guident vers une meilleure compr\u00e9hension de soi. Les couleurs et les formes des pierres vous apportent des messages motivants et gu\u00e9risseurs. Ce jeu de 44 cartes divinatoires par Margaret Ann Lembo vous familiarise avec 44 pierres pr\u00e9cieuses. Son utilisation permettra aux pierres pr\u00e9cieuses et aux anges de vous apporter des messages qui m\u00e8nent \u00e0 une conscience accrue. La pierre et le message associ\u00e9 sur le devant de la carte vous donnent une lecture. L&#8217;ange associ\u00e9 \u00e0 la pierre pr\u00e9cieuse, sur l&#8217;autre c\u00f4t\u00e9 de la carte, vous propose une affirmation positive pour vous aider \u00e0 transformer votre r\u00e9alit\u00e9. Utilis\u00e9 r\u00e9guli\u00e8rement, ce jeu divinatoire vous apportera la connaissance et vous offrira des conseils provenant des pierres pr\u00e9cieuses et des anges.<\/p>\n","protected":false},"excerpt":{"rendered":"<p>Margaret Ann Lembo Les pierres pr\u00e9cieuses sont des outils puissants qui vous guident vers une meilleure compr\u00e9hension de soi. Les couleurs et les formes des pierres vous apportent des messages motivants et gu\u00e9risseurs. Ce jeu de 44 cartes divinatoires par Margaret Ann Lembo vous familiarise avec 44 pierres pr\u00e9cieuses. Son [&hellip;]<\/p>\n","protected":false},"featured_media":63058,"template":"","meta":{"_acf_changed":false,"wds_primary_classe-produit":0,"wds_primary_categories-produits":0,"wds_primary_thematique":0,"wds_primary_product_brand":0,"wds_primary_product_cat":0},"classe-produit":[380,366],"categories-produits":[],"thematique":[529,747,745,872,913,931,533,531],"product_brand":[],"class_list":{"0":"post-52911","1":"product","2":"type-product","3":"status-publish","4":"has-post-thumbnail","6":"classe-produit-oracles-en","7":"classe-produit-visionary-tools","8":"thematique-angels-world","9":"thematique-angels","10":"thematique-angels-archangels","11":"thematique-crystals-semi-precious-stones","12":"thematique-divination-oracles","13":"thematique-intuition-psychic-development-mediums","14":"thematique-minds-sanctuary","15":"thematique-natures-realm","17":"first","18":"instock","19":"taxable","20":"shipping-taxable","21":"purchasable","22":"product-type-simple"},"acf":{"modele_type":"blog","modele_email":"single","acf-general_shortdesc":"","modele_single":{"lead_magnet":"","lead_click":"","post_hasvideo":"no","video_associee":{"post_video":"","description_video":"","thumb_video":null}},"modele_default":{"desc":"","lead_click":"Clique ici pour plus d'information"},"modele_hook":{"image_height":null,"lead_magnet":"","key_phase":"","desc":"","lead_click":"Clique ici pour plus d'information"},"modele_bullets":{"image_height":null,"bullets":null,"lead_click":"Clique ici pour plus d'information"}},"_links":{"self":[{"href":"https:\/\/www.lessence-ciel.com\/en\/wp-json\/wp\/v2\/product\/52911","targetHints":{"allow":["GET"]}}],"collection":[{"href":"https:\/\/www.lessence-ciel.com\/en\/wp-json\/wp\/v2\/product"}],"about":[{"href":"https:\/\/www.lessence-ciel.com\/en\/wp-json\/wp\/v2\/types\/product"}],"wp:featuredmedia":[{"embeddable":true,"href":"https:\/\/www.lessence-ciel.com\/en\/wp-json\/wp\/v2\/media\/63058"}],"wp:attachment":[{"href":"https:\/\/www.lessence-ciel.com\/en\/wp-json\/wp\/v2\/media?parent=52911"}],"wp:term":[{"taxonomy":"classe-produit","embeddable":true,"href":"https:\/\/www.lessence-ciel.com\/en\/wp-json\/wp\/v2\/classe-produit?post=52911"},{"taxonomy":"categories-produits","embeddable":true,"href":"https:\/\/www.lessence-ciel.com\/en\/wp-json\/wp\/v2\/categories-produits?post=52911"},{"taxonomy":"thematique","embeddable":true,"href":"https:\/\/www.lessence-ciel.com\/en\/wp-json\/wp\/v2\/thematique?post=52911"},{"taxonomy":"product_brand","embeddable":true,"href":"https:\/\/www.lessence-ciel.com\/en\/wp-json\/wp\/v2\/product_brand?post=52911"}],"curies":[{"name":"wp","href":"https:\/\/api.w.org\/{rel}","templated":true}]}}