{"id":52916,"date":"2015-09-21T14:00:14","date_gmt":"2015-09-21T18:00:14","guid":{"rendered":"https:\/\/www.lessence-ciel.com\/products-store\/le-tarot-des-chats-mystiques\/"},"modified":"2019-05-24T16:38:04","modified_gmt":"2019-05-24T20:38:04","slug":"le-tarot-des-chats-mystiques","status":"publish","type":"product","link":"https:\/\/www.lessence-ciel.com\/en\/products-store\/le-tarot-des-chats-mystiques\/","title":{"rendered":"Le tarot des chats mystiques"},"content":{"rendered":"<p><a title=\"Lunea Weatherstone\" href=\"http:\/\/www.lunaea.com\/\" target=\"_blank\" rel=\"noopener noreferrer\">Lunaea Weatherstone<\/a><\/p>\n<p>Faites un bond dans le monde de l\u2019enchantement f\u00e9lin \u2022 \u2022 \u2022 \u2022 D\u00e9couvrez ces chats mystiques dans toute leur gloire poilue! Tous ceux et celles qui ont d\u00e9j\u00e0 poss\u00e9d\u00e9 \u2014 ou \u00e9t\u00e9 poss\u00e9d\u00e9s par \u2014 un chat, connaissent sa nature sauvage et magique. De tout temps, nous avons cherch\u00e9 \u00e0 comprendre les secrets f\u00e9lins, et d\u00e9sormais, vous pourrez avoir un aper\u00e7u de leur monde, gr\u00e2ce \u00e0 ce jeu bas\u00e9 sur le mod\u00e8le Rider- Waite et son guide d\u2019accompagnement. Fournissant des r\u00e9ponses \u00e0 vos questions les plus cruciales, le magnifique Tarot des chats mystiques pr\u00e9sente des races domestiques qui ressemblent \u00e0 des chats normaux et se comportent comme eux, tout en offrant des le\u00e7ons de vie \u00e0 travers les difficult\u00e9s auxquels ils sont confront\u00e9s. Avec un arcane majeur r\u00e9interpr\u00e9t\u00e9 sous forme de myst\u00e8res des chats et un arcane mineur qui pr\u00e9sente les clans de chats de la terre, de la mer, du feu et du ciel, cet amusant jeu pr\u00e9sente les descendants de la d\u00e9esse des chats dans toute leur splendeur.<\/p>\n","protected":false},"excerpt":{"rendered":"<p>Lunaea Weatherstone Faites un bond dans le monde de l\u2019enchantement f\u00e9lin \u2022 \u2022 \u2022 \u2022 D\u00e9couvrez ces chats mystiques dans toute leur gloire poilue! Tous ceux et celles qui ont d\u00e9j\u00e0 poss\u00e9d\u00e9 \u2014 ou \u00e9t\u00e9 poss\u00e9d\u00e9s par \u2014 un chat, connaissent sa nature sauvage et magique. De tout temps, nous [&hellip;]<\/p>\n","protected":false},"featured_media":64948,"template":"","meta":{"_acf_changed":false,"wds_primary_classe-produit":0,"wds_primary_categories-produits":0,"wds_primary_thematique":0,"wds_primary_product_brand":0,"wds_primary_product_cat":0},"classe-produit":[374,366],"categories-produits":[],"thematique":[913,931,533,923],"product_brand":[],"class_list":{"0":"post-52916","1":"product","2":"type-product","3":"status-publish","4":"has-post-thumbnail","6":"classe-produit-tarots","7":"classe-produit-visionary-tools","8":"thematique-divination-oracles","9":"thematique-intuition-psychic-development-mediums","10":"thematique-minds-sanctuary","11":"thematique-tarot","13":"first","14":"instock","15":"taxable","16":"shipping-taxable","17":"purchasable","18":"product-type-simple"},"acf":{"modele_type":"blog","modele_email":"single","acf-general_shortdesc":"","modele_single":{"lead_magnet":"","lead_click":"","post_hasvideo":"no","video_associee":{"post_video":"","description_video":"","thumb_video":null}},"modele_default":{"desc":"","lead_click":"Clique ici pour plus d'information"},"modele_hook":{"image_height":null,"lead_magnet":"","key_phase":"","desc":"","lead_click":"Clique ici pour plus d'information"},"modele_bullets":{"image_height":null,"bullets":null,"lead_click":"Clique ici pour plus d'information"}},"_links":{"self":[{"href":"https:\/\/www.lessence-ciel.com\/en\/wp-json\/wp\/v2\/product\/52916","targetHints":{"allow":["GET"]}}],"collection":[{"href":"https:\/\/www.lessence-ciel.com\/en\/wp-json\/wp\/v2\/product"}],"about":[{"href":"https:\/\/www.lessence-ciel.com\/en\/wp-json\/wp\/v2\/types\/product"}],"wp:featuredmedia":[{"embeddable":true,"href":"https:\/\/www.lessence-ciel.com\/en\/wp-json\/wp\/v2\/media\/64948"}],"wp:attachment":[{"href":"https:\/\/www.lessence-ciel.com\/en\/wp-json\/wp\/v2\/media?parent=52916"}],"wp:term":[{"taxonomy":"classe-produit","embeddable":true,"href":"https:\/\/www.lessence-ciel.com\/en\/wp-json\/wp\/v2\/classe-produit?post=52916"},{"taxonomy":"categories-produits","embeddable":true,"href":"https:\/\/www.lessence-ciel.com\/en\/wp-json\/wp\/v2\/categories-produits?post=52916"},{"taxonomy":"thematique","embeddable":true,"href":"https:\/\/www.lessence-ciel.com\/en\/wp-json\/wp\/v2\/thematique?post=52916"},{"taxonomy":"product_brand","embeddable":true,"href":"https:\/\/www.lessence-ciel.com\/en\/wp-json\/wp\/v2\/product_brand?post=52916"}],"curies":[{"name":"wp","href":"https:\/\/api.w.org\/{rel}","templated":true}]}}