{"id":52920,"date":"2015-09-20T10:53:22","date_gmt":"2015-09-20T14:53:22","guid":{"rendered":"https:\/\/www.lessence-ciel.com\/products-store\/le-tarot-des-sorcieres\/"},"modified":"2019-05-24T16:34:01","modified_gmt":"2019-05-24T20:34:01","slug":"le-tarot-des-sorcieres","status":"publish","type":"product","link":"https:\/\/www.lessence-ciel.com\/en\/products-store\/le-tarot-des-sorcieres\/","title":{"rendered":"Le tarot des sorci\u00e8res"},"content":{"rendered":"<p><a title=\"Ellen Dugan\" href=\"http:\/\/www.ellendugan.com\/\" target=\"_blank\" rel=\"noopener noreferrer\">Ellen Dugan<\/a><\/p>\n<p>Entrez dans le monde de la sorci\u00e8re Ici, le Pape devient le Grand pr\u00eatre, la Roue de Fortune se change en Roue de l\u2019ann\u00e9e, et le Jugement devient le Karma. Con\u00e7u par Ellen Dugan, sorci\u00e8re et cartomancienne hautement respect\u00e9e, ce magnifique jeu bas\u00e9 sur le jeu traditionnel de Rider-Waite-Smith est pourvu d\u2019images qui parlent au praticien de la Magie d\u2019aujourd\u2019hui. La sorcellerie y occupe le devant de la sc\u00e8ne. Mettant en valeur l\u2019oeuvre \u00e9clatante de l\u2019artiste prim\u00e9 Mark Evans, Le tarot des sorci\u00e8res est la combinaison parfaite du tarot et de l\u2019Art. Outre les descriptions et les significations des lames, le manuel d\u2019Ellen Dugan comporte des tirages visant \u00e0 am\u00e9liorer les sortil\u00e8ges \u2014 tels que le tirage de la Triple D\u00e9esse, le tirage des quatre \u00e9l\u00e9ments et le tirage de la Roue de l\u2019ann\u00e9e \u2014 que vous pouvez utiliser dans vos tirages de tarot et dans votre pratique de la Magie.<\/p>\n","protected":false},"excerpt":{"rendered":"<p>Ellen Dugan Entrez dans le monde de la sorci\u00e8re Ici, le Pape devient le Grand pr\u00eatre, la Roue de Fortune se change en Roue de l\u2019ann\u00e9e, et le Jugement devient le Karma. Con\u00e7u par Ellen Dugan, sorci\u00e8re et cartomancienne hautement respect\u00e9e, ce magnifique jeu bas\u00e9 sur le jeu traditionnel de [&hellip;]<\/p>\n","protected":false},"featured_media":64947,"template":"","meta":{"_acf_changed":false,"wds_primary_classe-produit":0,"wds_primary_categories-produits":0,"wds_primary_thematique":0,"wds_primary_product_brand":0,"wds_primary_product_cat":0},"classe-produit":[374,366],"categories-produits":[],"thematique":[913,931,822,533,531,923],"product_brand":[],"class_list":{"0":"post-52920","1":"product","2":"type-product","3":"status-publish","4":"has-post-thumbnail","6":"classe-produit-tarots","7":"classe-produit-visionary-tools","8":"thematique-divination-oracles","9":"thematique-intuition-psychic-development-mediums","10":"thematique-magic-ceremonies-rituals","11":"thematique-minds-sanctuary","12":"thematique-natures-realm","13":"thematique-tarot","15":"first","16":"instock","17":"taxable","18":"shipping-taxable","19":"purchasable","20":"product-type-simple"},"acf":{"modele_type":"blog","modele_email":"single","acf-general_shortdesc":"","modele_single":{"lead_magnet":"","lead_click":"","post_hasvideo":"no","video_associee":{"post_video":"","description_video":"","thumb_video":null}},"modele_default":{"desc":"","lead_click":"Clique ici pour plus d'information"},"modele_hook":{"image_height":null,"lead_magnet":"","key_phase":"","desc":"","lead_click":"Clique ici pour plus d'information"},"modele_bullets":{"image_height":null,"bullets":null,"lead_click":"Clique ici pour plus d'information"}},"_links":{"self":[{"href":"https:\/\/www.lessence-ciel.com\/en\/wp-json\/wp\/v2\/product\/52920","targetHints":{"allow":["GET"]}}],"collection":[{"href":"https:\/\/www.lessence-ciel.com\/en\/wp-json\/wp\/v2\/product"}],"about":[{"href":"https:\/\/www.lessence-ciel.com\/en\/wp-json\/wp\/v2\/types\/product"}],"wp:featuredmedia":[{"embeddable":true,"href":"https:\/\/www.lessence-ciel.com\/en\/wp-json\/wp\/v2\/media\/64947"}],"wp:attachment":[{"href":"https:\/\/www.lessence-ciel.com\/en\/wp-json\/wp\/v2\/media?parent=52920"}],"wp:term":[{"taxonomy":"classe-produit","embeddable":true,"href":"https:\/\/www.lessence-ciel.com\/en\/wp-json\/wp\/v2\/classe-produit?post=52920"},{"taxonomy":"categories-produits","embeddable":true,"href":"https:\/\/www.lessence-ciel.com\/en\/wp-json\/wp\/v2\/categories-produits?post=52920"},{"taxonomy":"thematique","embeddable":true,"href":"https:\/\/www.lessence-ciel.com\/en\/wp-json\/wp\/v2\/thematique?post=52920"},{"taxonomy":"product_brand","embeddable":true,"href":"https:\/\/www.lessence-ciel.com\/en\/wp-json\/wp\/v2\/product_brand?post=52920"}],"curies":[{"name":"wp","href":"https:\/\/api.w.org\/{rel}","templated":true}]}}