{"id":52921,"date":"2015-09-17T17:01:54","date_gmt":"2015-09-17T21:01:54","guid":{"rendered":"https:\/\/www.lessence-ciel.com\/products-store\/le-tarot-du-pouvoir-des-archanges\/"},"modified":"2019-05-24T16:27:50","modified_gmt":"2019-05-24T20:27:50","slug":"le-tarot-du-pouvoir-des-archanges","status":"publish","type":"product","link":"https:\/\/www.lessence-ciel.com\/en\/products-store\/le-tarot-du-pouvoir-des-archanges\/","title":{"rendered":"Le Tarot du pouvoir des Archanges"},"content":{"rendered":"<p><a title=\"Doreen Virtue\" href=\"http:\/\/www.angeltherapy.com\/\">Doreen Virtue<\/a><\/p>\n<p><a title=\"Radleigh Valentine\" href=\"http:\/\/http:\/\/radleighvalentine.com\/\" target=\"_blank\" rel=\"noopener noreferrer\">Radleigh Valentine<\/a><\/p>\n<p>Il ne suffit pas de recevoir des r\u00e9ponses, il faut aussi du courage, de la motivation et la capacit\u00e9 de prendre des mesures d\u00e9cisives fond\u00e9es sur ces r\u00e9ponses. Vous pouvez maintenant recevoir des messages pr\u00e9cis et bienveillants et obtenir la confiance n\u00e9cessaire pour passer \u00e0 l\u2019action! Vous vous sentirez encourag\u00e9 \u00e0 aller de l\u2019avant en faisant des choix de vie positifs gr\u00e2ce au soutien des archanges qui vous guideront dans ce jeu. Doreen Virtue et Radleigh Valentine ont cr\u00e9\u00e9 un jeu de 78 cartes et un livret d\u2019accompagnement \u2014 qui contiennent la magie du tarot traditionnel avec des mots inspirants et de magnifiques images \u2014 pour les gens d\u2019une grande sensibilit\u00e9 qui ont besoin d\u2019encouragement afin de mettre en pratique les messages divins.<\/p>\n","protected":false},"excerpt":{"rendered":"<p>Doreen Virtue Radleigh Valentine Il ne suffit pas de recevoir des r\u00e9ponses, il faut aussi du courage, de la motivation et la capacit\u00e9 de prendre des mesures d\u00e9cisives fond\u00e9es sur ces r\u00e9ponses. Vous pouvez maintenant recevoir des messages pr\u00e9cis et bienveillants et obtenir la confiance n\u00e9cessaire pour passer \u00e0 l\u2019action! [&hellip;]<\/p>\n","protected":false},"featured_media":64946,"template":"","meta":{"_acf_changed":false,"wds_primary_classe-produit":0,"wds_primary_categories-produits":0,"wds_primary_thematique":0,"wds_primary_product_brand":0,"wds_primary_product_cat":0},"classe-produit":[374,366],"categories-produits":[],"thematique":[529,745,913,533,923],"product_brand":[],"class_list":{"0":"post-52921","1":"product","2":"type-product","3":"status-publish","4":"has-post-thumbnail","6":"classe-produit-tarots","7":"classe-produit-visionary-tools","8":"thematique-angels-world","9":"thematique-angels-archangels","10":"thematique-divination-oracles","11":"thematique-minds-sanctuary","12":"thematique-tarot","14":"first","15":"instock","16":"taxable","17":"shipping-taxable","18":"purchasable","19":"product-type-simple"},"acf":{"modele_type":"blog","modele_email":"single","acf-general_shortdesc":"","modele_single":{"lead_magnet":"","lead_click":"","post_hasvideo":"no","video_associee":{"post_video":"","description_video":"","thumb_video":null}},"modele_default":{"desc":"","lead_click":"Clique ici pour plus d'information"},"modele_hook":{"image_height":null,"lead_magnet":"","key_phase":"","desc":"","lead_click":"Clique ici pour plus d'information"},"modele_bullets":{"image_height":null,"bullets":null,"lead_click":"Clique ici pour plus d'information"}},"_links":{"self":[{"href":"https:\/\/www.lessence-ciel.com\/en\/wp-json\/wp\/v2\/product\/52921","targetHints":{"allow":["GET"]}}],"collection":[{"href":"https:\/\/www.lessence-ciel.com\/en\/wp-json\/wp\/v2\/product"}],"about":[{"href":"https:\/\/www.lessence-ciel.com\/en\/wp-json\/wp\/v2\/types\/product"}],"wp:featuredmedia":[{"embeddable":true,"href":"https:\/\/www.lessence-ciel.com\/en\/wp-json\/wp\/v2\/media\/64946"}],"wp:attachment":[{"href":"https:\/\/www.lessence-ciel.com\/en\/wp-json\/wp\/v2\/media?parent=52921"}],"wp:term":[{"taxonomy":"classe-produit","embeddable":true,"href":"https:\/\/www.lessence-ciel.com\/en\/wp-json\/wp\/v2\/classe-produit?post=52921"},{"taxonomy":"categories-produits","embeddable":true,"href":"https:\/\/www.lessence-ciel.com\/en\/wp-json\/wp\/v2\/categories-produits?post=52921"},{"taxonomy":"thematique","embeddable":true,"href":"https:\/\/www.lessence-ciel.com\/en\/wp-json\/wp\/v2\/thematique?post=52921"},{"taxonomy":"product_brand","embeddable":true,"href":"https:\/\/www.lessence-ciel.com\/en\/wp-json\/wp\/v2\/product_brand?post=52921"}],"curies":[{"name":"wp","href":"https:\/\/api.w.org\/{rel}","templated":true}]}}